{"id":710548,"date":"2025-08-27T16:37:09","date_gmt":"2025-08-27T13:37:09","guid":{"rendered":"https:\/\/roveyayinevi.com.tr\/index.php\/urun\/dusunceler-3\/"},"modified":"2026-04-16T02:19:20","modified_gmt":"2026-04-15T23:19:20","slug":"dusunceler-3","status":"publish","type":"product","link":"https:\/\/roveyayinevi.com.tr\/index.php\/urun\/dusunceler-3\/","title":{"rendered":"D\u00fc\u015f\u00fcnceler"},"content":{"rendered":"<p>Blaise Pascal (1623-1662): Frans\u0131z matematik\u00e7i, fizik\u00e7i,filozof ve yazar. Yazmaya ba\u015flad\u0131\u011f\u0131nda on bir ya\u015f\u0131ndayd\u0131.Kendi kendine geometri \u00f6\u011frendi ve on alt\u0131 ya\u015f\u0131nda Essaisur Les Coniques\u2019i [Koniler \u00dczerine Deneme] yazd\u0131.Maliyede \u00e7al\u0131\u015fan babas\u0131na yard\u0131m etmek i\u00e7in, bug\u00fcnilk hesap makinesi kabul edilen, bir aritmetik makinesitasarlad\u0131. Bug\u00fcn \u201cintegral\u201d olarak adland\u0131rd\u0131\u011f\u0131m\u0131zy\u00f6ntemi kullanarak sikloid problemini \u00e7\u00f6zd\u00fc. \u201cBo\u015fluk\u201dmeselesi \u00fczerinde \u00e7al\u0131\u015ft\u0131, bu konuda deneme ve incelemeleryazd\u0131. Paris\u2019te ilk omnib\u00fcs hatt\u0131n\u0131n kurulmas\u0131 gibi pratikmeselelerle de ilgilendi. 1652\u2019de Port-Royal Manast\u0131r\u0131\u2019nagirdi ve kendini bilime adad\u0131. Lettres Provinciales\u2019\u0131 [Ta\u015fraMektuplar\u0131] ve 1664\u2019te kendisini b\u00fct\u00fcn\u00fcyle Tanr\u0131\u2019ya adamakarar\u0131n\u0131n neticesi olan Apologie de la Religion Chr\u00e9tienne\u2019i[Hristiyan Dininin Savunmas\u0131] yazd\u0131. En b\u00fcy\u00fck eseriD\u00fc\u015f\u00fcnceler, \u00f6l\u00fcm\u00fcnden sonra yak\u0131nlar\u0131n\u0131n \u00e7abas\u0131yla1670\u2019te ilk kez kitapla\u015ft\u0131r\u0131ld\u0131. Modern akl\u0131 tatmin etmesizor g\u00f6r\u00fcnen tezlerine ra\u011fmen, yazar\u0131n\u0131 bug\u00fcne ta\u015f\u0131m\u0131\u015f bir i\u00e7g\u00f6r\u00fc, ilhamla, \u015fa\u015f\u0131rt\u0131c\u0131 g\u00f6zlemlerle dolu olan D\u00fc\u015f\u00fcncelerT\u00fcrk\u00e7ede ilk kez tam metniyle Hasan \u00c2li Y\u00fccel Klasikler Dizisi\u2019nde. <\/p>\n","protected":false},"excerpt":{"rendered":"<p>Blaise Pascal (1623-1662): Frans\u0131z matematik\u00e7i, fizik\u00e7i,filozof ve yazar. Yazmaya ba\u015flad\u0131\u011f\u0131nda on bir ya\u015f\u0131ndayd\u0131.Kendi kendine geometri \u00f6\u011frendi ve on alt\u0131 ya\u015f\u0131nda Essaisur Les Coniques\u2019i [Koniler \u00dczerine Deneme]<span class=\"excerpt-hellip\"> [\u2026]<\/span><\/p>\n","protected":false},"featured_media":0,"template":"","meta":{"_monsterinsights_skip_tracking":false,"_monsterinsights_sitenote_active":false,"_monsterinsights_sitenote_note":"","_monsterinsights_sitenote_category":0},"product_brand":[],"product_cat":[12312,12304],"product_tag":[],"class_list":{"0":"post-710548","1":"product","2":"type-product","3":"status-publish","5":"product_cat-diger","6":"product_cat-tarih","7":"pa_cilt-ciltsiz","8":"pa_tur-kitap","9":"pa_yayinevi-is-bankasi-kultur-yayinlari","10":"pa_yazar-pascal","12":"first","13":"instock","14":"sale","15":"shipping-taxable","16":"purchasable","17":"product-type-simple"},"_links":{"self":[{"href":"https:\/\/roveyayinevi.com.tr\/index.php\/wp-json\/wp\/v2\/product\/710548","targetHints":{"allow":["GET"]}}],"collection":[{"href":"https:\/\/roveyayinevi.com.tr\/index.php\/wp-json\/wp\/v2\/product"}],"about":[{"href":"https:\/\/roveyayinevi.com.tr\/index.php\/wp-json\/wp\/v2\/types\/product"}],"wp:attachment":[{"href":"https:\/\/roveyayinevi.com.tr\/index.php\/wp-json\/wp\/v2\/media?parent=710548"}],"wp:term":[{"taxonomy":"product_brand","embeddable":true,"href":"https:\/\/roveyayinevi.com.tr\/index.php\/wp-json\/wp\/v2\/product_brand?post=710548"},{"taxonomy":"product_cat","embeddable":true,"href":"https:\/\/roveyayinevi.com.tr\/index.php\/wp-json\/wp\/v2\/product_cat?post=710548"},{"taxonomy":"product_tag","embeddable":true,"href":"https:\/\/roveyayinevi.com.tr\/index.php\/wp-json\/wp\/v2\/product_tag?post=710548"}],"curies":[{"name":"wp","href":"https:\/\/api.w.org\/{rel}","templated":true}]}}