{"id":710545,"date":"2025-08-27T16:37:08","date_gmt":"2025-08-27T13:37:08","guid":{"rendered":"https:\/\/roveyayinevi.com.tr\/index.php\/urun\/narkoz\/"},"modified":"2026-04-16T02:19:20","modified_gmt":"2026-04-15T23:19:20","slug":"narkoz","status":"publish","type":"product","link":"https:\/\/roveyayinevi.com.tr\/index.php\/urun\/narkoz\/","title":{"rendered":"Narkoz"},"content":{"rendered":"<p>NARKOZ, yakla\u015f\u0131k y\u00fcz elli y\u0131ld\u0131r finans elitler ile devletler aras\u0131nda oynanan bir oyunun ve bunun fark\u0131na varamayan narkozlanm\u0131\u015f beyinlerin hik\u00e2yesidir. Her t\u00fcrl\u00fc arac\u0131n en ac\u0131mas\u0131z \u015fekillerde kullan\u0131ld\u0131\u011f\u0131 bu oyunun ard\u0131nda tabii ki b\u00fct\u00fcn oyunlarda oldu\u011fu gibi bankerlerin parma\u011f\u0131 var. K\u00fcreselle\u015fme en \u00e7ok onlar\u0131n i\u015fine yarad\u0131. Bili\u015fim teknolojisi emirlerinde. D\u00fcnyan\u0131n her yerine bor\u00e7 verip onlar\u0131 s\u00f6m\u00fcrecek ve k\u00f6lele\u015ftirecek g\u00fcce ula\u015ft\u0131lar. Bug\u00fcn, k\u00fcresel finans elitler, m\u00fckemmel bir network olu\u015fturdular. Bu sayede son yar\u0131m as\u0131rd\u0131r, bu oyunun kazanan\u0131 net olarak bankerlerdir. Daha spesifik bir ifadeyle k\u00fcresel finans elitlerdir. \u00c7\u00fcnk\u00fc bunlar, ellerindeki s\u0131n\u0131rs\u0131z para imk\u00e2nlar\u0131yla her t\u00fcrl\u00fc projeyi ger\u00e7ekle\u015ftirebilecek kabiliyettedirler. \u0130\u015fte \u015fimdi \u00fclkemiz de bu oyun i\u00e7erisinde \u00f6yle bir kav\u015fa\u011fa ula\u015ft\u0131 ki bu noktadan itibaren tercih edilecek yol, kaderimizi belirleyecektir. Bu oyunda \u00f6n\u00fcm\u00fczdeki 3-5 y\u0131l, \u00fclkenin 40-50 y\u0131l\u0131n\u0131 tayin edecektir. <\/p>\n","protected":false},"excerpt":{"rendered":"<p>NARKOZ, yakla\u015f\u0131k y\u00fcz elli y\u0131ld\u0131r finans elitler ile devletler aras\u0131nda oynanan bir oyunun ve bunun fark\u0131na varamayan narkozlanm\u0131\u015f beyinlerin hik\u00e2yesidir. Her t\u00fcrl\u00fc arac\u0131n en ac\u0131mas\u0131z \u015fekillerde<span class=\"excerpt-hellip\"> [\u2026]<\/span><\/p>\n","protected":false},"featured_media":0,"template":"","meta":{"_monsterinsights_skip_tracking":false,"_monsterinsights_sitenote_active":false,"_monsterinsights_sitenote_note":"","_monsterinsights_sitenote_category":0},"product_brand":[],"product_cat":[13590,12337],"product_tag":[],"class_list":{"0":"post-710545","1":"product","2":"type-product","3":"status-publish","5":"product_cat-arastirma-inceleme-politika-siyaset","6":"product_cat-politika-siyaset","7":"pa_cilt-ciltsiz","8":"pa_tur-kitap","9":"pa_yayinevi-destek-yayinlari","10":"pa_yazar-mete-gundogan","12":"first","13":"instock","14":"sale","15":"shipping-taxable","16":"purchasable","17":"product-type-simple"},"_links":{"self":[{"href":"https:\/\/roveyayinevi.com.tr\/index.php\/wp-json\/wp\/v2\/product\/710545","targetHints":{"allow":["GET"]}}],"collection":[{"href":"https:\/\/roveyayinevi.com.tr\/index.php\/wp-json\/wp\/v2\/product"}],"about":[{"href":"https:\/\/roveyayinevi.com.tr\/index.php\/wp-json\/wp\/v2\/types\/product"}],"wp:attachment":[{"href":"https:\/\/roveyayinevi.com.tr\/index.php\/wp-json\/wp\/v2\/media?parent=710545"}],"wp:term":[{"taxonomy":"product_brand","embeddable":true,"href":"https:\/\/roveyayinevi.com.tr\/index.php\/wp-json\/wp\/v2\/product_brand?post=710545"},{"taxonomy":"product_cat","embeddable":true,"href":"https:\/\/roveyayinevi.com.tr\/index.php\/wp-json\/wp\/v2\/product_cat?post=710545"},{"taxonomy":"product_tag","embeddable":true,"href":"https:\/\/roveyayinevi.com.tr\/index.php\/wp-json\/wp\/v2\/product_tag?post=710545"}],"curies":[{"name":"wp","href":"https:\/\/api.w.org\/{rel}","templated":true}]}}