{"id":710544,"date":"2025-08-27T16:37:07","date_gmt":"2025-08-27T13:37:07","guid":{"rendered":"https:\/\/roveyayinevi.com.tr\/index.php\/urun\/vakitsiz-kaybedenler\/"},"modified":"2026-04-16T02:19:20","modified_gmt":"2026-04-15T23:19:20","slug":"vakitsiz-kaybedenler","status":"publish","type":"product","link":"https:\/\/roveyayinevi.com.tr\/index.php\/urun\/vakitsiz-kaybedenler\/","title":{"rendered":"Vakitsiz Kaybedenler"},"content":{"rendered":"<p>Ya zihnimiz bize kullanmayal\u0131m diye verildiyse! Ruh u\u00e7ar, zihin \u00e7al\u0131\u015f\u0131r, beden s\u00fcr\u00fcn\u00fcr. Ku\u015f ruhtur, kar\u0131nca zihin, solucan beden&#8230;   Ya sen? Topra\u011f\u0131n alt\u0131nda s\u00fcr\u00fcnen solucan m\u0131s\u0131n, yerde gezinen kar\u0131nca m\u0131, yoksa havada u\u00e7an bir ku\u015f mu? Belki de ayakta uyuyan bir insans\u0131n, ya da her \u015feyi Yaratan\u2019s\u0131n.    Uyan art\u0131k! Ve kim oldu\u011funu hat\u0131rla&#8230;   Albert Karako, Kuledibi\u2019nde ba\u015flayan hayat yolculu\u011funu Alper Karak\u00f6y olarak devam ettirmek zorunda kald\u0131\u011f\u0131nda ge\u00e7mi\u015fini sorgulayacak ve bir g\u00fcn ba\u015f\u0131na gelen bir olay y\u00fcz\u00fcnden t\u00fcm ya\u015fam\u0131 de\u011fi\u015ferek vakitsiz kaybedenlerden olacakt\u0131. <\/p>\n","protected":false},"excerpt":{"rendered":"<p>Ya zihnimiz bize kullanmayal\u0131m diye verildiyse! Ruh u\u00e7ar, zihin \u00e7al\u0131\u015f\u0131r, beden s\u00fcr\u00fcn\u00fcr. Ku\u015f ruhtur, kar\u0131nca zihin, solucan beden&#8230; Ya sen? Topra\u011f\u0131n alt\u0131nda s\u00fcr\u00fcnen solucan m\u0131s\u0131n, yerde<span class=\"excerpt-hellip\"> [\u2026]<\/span><\/p>\n","protected":false},"featured_media":0,"template":"","meta":{"_monsterinsights_skip_tracking":false,"_monsterinsights_sitenote_active":false,"_monsterinsights_sitenote_note":"","_monsterinsights_sitenote_category":0},"product_brand":[],"product_cat":[12312,12304],"product_tag":[],"class_list":{"0":"post-710544","1":"product","2":"type-product","3":"status-publish","5":"product_cat-diger","6":"product_cat-tarih","7":"pa_cilt-ciltsiz","8":"pa_tur-kitap","9":"pa_yayinevi-destek-yayinlari","10":"pa_yazar-eddi-anter","12":"first","13":"instock","14":"sale","15":"shipping-taxable","16":"purchasable","17":"product-type-simple"},"_links":{"self":[{"href":"https:\/\/roveyayinevi.com.tr\/index.php\/wp-json\/wp\/v2\/product\/710544","targetHints":{"allow":["GET"]}}],"collection":[{"href":"https:\/\/roveyayinevi.com.tr\/index.php\/wp-json\/wp\/v2\/product"}],"about":[{"href":"https:\/\/roveyayinevi.com.tr\/index.php\/wp-json\/wp\/v2\/types\/product"}],"wp:attachment":[{"href":"https:\/\/roveyayinevi.com.tr\/index.php\/wp-json\/wp\/v2\/media?parent=710544"}],"wp:term":[{"taxonomy":"product_brand","embeddable":true,"href":"https:\/\/roveyayinevi.com.tr\/index.php\/wp-json\/wp\/v2\/product_brand?post=710544"},{"taxonomy":"product_cat","embeddable":true,"href":"https:\/\/roveyayinevi.com.tr\/index.php\/wp-json\/wp\/v2\/product_cat?post=710544"},{"taxonomy":"product_tag","embeddable":true,"href":"https:\/\/roveyayinevi.com.tr\/index.php\/wp-json\/wp\/v2\/product_tag?post=710544"}],"curies":[{"name":"wp","href":"https:\/\/api.w.org\/{rel}","templated":true}]}}