{"id":710543,"date":"2025-08-27T16:37:07","date_gmt":"2025-08-27T13:37:07","guid":{"rendered":"https:\/\/roveyayinevi.com.tr\/index.php\/urun\/babil-kitapligi-21-yannin-ulkesi\/"},"modified":"2026-04-16T02:19:20","modified_gmt":"2026-04-15T23:19:20","slug":"babil-kitapligi-21-yannin-ulkesi","status":"publish","type":"product","link":"https:\/\/roveyayinevi.com.tr\/index.php\/urun\/babil-kitapligi-21-yannin-ulkesi\/","title":{"rendered":"Babil Kitapl\u0131\u011f\u0131 21 &#8211; Yann&#8217;\u0131n \u00dclkesi"},"content":{"rendered":"<p>\u201cAd\u0131 dile d\u00fc\u015fm\u00fc\u015f ve kendini adam\u0131\u015f yazarlar\u0131n ya da ait olabilecekleri bir grup olu\u015fturmaya \u00e7abalayan, bir grubun tap\u0131lan ki\u015fisi olmay\u0131 arzulayan entrikac\u0131 yazarlar\u0131n \u00e7a\u011f\u0131nda, orta\u00e7a\u011f\u0131n halk \u015fairlerinin \u00f6zelliklerini ta\u015f\u0131yan ve kendini b\u00fcy\u00fck mutlulukla d\u00fc\u015flere terk eden Lord Dunsany\u2019nin ortaya \u00e7\u0131k\u0131\u015f\u0131 al\u0131\u015f\u0131lmad\u0131k bir olayd\u0131r. \u0130\u00e7inde bulundu\u011fu \u015fartlardan ka\u00e7mad\u0131. Bir eylem adam\u0131 ve askerdi ama her \u015feyden \u00f6nce ya\u015fam\u0131n\u0131n gizli \u00f6z\u00fcn\u00fc olu\u015fturan \u00e7\u0131lg\u0131n bir evrenin, ki\u015fisel krall\u0131\u011f\u0131n\u0131n yarat\u0131c\u0131s\u0131yd\u0131.\u201d Jorge Luis Borges <\/p>\n","protected":false},"excerpt":{"rendered":"<p>\u201cAd\u0131 dile d\u00fc\u015fm\u00fc\u015f ve kendini adam\u0131\u015f yazarlar\u0131n ya da ait olabilecekleri bir grup olu\u015fturmaya \u00e7abalayan, bir grubun tap\u0131lan ki\u015fisi olmay\u0131 arzulayan entrikac\u0131 yazarlar\u0131n \u00e7a\u011f\u0131nda, orta\u00e7a\u011f\u0131n halk<span class=\"excerpt-hellip\"> [\u2026]<\/span><\/p>\n","protected":false},"featured_media":0,"template":"","meta":{"_monsterinsights_skip_tracking":false,"_monsterinsights_sitenote_active":false,"_monsterinsights_sitenote_note":"","_monsterinsights_sitenote_category":0},"product_brand":[],"product_cat":[12291,12711],"product_tag":[],"class_list":{"0":"post-710543","1":"product","2":"type-product","3":"status-publish","5":"product_cat-edebiyat","6":"product_cat-roman-oyku","7":"pa_cilt-ciltsiz","8":"pa_tur-kitap","9":"pa_yayinevi-kirmizi-kedi-yayinevi","10":"pa_yazar-lord-dunsany","12":"first","13":"instock","14":"sale","15":"shipping-taxable","16":"purchasable","17":"product-type-simple"},"_links":{"self":[{"href":"https:\/\/roveyayinevi.com.tr\/index.php\/wp-json\/wp\/v2\/product\/710543","targetHints":{"allow":["GET"]}}],"collection":[{"href":"https:\/\/roveyayinevi.com.tr\/index.php\/wp-json\/wp\/v2\/product"}],"about":[{"href":"https:\/\/roveyayinevi.com.tr\/index.php\/wp-json\/wp\/v2\/types\/product"}],"wp:attachment":[{"href":"https:\/\/roveyayinevi.com.tr\/index.php\/wp-json\/wp\/v2\/media?parent=710543"}],"wp:term":[{"taxonomy":"product_brand","embeddable":true,"href":"https:\/\/roveyayinevi.com.tr\/index.php\/wp-json\/wp\/v2\/product_brand?post=710543"},{"taxonomy":"product_cat","embeddable":true,"href":"https:\/\/roveyayinevi.com.tr\/index.php\/wp-json\/wp\/v2\/product_cat?post=710543"},{"taxonomy":"product_tag","embeddable":true,"href":"https:\/\/roveyayinevi.com.tr\/index.php\/wp-json\/wp\/v2\/product_tag?post=710543"}],"curies":[{"name":"wp","href":"https:\/\/api.w.org\/{rel}","templated":true}]}}