{"id":710541,"date":"2025-08-27T16:37:06","date_gmt":"2025-08-27T13:37:06","guid":{"rendered":"https:\/\/roveyayinevi.com.tr\/index.php\/urun\/burma-gunlukleri\/"},"modified":"2026-04-16T02:19:20","modified_gmt":"2026-04-15T23:19:20","slug":"burma-gunlukleri","status":"publish","type":"product","link":"https:\/\/roveyayinevi.com.tr\/index.php\/urun\/burma-gunlukleri\/","title":{"rendered":"Burma G\u00fcnl\u00fckleri"},"content":{"rendered":"<p>Guy Delisle, bu kitab\u0131nda Burma\u2019da (Myanmar olarak da bilinir) kar\u0131s\u0131 ve \u00e7ocu\u011fuyla ge\u00e7irdi\u011fi bir y\u0131la yak\u0131n bir zaman dilimini anlat\u0131yor. Burma\u2019n\u0131n \u201csosyal kontrol\u201d ad\u0131 alt\u0131nda gizleme ve izole etme konusunda k\u00f6t\u00fc bir \u015f\u00f6hreti var: Ellerinde makas olan g\u00f6revliler, gazeteleri sans\u00fcrl\u00fcyor; muhalefet lideri, on y\u0131ldan fazla s\u00fcredir ev hapsinde; isyanc\u0131lar\u0131n kontrol\u00fcndeki b\u00f6lgelerin d\u0131\u015f d\u00fcnyayla irtibat\u0131 yok ve en b\u00fcy\u00fck haber kayna\u011f\u0131, kulaktan kula\u011fa yay\u0131lan s\u00f6ylentiler&#8230; Etkili bir \u00e7izgi-gazetecilik \u00f6rne\u011fi olan Burma G\u00fcnl\u00fckleri, minimal anlat\u0131m\u0131yla hayran b\u0131rak\u0131yor, mizahi \u00fcslubuyla kahkahalar att\u0131r\u0131yor. <\/p>\n","protected":false},"excerpt":{"rendered":"<p>Guy Delisle, bu kitab\u0131nda Burma\u2019da (Myanmar olarak da bilinir) kar\u0131s\u0131 ve \u00e7ocu\u011fuyla ge\u00e7irdi\u011fi bir y\u0131la yak\u0131n bir zaman dilimini anlat\u0131yor. Burma\u2019n\u0131n \u201csosyal kontrol\u201d ad\u0131 alt\u0131nda gizleme<span class=\"excerpt-hellip\"> [\u2026]<\/span><\/p>\n","protected":false},"featured_media":0,"template":"","meta":{"_monsterinsights_skip_tracking":false,"_monsterinsights_sitenote_active":false,"_monsterinsights_sitenote_note":"","_monsterinsights_sitenote_category":0},"product_brand":[],"product_cat":[12689,12274],"product_tag":[],"class_list":{"0":"post-710541","1":"product","2":"type-product","3":"status-publish","5":"product_cat-cizgi-roman-cocuk-ve-genclik-kitaplari","6":"product_cat-cocuk-ve-genclik-kitaplari","7":"pa_cilt-ciltsiz","8":"pa_tur-kitap","9":"pa_yayinevi-kara-karga-yayinlari","10":"pa_yazar-guy-delisle","12":"first","13":"instock","14":"sale","15":"shipping-taxable","16":"purchasable","17":"product-type-simple"},"_links":{"self":[{"href":"https:\/\/roveyayinevi.com.tr\/index.php\/wp-json\/wp\/v2\/product\/710541","targetHints":{"allow":["GET"]}}],"collection":[{"href":"https:\/\/roveyayinevi.com.tr\/index.php\/wp-json\/wp\/v2\/product"}],"about":[{"href":"https:\/\/roveyayinevi.com.tr\/index.php\/wp-json\/wp\/v2\/types\/product"}],"wp:attachment":[{"href":"https:\/\/roveyayinevi.com.tr\/index.php\/wp-json\/wp\/v2\/media?parent=710541"}],"wp:term":[{"taxonomy":"product_brand","embeddable":true,"href":"https:\/\/roveyayinevi.com.tr\/index.php\/wp-json\/wp\/v2\/product_brand?post=710541"},{"taxonomy":"product_cat","embeddable":true,"href":"https:\/\/roveyayinevi.com.tr\/index.php\/wp-json\/wp\/v2\/product_cat?post=710541"},{"taxonomy":"product_tag","embeddable":true,"href":"https:\/\/roveyayinevi.com.tr\/index.php\/wp-json\/wp\/v2\/product_tag?post=710541"}],"curies":[{"name":"wp","href":"https:\/\/api.w.org\/{rel}","templated":true}]}}