{"id":710540,"date":"2025-08-27T16:37:05","date_gmt":"2025-08-27T13:37:05","guid":{"rendered":"https:\/\/roveyayinevi.com.tr\/index.php\/urun\/takimdan-ayri-duz-yazilar\/"},"modified":"2026-04-16T02:19:20","modified_gmt":"2026-04-15T23:19:20","slug":"takimdan-ayri-duz-yazilar","status":"publish","type":"product","link":"https:\/\/roveyayinevi.com.tr\/index.php\/urun\/takimdan-ayri-duz-yazilar\/","title":{"rendered":"Tak\u0131mdan Ayr\u0131 D\u00fcz Yaz\u0131lar"},"content":{"rendered":"<p>Tak\u0131mdan Ayr\u0131 D\u00fcz Yaz\u0131lar, tamamen ger\u00e7ek olaylardan yola \u00e7\u0131kan hik\u00e2yeler; r\u00f6portajl\u0131 futbol adam\u0131 portrelemeleri ve futbol \u00fczerine ak\u0131l y\u00fcr\u00fctmelerden olu\u015fuyor. B\u00fct\u00fcn yaz\u0131lar\u0131n ortak noktas\u0131 futbolu biraz daha sevmeniz ama daha da \u00f6nemlisi anlaman\u0131z umuduyla yaz\u0131lm\u0131\u015f olmalar\u0131. Kapitalizmin ve fanatizmin pen\u00e7esindeki de\u011fil; felsefesi, keyfi, e\u011flencesi ve g\u00fczellikleri olan futboldur tabii burada bahsedilen. Fena halde hayata benzeyen bir futbol, dolay\u0131s\u0131yla manip\u00fcle edilmemi\u015f, hormon kat\u0131lmam\u0131\u015f y\u00fczde y\u00fcz do\u011fal futbol. Bu kitapta idealize edilen amac\u0131n salt kazanmak olmad\u0131\u011f\u0131, hatta kazanman\u0131n ho\u015f bir bonus\u2019tan \u00f6teye gitmedi\u011fi bir oyundur. Elbette \u201ckazanma\u201d kavram\u0131n\u0131n her \u015feyin \u00fcst\u00fcnde bir mertebeye y\u00fcceltildi\u011fi; ba\u015far\u0131, cazibe, karizmayla e\u015fanlaml\u0131la\u015ft\u0131r\u0131ld\u0131\u011f\u0131 bir d\u00fcnyada bizimkisi hayal. Olsun, hayal de olsa ho\u015fuma gidiyor ve biliyorum ki yaln\u0131z de\u011filim. -Ege G\u00f6rg\u00fcn <\/p>\n","protected":false},"excerpt":{"rendered":"<p>Tak\u0131mdan Ayr\u0131 D\u00fcz Yaz\u0131lar, tamamen ger\u00e7ek olaylardan yola \u00e7\u0131kan hik\u00e2yeler; r\u00f6portajl\u0131 futbol adam\u0131 portrelemeleri ve futbol \u00fczerine ak\u0131l y\u00fcr\u00fctmelerden olu\u015fuyor. B\u00fct\u00fcn yaz\u0131lar\u0131n ortak noktas\u0131 futbolu biraz<span class=\"excerpt-hellip\"> [\u2026]<\/span><\/p>\n","protected":false},"featured_media":0,"template":"","meta":{"_monsterinsights_skip_tracking":false,"_monsterinsights_sitenote_active":false,"_monsterinsights_sitenote_note":"","_monsterinsights_sitenote_category":0},"product_brand":[],"product_cat":[12777,12291],"product_tag":[],"class_list":{"0":"post-710540","1":"product","2":"type-product","3":"status-publish","5":"product_cat-deneme","6":"product_cat-edebiyat","7":"pa_cilt-ciltsiz","8":"pa_tur-kitap","9":"pa_yayinevi-kara-karga-yayinlari","10":"pa_yazar-ege-gorgun","12":"first","13":"instock","14":"sale","15":"shipping-taxable","16":"purchasable","17":"product-type-simple"},"_links":{"self":[{"href":"https:\/\/roveyayinevi.com.tr\/index.php\/wp-json\/wp\/v2\/product\/710540","targetHints":{"allow":["GET"]}}],"collection":[{"href":"https:\/\/roveyayinevi.com.tr\/index.php\/wp-json\/wp\/v2\/product"}],"about":[{"href":"https:\/\/roveyayinevi.com.tr\/index.php\/wp-json\/wp\/v2\/types\/product"}],"wp:attachment":[{"href":"https:\/\/roveyayinevi.com.tr\/index.php\/wp-json\/wp\/v2\/media?parent=710540"}],"wp:term":[{"taxonomy":"product_brand","embeddable":true,"href":"https:\/\/roveyayinevi.com.tr\/index.php\/wp-json\/wp\/v2\/product_brand?post=710540"},{"taxonomy":"product_cat","embeddable":true,"href":"https:\/\/roveyayinevi.com.tr\/index.php\/wp-json\/wp\/v2\/product_cat?post=710540"},{"taxonomy":"product_tag","embeddable":true,"href":"https:\/\/roveyayinevi.com.tr\/index.php\/wp-json\/wp\/v2\/product_tag?post=710540"}],"curies":[{"name":"wp","href":"https:\/\/api.w.org\/{rel}","templated":true}]}}