{"id":710539,"date":"2025-08-27T16:37:05","date_gmt":"2025-08-27T13:37:05","guid":{"rendered":"https:\/\/roveyayinevi.com.tr\/index.php\/urun\/milli-hakimiyet-ve-hilafet\/"},"modified":"2026-04-16T02:19:20","modified_gmt":"2026-04-15T23:19:20","slug":"milli-hakimiyet-ve-hilafet","status":"publish","type":"product","link":"https:\/\/roveyayinevi.com.tr\/index.php\/urun\/milli-hakimiyet-ve-hilafet\/","title":{"rendered":"Milli Hakimiyet Ve Hilafet"},"content":{"rendered":"<p>Bu kitap, bir milletin tarihten silinmeye \u00e7al\u0131\u015f\u0131l\u0131rken, nas\u0131l k\u00fcllerinden yeniden do\u011fdu\u011funu anlatmak gayesiyle haz\u0131rlanm\u0131\u015ft\u0131r. Birer birer istikl\u00e2llerini kaybeden Do\u011fu T\u00fcrkl\u00fc\u011f\u00fc devletlerinin ayakta kalan son kalesi Osmanl\u0131 \u0130mparatorlu\u011fu idi. 1920 Sevr Antla\u015fmas\u0131 ile Osmanl\u0131 \u0130mparatorlu\u011fu\u2019nun son buldu\u011fu ve T\u00fcrkl\u00fc\u011f\u00fcn m\u00fcstakil vatan\u0131n\u0131n kalmad\u0131\u011f\u0131 tescillenmek istenmi\u015fti. Bir\u00e7o\u011funun bildi\u011finin aksine, Osmanl\u0131 Meclis-i Mebusan\u0131 bu antla\u015fmay\u0131 tasdik etmemi\u015fti. Ama \u0130mparatorlu\u011fun ba\u015fkenti olan \u0130stanbul i\u015fgal edilmi\u015f ve \u00e2deta devletin beyni esir al\u0131nm\u0131\u015ft\u0131. Ama kimse T\u00fcrklerin tutunduklar\u0131 bu son vatan par\u00e7as\u0131n\u0131 kolay kolay teslim etmeyece\u011fini akl\u0131na getirmemi\u015fti. Sakarya\u2019da Mustafa Kemal ve sil\u00e2h arkada\u015flar\u0131n\u0131n yeni bir ruhla Anadolu\u2019dan ba\u015flatt\u0131klar\u0131 hareket 9 Eyl\u00fcl 1922\u2019de \u0130zmir\u2019in kurtar\u0131lmas\u0131, Mudanya Ate\u015fkesi ve Nihayet Lozan Antla\u015fmas\u0131 ile ta\u00e7lanm\u0131\u015ft\u0131r. Ama \u00e7\u00f6z\u00fclmesi gereken m\u00fchim bir problem vard\u0131. Diplomasi masas\u0131nda devleti kim temsil edecekti? \u0130stanbul halen i\u015fgal alt\u0131ndayd\u0131. Dolay\u0131s\u0131yla padi\u015fah\u0131n iradesi serbest de\u011fildi. Anadolu hareketinin liderlerini diplomasi masas\u0131nda tek temsilci olarak b\u0131rakmak i\u00e7in 1 Kas\u0131m 1922\u2019de Saltanat kald\u0131r\u0131ld\u0131. Hil\u00e2fet\u2019e hemen dokunulmad\u0131. Hil\u00e2fetin daha sonra kald\u0131r\u0131lmas\u0131, ayd\u0131nlar aras\u0131nda farkl\u0131 yorumland\u0131. Hil\u00e2fet\u2019in devlet idaresinde iki ba\u015fl\u0131l\u0131\u011fa sebep olaca\u011f\u0131n\u0131 d\u00fc\u015f\u00fcnenler oldu\u011fu gibi, T\u00fcrkiye Cumhuriyeti\u2019ne \u0130sl\u00e2m devletleri aras\u0131nda \u00f6nderlik mevkii sa\u011flayaca\u011f\u0131n\u0131 iddia edenler de oldu. \u0130\u015fte bu kitap, Hil\u00e2fet hakk\u0131ndaki m\u00fcspet ve menf\u00ee g\u00f6r\u00fc\u015flerin yorumsuz bir \u015fekilde okuyucuya sunulmas\u0131n\u0131 sa\u011flamak gayesiyle haz\u0131rlanm\u0131\u015ft\u0131r. <\/p>\n","protected":false},"excerpt":{"rendered":"<p>Bu kitap, bir milletin tarihten silinmeye \u00e7al\u0131\u015f\u0131l\u0131rken, nas\u0131l k\u00fcllerinden yeniden do\u011fdu\u011funu anlatmak gayesiyle haz\u0131rlanm\u0131\u015ft\u0131r. Birer birer istikl\u00e2llerini kaybeden Do\u011fu T\u00fcrkl\u00fc\u011f\u00fc devletlerinin ayakta kalan son kalesi Osmanl\u0131<span class=\"excerpt-hellip\"> [\u2026]<\/span><\/p>\n","protected":false},"featured_media":0,"template":"","meta":{"_monsterinsights_skip_tracking":false,"_monsterinsights_sitenote_active":false,"_monsterinsights_sitenote_note":"","_monsterinsights_sitenote_category":0},"product_brand":[],"product_cat":[12304,14128],"product_tag":[],"class_list":{"0":"post-710539","1":"product","2":"type-product","3":"status-publish","5":"product_cat-tarih","6":"product_cat-yakin-tarih","7":"pa_cilt-ciltsiz","8":"pa_tur-kitap","9":"pa_yayinevi-otuken-nesriyat","10":"pa_yazar-kolektif","12":"first","13":"instock","14":"sale","15":"shipping-taxable","16":"purchasable","17":"product-type-simple"},"_links":{"self":[{"href":"https:\/\/roveyayinevi.com.tr\/index.php\/wp-json\/wp\/v2\/product\/710539","targetHints":{"allow":["GET"]}}],"collection":[{"href":"https:\/\/roveyayinevi.com.tr\/index.php\/wp-json\/wp\/v2\/product"}],"about":[{"href":"https:\/\/roveyayinevi.com.tr\/index.php\/wp-json\/wp\/v2\/types\/product"}],"wp:attachment":[{"href":"https:\/\/roveyayinevi.com.tr\/index.php\/wp-json\/wp\/v2\/media?parent=710539"}],"wp:term":[{"taxonomy":"product_brand","embeddable":true,"href":"https:\/\/roveyayinevi.com.tr\/index.php\/wp-json\/wp\/v2\/product_brand?post=710539"},{"taxonomy":"product_cat","embeddable":true,"href":"https:\/\/roveyayinevi.com.tr\/index.php\/wp-json\/wp\/v2\/product_cat?post=710539"},{"taxonomy":"product_tag","embeddable":true,"href":"https:\/\/roveyayinevi.com.tr\/index.php\/wp-json\/wp\/v2\/product_tag?post=710539"}],"curies":[{"name":"wp","href":"https:\/\/api.w.org\/{rel}","templated":true}]}}