{"id":710535,"date":"2025-08-27T16:37:02","date_gmt":"2025-08-27T13:37:02","guid":{"rendered":"https:\/\/roveyayinevi.com.tr\/index.php\/urun\/rintintin-serisi-5-haberci\/"},"modified":"2026-04-16T02:19:19","modified_gmt":"2026-04-15T23:19:19","slug":"rintintin-serisi-5-haberci","status":"publish","type":"product","link":"https:\/\/roveyayinevi.com.tr\/index.php\/urun\/rintintin-serisi-5-haberci\/","title":{"rendered":"Rintintin Serisi 5 &#8211; Haberci"},"content":{"rendered":"<p>Vah\u015fi Bat\u0131\u2019n\u0131n en \u015fap\u015fal k\u00f6pe\u011fi Rintintin yine i\u015f ba\u015f\u0131nda. Red Kit ile yollar\u0131n\u0131 ay\u0131rd\u0131ktan sonra Hapishane\u2019nin demirba\u015f g\u00f6revlisi olan Rintintin, bir anda kendisini ve dostlar\u0131n\u0131 S\u00fcvariler ile K\u0131z\u0131lderililer aras\u0131nda \u00e7\u0131kan bir sava\u015f\u0131n ortas\u0131nda buluyor&#8230; D\u00fcnyaca \u00fcnl\u00fc \u00e7izer Morris\u2019in \u00e7izgileriyle komik mi komik bir Rintintin maceras\u0131 daha&#8230; <\/p>\n","protected":false},"excerpt":{"rendered":"<p>Vah\u015fi Bat\u0131\u2019n\u0131n en \u015fap\u015fal k\u00f6pe\u011fi Rintintin yine i\u015f ba\u015f\u0131nda. Red Kit ile yollar\u0131n\u0131 ay\u0131rd\u0131ktan sonra Hapishane\u2019nin demirba\u015f g\u00f6revlisi olan Rintintin, bir anda kendisini ve dostlar\u0131n\u0131 S\u00fcvariler<span class=\"excerpt-hellip\"> [\u2026]<\/span><\/p>\n","protected":false},"featured_media":0,"template":"","meta":{"_monsterinsights_skip_tracking":false,"_monsterinsights_sitenote_active":false,"_monsterinsights_sitenote_note":"","_monsterinsights_sitenote_category":0},"product_brand":[],"product_cat":[12689,12274],"product_tag":[],"class_list":{"0":"post-710535","1":"product","2":"type-product","3":"status-publish","5":"product_cat-cizgi-roman-cocuk-ve-genclik-kitaplari","6":"product_cat-cocuk-ve-genclik-kitaplari","7":"pa_cilt-ciltsiz","8":"pa_tur-kitap","9":"pa_yayinevi-yapi-kredi-yayinlari","10":"pa_yazar-morris-xfauche-j-leturgie","12":"first","13":"instock","14":"sale","15":"shipping-taxable","16":"purchasable","17":"product-type-simple"},"_links":{"self":[{"href":"https:\/\/roveyayinevi.com.tr\/index.php\/wp-json\/wp\/v2\/product\/710535","targetHints":{"allow":["GET"]}}],"collection":[{"href":"https:\/\/roveyayinevi.com.tr\/index.php\/wp-json\/wp\/v2\/product"}],"about":[{"href":"https:\/\/roveyayinevi.com.tr\/index.php\/wp-json\/wp\/v2\/types\/product"}],"wp:attachment":[{"href":"https:\/\/roveyayinevi.com.tr\/index.php\/wp-json\/wp\/v2\/media?parent=710535"}],"wp:term":[{"taxonomy":"product_brand","embeddable":true,"href":"https:\/\/roveyayinevi.com.tr\/index.php\/wp-json\/wp\/v2\/product_brand?post=710535"},{"taxonomy":"product_cat","embeddable":true,"href":"https:\/\/roveyayinevi.com.tr\/index.php\/wp-json\/wp\/v2\/product_cat?post=710535"},{"taxonomy":"product_tag","embeddable":true,"href":"https:\/\/roveyayinevi.com.tr\/index.php\/wp-json\/wp\/v2\/product_tag?post=710535"}],"curies":[{"name":"wp","href":"https:\/\/api.w.org\/{rel}","templated":true}]}}