{"id":710534,"date":"2025-08-27T16:37:02","date_gmt":"2025-08-27T13:37:02","guid":{"rendered":"https:\/\/roveyayinevi.com.tr\/index.php\/urun\/insanlar-neden-savasir-catisma-savas-ve-baris\/"},"modified":"2026-04-16T02:19:19","modified_gmt":"2026-04-15T23:19:19","slug":"insanlar-neden-savasir-catisma-savas-ve-baris","status":"publish","type":"product","link":"https:\/\/roveyayinevi.com.tr\/index.php\/urun\/insanlar-neden-savasir-catisma-savas-ve-baris\/","title":{"rendered":"\u0130nsanlar Neden Sava\u015f\u0131r? (\u00c7at\u0131\u015fma, Sava\u015f ve Bar\u0131\u015f)"},"content":{"rendered":"<p>\u0130nsanlar Neden Sava\u015f\u0131r?\u00e7at\u0131\u015fman\u0131n ka\u00e7\u0131n\u0131lmaz bir olgu iken sava\u015f\u0131n \u00f6yle olmad\u0131\u011f\u0131n\u0131 anlatan ola\u011fan\u00fcst\u00fc bir kitap. Hayattaki k\u00fc\u00e7\u00fck anla\u015fmazl\u0131klar\u0131n t\u0131rmanarak nas\u0131l daha b\u00fcy\u00fck ve daha ciddi anla\u015fmazl\u0131klara d\u00f6n\u00fc\u015ft\u00fc\u011f\u00fcn\u00fc; b\u00fct\u00fcn \u00e7at\u0131\u015fmalar\u0131n temelde nas\u0131l birbirine benzedi\u011fini, dahas\u0131 \u00f6nyarg\u0131, tarih, diplomasi ve ekonominin bu olaylardaki etkisini g\u00f6steren \u0130nsanlar Neden Sava\u015f\u0131r?, \u00e7ocuklar\u0131n sorunlara ele\u015ftirel ve ara\u015ft\u0131rmac\u0131 bir bak\u0131\u015f geli\u015ftirmesine yard\u0131mc\u0131 olarak, zor bir i\u015fin hakk\u0131ndan ba\u015far\u0131yla geliyor.  \u201cAnla\u015fmazl\u0131klar\u0131n \u00e7\u0131k\u0131\u015f nedenleri ve nas\u0131l ele al\u0131nabilece\u011fi konusunda \u00f6rnek bir \u00e7al\u0131\u015fma.\u201d &#8211; Publishers Weekly \u201c\u00c7at\u0131\u015fman\u0131n temellerini ayr\u0131nt\u0131lar\u0131yla ortaya koyarak m\u00fckemmel bir i\u015f yap\u0131yor.\u201d &#8211; School Library Journal <\/p>\n","protected":false},"excerpt":{"rendered":"<p>\u0130nsanlar Neden Sava\u015f\u0131r?\u00e7at\u0131\u015fman\u0131n ka\u00e7\u0131n\u0131lmaz bir olgu iken sava\u015f\u0131n \u00f6yle olmad\u0131\u011f\u0131n\u0131 anlatan ola\u011fan\u00fcst\u00fc bir kitap. Hayattaki k\u00fc\u00e7\u00fck anla\u015fmazl\u0131klar\u0131n t\u0131rmanarak nas\u0131l daha b\u00fcy\u00fck ve daha ciddi anla\u015fmazl\u0131klara d\u00f6n\u00fc\u015ft\u00fc\u011f\u00fcn\u00fc;<span class=\"excerpt-hellip\"> [\u2026]<\/span><\/p>\n","protected":false},"featured_media":0,"template":"","meta":{"_monsterinsights_skip_tracking":false,"_monsterinsights_sitenote_active":false,"_monsterinsights_sitenote_note":"","_monsterinsights_sitenote_category":0},"product_brand":[],"product_cat":[12291,15117],"product_tag":[],"class_list":{"0":"post-710534","1":"product","2":"type-product","3":"status-publish","5":"product_cat-edebiyat","6":"product_cat-genclik-edebiyati","7":"pa_cilt-ciltsiz","8":"pa_tur-kitap","9":"pa_yayinevi-yapi-kredi-yayinlari","10":"pa_yazar-niki-walker","12":"first","13":"instock","14":"sale","15":"shipping-taxable","16":"purchasable","17":"product-type-simple"},"_links":{"self":[{"href":"https:\/\/roveyayinevi.com.tr\/index.php\/wp-json\/wp\/v2\/product\/710534","targetHints":{"allow":["GET"]}}],"collection":[{"href":"https:\/\/roveyayinevi.com.tr\/index.php\/wp-json\/wp\/v2\/product"}],"about":[{"href":"https:\/\/roveyayinevi.com.tr\/index.php\/wp-json\/wp\/v2\/types\/product"}],"wp:attachment":[{"href":"https:\/\/roveyayinevi.com.tr\/index.php\/wp-json\/wp\/v2\/media?parent=710534"}],"wp:term":[{"taxonomy":"product_brand","embeddable":true,"href":"https:\/\/roveyayinevi.com.tr\/index.php\/wp-json\/wp\/v2\/product_brand?post=710534"},{"taxonomy":"product_cat","embeddable":true,"href":"https:\/\/roveyayinevi.com.tr\/index.php\/wp-json\/wp\/v2\/product_cat?post=710534"},{"taxonomy":"product_tag","embeddable":true,"href":"https:\/\/roveyayinevi.com.tr\/index.php\/wp-json\/wp\/v2\/product_tag?post=710534"}],"curies":[{"name":"wp","href":"https:\/\/api.w.org\/{rel}","templated":true}]}}