{"id":710533,"date":"2025-08-27T16:37:01","date_gmt":"2025-08-27T13:37:01","guid":{"rendered":"https:\/\/roveyayinevi.com.tr\/index.php\/urun\/altin-dal-dinin-ve-folklorun-kokleri\/"},"modified":"2026-03-10T02:30:23","modified_gmt":"2026-03-09T23:30:23","slug":"altin-dal-dinin-ve-folklorun-kokleri","status":"publish","type":"product","link":"https:\/\/roveyayinevi.com.tr\/index.php\/urun\/altin-dal-dinin-ve-folklorun-kokleri\/","title":{"rendered":"Alt\u0131n Dal (Dinin ve Folklor\u00fcn K\u00f6kleri)"},"content":{"rendered":"<p>Modern antropolojinin kurucu isimlerinden biri olarak kabul edilen antropolog ve halkbilimci Sir James G. Frazer, en \u00f6nemli eseri Alt\u0131n Dal\u2019da insanl\u0131\u011f\u0131n eri\u015fti\u011fi noktaya gelmesinde g\u00f6n\u00fcl borcuyla anmam\u0131z gerekenlerin \u00e7o\u011funun yaban\u0131llar oldu\u011funu ileri s\u00fcr\u00fcyor. Barbarl\u0131ktan uygarl\u0131\u011fa toplumlar\u0131n b\u00fct\u00fcn a\u015famalar\u0131nda ortak olan ve \u00e7o\u011funa bug\u00fcn de sahip oldu\u011fumuz d\u00fc\u015f\u00fcnme bi\u00e7imlerini, insanla ve do\u011fayla ili\u015fki kurma yollar\u0131n\u0131 mitoloji, din, folklor, b\u00fcy\u00fc, \u00f6l\u00fcm ve tanr\u0131 gibi kavramlar \u00fczerinden tek bir halkla ya da \u00fclkeyle s\u0131n\u0131rl\u0131 olmaks\u0131z\u0131n yery\u00fcz\u00fcn\u00fcn uygarla\u015fmam\u0131\u015f t\u00fcm toplumlar\u0131ndan \u00f6rneklerle inceliyor ve tespitlerde bulunuyor. Antropolojinin yan\u0131 s\u0131ra \u00c7a\u011fda\u015f Avrupa Edebiyat\u0131\u2019n\u0131 da \u00f6nemli \u00f6l\u00e7\u00fcde etkileyen ve klasik bir eser olma niteli\u011fini koruyan Alt\u0131n Dal, ilk kez 1890 y\u0131l\u0131nda ve iki cilt halinde yay\u0131mland\u0131. <\/p>\n","protected":false},"excerpt":{"rendered":"<p>Modern antropolojinin kurucu isimlerinden biri olarak kabul edilen antropolog ve halkbilimci Sir James G. Frazer, en \u00f6nemli eseri Alt\u0131n Dal\u2019da insanl\u0131\u011f\u0131n eri\u015fti\u011fi noktaya gelmesinde g\u00f6n\u00fcl borcuyla<span class=\"excerpt-hellip\"> [\u2026]<\/span><\/p>\n","protected":false},"featured_media":0,"template":"","meta":{"_monsterinsights_skip_tracking":false,"_monsterinsights_sitenote_active":false,"_monsterinsights_sitenote_note":"","_monsterinsights_sitenote_category":0},"product_brand":[],"product_cat":[15499,13488],"product_tag":[],"class_list":{"0":"post-710533","1":"product","2":"type-product","3":"status-publish","5":"product_cat-antropoloji","6":"product_cat-toplum-ve-insan","7":"pa_cilt-ciltsiz","8":"pa_tur-dergi","9":"pa_yayinevi-yapi-kredi-yayinlari","10":"pa_yazar-james-g-frazer","12":"first","13":"instock","14":"sale","15":"shipping-taxable","16":"purchasable","17":"product-type-simple"},"_links":{"self":[{"href":"https:\/\/roveyayinevi.com.tr\/index.php\/wp-json\/wp\/v2\/product\/710533","targetHints":{"allow":["GET"]}}],"collection":[{"href":"https:\/\/roveyayinevi.com.tr\/index.php\/wp-json\/wp\/v2\/product"}],"about":[{"href":"https:\/\/roveyayinevi.com.tr\/index.php\/wp-json\/wp\/v2\/types\/product"}],"wp:attachment":[{"href":"https:\/\/roveyayinevi.com.tr\/index.php\/wp-json\/wp\/v2\/media?parent=710533"}],"wp:term":[{"taxonomy":"product_brand","embeddable":true,"href":"https:\/\/roveyayinevi.com.tr\/index.php\/wp-json\/wp\/v2\/product_brand?post=710533"},{"taxonomy":"product_cat","embeddable":true,"href":"https:\/\/roveyayinevi.com.tr\/index.php\/wp-json\/wp\/v2\/product_cat?post=710533"},{"taxonomy":"product_tag","embeddable":true,"href":"https:\/\/roveyayinevi.com.tr\/index.php\/wp-json\/wp\/v2\/product_tag?post=710533"}],"curies":[{"name":"wp","href":"https:\/\/api.w.org\/{rel}","templated":true}]}}