{"id":710530,"date":"2025-08-27T16:36:59","date_gmt":"2025-08-27T13:36:59","guid":{"rendered":"https:\/\/roveyayinevi.com.tr\/index.php\/urun\/gelip-gecerken\/"},"modified":"2026-04-16T02:19:19","modified_gmt":"2026-04-15T23:19:19","slug":"gelip-gecerken","status":"publish","type":"product","link":"https:\/\/roveyayinevi.com.tr\/index.php\/urun\/gelip-gecerken\/","title":{"rendered":"Gelip Ge\u00e7erken"},"content":{"rendered":"<p>Gelip Ge\u00e7erken, Christopher Isherwood\u2019un belki de en \u201ciddial\u0131\u201d roman\u0131: Almanya\u2019dan Yunanistan\u2019a, \u0130ngiltere\u2019den ABD\u2019ye uzanan geni\u015f bir co\u011frafyay\u0131; 1920\u2019lerin sonlar\u0131ndan 1950\u2019lerin ba\u015flar\u0131na, yirminci y\u00fczy\u0131l tarihinin en sanc\u0131l\u0131 d\u00f6nemlerinden birini katediyor. Isherwood\u2019un kozmopolit d\u00fcnyas\u0131n\u0131, yine onun pek \u00e7ok roman\u0131yla \u00f6zde\u015fle\u015fen s\u0131ra d\u0131\u015f\u0131 karakterler arac\u0131l\u0131\u011f\u0131yla tan\u0131yoruz: Ya\u015fam\u0131n\u0131 bir Alman \u015fehrinde, kendini i\u015fine adayarak s\u00fcrd\u00fcren yaln\u0131z ve gizemli Mr. Lancaster; memleketi \u0130ngiltere\u2019den ka\u00e7\u0131p bir Yunan adas\u0131nda yeni bir ya\u015fam kuran Ambrose; seyahat ve macera tutkunu, hayat dolu, \u00e7ocuksu Waldemar; ve son olarak, gece hayat\u0131ndaki \u00fcn\u00fc ve \u201cg\u00fczelli\u011fi\u201d dilden dile dola\u015fan Paul. Isherwood\u2019un yazarla ayn\u0131 ad\u0131 ta\u015f\u0131yan anlat\u0131c\u0131-kahraman\u0131, ziyaret etti\u011fi \u015fehirler gibi, gelip ge\u00e7erken u\u011frad\u0131\u011f\u0131 bu hayatlar\u0131 da b\u00fct\u00fcn renkleri ve dramlar\u0131yla canland\u0131r\u0131yor. Belki de Christopher Isherwood\u2019un yazd\u0131\u011f\u0131 en iyi kitap. Son derece zekice, okuru usulca s\u00fcr\u00fckleyen bir hik\u00e2ye&#8230; &#8211; New York Times <\/p>\n","protected":false},"excerpt":{"rendered":"<p>Gelip Ge\u00e7erken, Christopher Isherwood\u2019un belki de en \u201ciddial\u0131\u201d roman\u0131: Almanya\u2019dan Yunanistan\u2019a, \u0130ngiltere\u2019den ABD\u2019ye uzanan geni\u015f bir co\u011frafyay\u0131; 1920\u2019lerin sonlar\u0131ndan 1950\u2019lerin ba\u015flar\u0131na, yirminci y\u00fczy\u0131l tarihinin en sanc\u0131l\u0131<span class=\"excerpt-hellip\"> [\u2026]<\/span><\/p>\n","protected":false},"featured_media":0,"template":"","meta":{"_monsterinsights_skip_tracking":false,"_monsterinsights_sitenote_active":false,"_monsterinsights_sitenote_note":"","_monsterinsights_sitenote_category":0},"product_brand":[],"product_cat":[12291,12711],"product_tag":[],"class_list":{"0":"post-710530","1":"product","2":"type-product","3":"status-publish","5":"product_cat-edebiyat","6":"product_cat-roman-oyku","7":"pa_cilt-ciltsiz","8":"pa_tur-kitap","9":"pa_yayinevi-yapi-kredi-yayinlari","10":"pa_yazar-christopher-isherwood","12":"first","13":"instock","14":"sale","15":"shipping-taxable","16":"purchasable","17":"product-type-simple"},"_links":{"self":[{"href":"https:\/\/roveyayinevi.com.tr\/index.php\/wp-json\/wp\/v2\/product\/710530","targetHints":{"allow":["GET"]}}],"collection":[{"href":"https:\/\/roveyayinevi.com.tr\/index.php\/wp-json\/wp\/v2\/product"}],"about":[{"href":"https:\/\/roveyayinevi.com.tr\/index.php\/wp-json\/wp\/v2\/types\/product"}],"wp:attachment":[{"href":"https:\/\/roveyayinevi.com.tr\/index.php\/wp-json\/wp\/v2\/media?parent=710530"}],"wp:term":[{"taxonomy":"product_brand","embeddable":true,"href":"https:\/\/roveyayinevi.com.tr\/index.php\/wp-json\/wp\/v2\/product_brand?post=710530"},{"taxonomy":"product_cat","embeddable":true,"href":"https:\/\/roveyayinevi.com.tr\/index.php\/wp-json\/wp\/v2\/product_cat?post=710530"},{"taxonomy":"product_tag","embeddable":true,"href":"https:\/\/roveyayinevi.com.tr\/index.php\/wp-json\/wp\/v2\/product_tag?post=710530"}],"curies":[{"name":"wp","href":"https:\/\/api.w.org\/{rel}","templated":true}]}}