{"id":710529,"date":"2025-08-27T16:36:59","date_gmt":"2025-08-27T13:36:59","guid":{"rendered":"https:\/\/roveyayinevi.com.tr\/index.php\/urun\/belali-dortluye-karsi\/"},"modified":"2026-04-16T02:19:19","modified_gmt":"2026-04-15T23:19:19","slug":"belali-dortluye-karsi","status":"publish","type":"product","link":"https:\/\/roveyayinevi.com.tr\/index.php\/urun\/belali-dortluye-karsi\/","title":{"rendered":"Belal\u0131 D\u00f6rtl\u00fc&#8217;ye Kar\u015f\u0131"},"content":{"rendered":"<p>\u0130yilik teleskopla g\u00f6r\u00fcn\u00fcr m\u00fc?&#8221;\u00d6mer Hep\u00e7\u00f6zer Dedektiflik B\u00fcrosu&#8221; dizisiyle \u00e7ok sevilen \u00f6d\u00fcll\u00fc yazar G\u00fclsevin K\u0131ral, son roman\u0131nda bir okul hik\u00e2yesi anlat\u0131yor. K\u00fc\u00e7\u00fck bir s\u0131n\u0131fta ya\u015fananlar\u0131n hayata ili\u015fkin de\u011ferli ipu\u00e7lar\u0131 ta\u015f\u0131d\u0131\u011f\u0131n\u0131 hat\u0131rlatan yazar, k\u00f6t\u00fc davran\u0131\u015flar\u0131n nedenlerini sorguluyor, \u00e7ocuklar\u0131n masumlu\u011fundan yana taraf oluyor. &#8220;Form\u00fcl Hasan&#8221;, &#8220;Edison Ege&#8221;, &#8220;Belal\u0131 D\u00f6rtl\u00fc&#8221; gibi ilgi \u00e7ekici karakterler ve e\u011flenceli diyaloglar e\u015fli\u011finde, akran zorbal\u0131\u011f\u0131 konusunu tart\u0131\u015fmaya a\u00e7an roman, dayan\u0131\u015fman\u0131n ve haks\u0131zl\u0131klara kar\u015f\u0131 \u00e7\u0131kman\u0131n \u00f6nemine de\u011finiyor. Resimleriyle de dikkati \u00e7eken kitap, ileti\u015fimden g\u00f6kbilime pek \u00e7ok temay\u0131 i\u00e7inde bar\u0131nd\u0131r\u0131yor. Ege, evde yapt\u0131\u011f\u0131 teleskopunu s\u0131n\u0131fa g\u00f6sterece\u011fi i\u00e7in \u00e7ok heyecanl\u0131d\u0131r. Aralar\u0131na yeni kat\u0131lan Ceylan bile, bu sayede arkada\u015flar\u0131yla kayna\u015f\u0131r. Ama s\u0131n\u0131f\u0131n Belal\u0131 D\u00f6rtl\u00fc&#8217;s\u00fc her zamanki gibi can s\u0131kmaktad\u0131r. Teleskop heyecan\u0131n\u0131 s\u00f6nd\u00fcrmeleri ve Ceylan&#8217;\u0131n di\u015fleriyle dalga ge\u00e7mek i\u00e7in s\u0131ras\u0131na havu\u00e7 b\u0131rakmalar\u0131 yetmezmi\u015f gibi, asla \u00f6dev yapmay\u0131p kopya \u00e7ekmektedirler. Neyse ki, Ege&#8217;nin akl\u0131na m\u00fcthi\u015f bir fikir gelir! Kurulan dayan\u0131\u015fma zinciri, Belal\u0131 D\u00f6rtl\u00fc&#8217;y\u00fc hizaya getirecek midir?..<\/p>\n","protected":false},"excerpt":{"rendered":"<p>\u0130yilik teleskopla g\u00f6r\u00fcn\u00fcr m\u00fc?&#8221;\u00d6mer Hep\u00e7\u00f6zer Dedektiflik B\u00fcrosu&#8221; dizisiyle \u00e7ok sevilen \u00f6d\u00fcll\u00fc yazar G\u00fclsevin K\u0131ral, son roman\u0131nda bir okul hik\u00e2yesi anlat\u0131yor. K\u00fc\u00e7\u00fck bir s\u0131n\u0131fta ya\u015fananlar\u0131n hayata ili\u015fkin<span class=\"excerpt-hellip\"> [\u2026]<\/span><\/p>\n","protected":false},"featured_media":0,"template":"","meta":{"_monsterinsights_skip_tracking":false,"_monsterinsights_sitenote_active":false,"_monsterinsights_sitenote_note":"","_monsterinsights_sitenote_category":0},"product_brand":[],"product_cat":[12274,12284],"product_tag":[],"class_list":{"0":"post-710529","1":"product","2":"type-product","3":"status-publish","5":"product_cat-cocuk-ve-genclik-kitaplari","6":"product_cat-hikayeler","7":"pa_cilt-ciltsiz","8":"pa_tur-kitap","9":"pa_yayinevi-gunisigi-kitapligi","10":"pa_yazar-gulsevin-kiral","12":"first","13":"instock","14":"sale","15":"shipping-taxable","16":"purchasable","17":"product-type-simple"},"_links":{"self":[{"href":"https:\/\/roveyayinevi.com.tr\/index.php\/wp-json\/wp\/v2\/product\/710529","targetHints":{"allow":["GET"]}}],"collection":[{"href":"https:\/\/roveyayinevi.com.tr\/index.php\/wp-json\/wp\/v2\/product"}],"about":[{"href":"https:\/\/roveyayinevi.com.tr\/index.php\/wp-json\/wp\/v2\/types\/product"}],"wp:attachment":[{"href":"https:\/\/roveyayinevi.com.tr\/index.php\/wp-json\/wp\/v2\/media?parent=710529"}],"wp:term":[{"taxonomy":"product_brand","embeddable":true,"href":"https:\/\/roveyayinevi.com.tr\/index.php\/wp-json\/wp\/v2\/product_brand?post=710529"},{"taxonomy":"product_cat","embeddable":true,"href":"https:\/\/roveyayinevi.com.tr\/index.php\/wp-json\/wp\/v2\/product_cat?post=710529"},{"taxonomy":"product_tag","embeddable":true,"href":"https:\/\/roveyayinevi.com.tr\/index.php\/wp-json\/wp\/v2\/product_tag?post=710529"}],"curies":[{"name":"wp","href":"https:\/\/api.w.org\/{rel}","templated":true}]}}