{"id":710523,"date":"2025-08-27T16:36:55","date_gmt":"2025-08-27T13:36:55","guid":{"rendered":"https:\/\/roveyayinevi.com.tr\/index.php\/urun\/abd-ve-turkiyede-yasayan-musluman-ve-gayrimuslim-cemaatlerin-dini-muzik-algilarinin-karsilastirmali-olarak-incelenmesi\/"},"modified":"2026-04-16T02:19:19","modified_gmt":"2026-04-15T23:19:19","slug":"abd-ve-turkiyede-yasayan-musluman-ve-gayrimuslim-cemaatlerin-dini-muzik-algilarinin-karsilastirmali-olarak-incelenmesi","status":"publish","type":"product","link":"https:\/\/roveyayinevi.com.tr\/index.php\/urun\/abd-ve-turkiyede-yasayan-musluman-ve-gayrimuslim-cemaatlerin-dini-muzik-algilarinin-karsilastirmali-olarak-incelenmesi\/","title":{"rendered":"ABD ve T\u00fcrkiye&#8217;de Ya\u015fayan M\u00fcsl\u00fcman ve Gayrim\u00fcslim Cemaatlerin Dini M\u00fczik Alg\u0131lar\u0131n\u0131n Kar\u015f\u0131la\u015ft\u0131rmal\u0131 Olarak \u0130ncelenmesi"},"content":{"rendered":"<p>ABD ve T\u00fcrkiye&#8217;de Ya\u015fayan M\u00fcsl\u00fcman ve Gayrim\u00fcslim Cemaatlerin Dini M\u00fczik Alg\u0131lar\u0131n\u0131n Kar\u015f\u0131la\u015ft\u0131rmal\u0131 Olarak \u0130ncelenmesi <\/p>\n","protected":false},"excerpt":{"rendered":"<p>ABD ve T\u00fcrkiye&#8217;de Ya\u015fayan M\u00fcsl\u00fcman ve Gayrim\u00fcslim Cemaatlerin Dini M\u00fczik Alg\u0131lar\u0131n\u0131n Kar\u015f\u0131la\u015ft\u0131rmal\u0131 Olarak \u0130ncelenmesi<\/p>\n","protected":false},"featured_media":0,"template":"","meta":{"_monsterinsights_skip_tracking":false,"_monsterinsights_sitenote_active":false,"_monsterinsights_sitenote_note":"","_monsterinsights_sitenote_category":0},"product_brand":[],"product_cat":[12573,12566],"product_tag":[],"class_list":{"0":"post-710523","1":"product","2":"type-product","3":"status-publish","5":"product_cat-akademik-kitaplar","6":"product_cat-egitim","7":"pa_cilt-ciltsiz","8":"pa_tur-kitap","9":"pa_yayinevi-gazi-kitabevi","10":"pa_yazar-duygu-turan","12":"first","13":"instock","14":"sale","15":"shipping-taxable","16":"purchasable","17":"product-type-simple"},"_links":{"self":[{"href":"https:\/\/roveyayinevi.com.tr\/index.php\/wp-json\/wp\/v2\/product\/710523","targetHints":{"allow":["GET"]}}],"collection":[{"href":"https:\/\/roveyayinevi.com.tr\/index.php\/wp-json\/wp\/v2\/product"}],"about":[{"href":"https:\/\/roveyayinevi.com.tr\/index.php\/wp-json\/wp\/v2\/types\/product"}],"wp:attachment":[{"href":"https:\/\/roveyayinevi.com.tr\/index.php\/wp-json\/wp\/v2\/media?parent=710523"}],"wp:term":[{"taxonomy":"product_brand","embeddable":true,"href":"https:\/\/roveyayinevi.com.tr\/index.php\/wp-json\/wp\/v2\/product_brand?post=710523"},{"taxonomy":"product_cat","embeddable":true,"href":"https:\/\/roveyayinevi.com.tr\/index.php\/wp-json\/wp\/v2\/product_cat?post=710523"},{"taxonomy":"product_tag","embeddable":true,"href":"https:\/\/roveyayinevi.com.tr\/index.php\/wp-json\/wp\/v2\/product_tag?post=710523"}],"curies":[{"name":"wp","href":"https:\/\/api.w.org\/{rel}","templated":true}]}}