{"id":710522,"date":"2025-08-27T16:36:55","date_gmt":"2025-08-27T13:36:55","guid":{"rendered":"https:\/\/roveyayinevi.com.tr\/index.php\/urun\/firin-saldirisi\/"},"modified":"2026-04-16T02:19:19","modified_gmt":"2026-04-15T23:19:19","slug":"firin-saldirisi","status":"publish","type":"product","link":"https:\/\/roveyayinevi.com.tr\/index.php\/urun\/firin-saldirisi\/","title":{"rendered":"F\u0131r\u0131n Sald\u0131r\u0131s\u0131"},"content":{"rendered":"<p>Haruki Murakami\u2019den a\u00e7l\u0131k ve su\u00e7un do\u011fas\u0131 \u00fczerine tuhaf, gizemli ve yer yer komik bir su\u00e7 \u00f6yk\u00fcs\u00fc\u2026 Karn\u0131m\u0131z a\u00e7t\u0131. Hay\u0131r, a\u00e7l\u0131k demek yetmezdi buna. Sanki uzay bo\u015flu\u011funu yutmu\u015ftuk.  Nereden \u00e7\u0131km\u0131\u015ft\u0131 bu a\u00e7l\u0131k hissi? Elbette yiyece\u011fimizin olmamas\u0131ndan. Neden yiyece\u011fimiz yoktu? \u00c7\u00fcnk\u00fc yiyecek kar\u015f\u0131l\u0131\u011f\u0131nda verecek de\u011ferli bir \u015feyimiz yoktu. Neden de\u011ferli bir \u015feyimiz yoktu? San\u0131r\u0131m hayal g\u00fcc\u00fcm\u00fcz\u00fcn eksikli\u011finden kaynaklan\u0131yordu de\u011ferli bir \u015feyimizin olmamas\u0131. Hay\u0131r, de\u011fil, belki de karn\u0131m\u0131z\u0131n a\u00e7 olmas\u0131n\u0131n nedeni, do\u011frudan hayal g\u00fcc\u00fc eksikli\u011fimizdi.  Tanr\u0131, Marx ve John Lennon, hepsi \u00f6lm\u00fc\u015ft\u00fc. Karn\u0131m\u0131z a\u00e7t\u0131 ve bu y\u00fczden su\u00e7 i\u015fleyecektik. \u201cBen art\u0131k sap\u0131tmak \u00fczereyim\u201d dedi arkada\u015f\u0131m. Durumumuzu az\u0131c\u0131k s\u00f6zc\u00fckle ancak bu kadar g\u00fczel anlatabilirdi. YAZAR HAKKINDA (HARUK\u0130 MURAKAM\u0130)1949\u2019da Kyoto\u2019da do\u011fdu. Vaseda \u00dcniversitesi\u2019nde klasik drama e\u011fitimi ald\u0131. 21. y\u00fczy\u0131l edebiyat\u0131n\u0131n en \u00f6nemli isimlerinden olan Murakami\u2019nin kitaplar\u0131 pek \u00e7ok \u00f6d\u00fcl ald\u0131, t\u00fcm d\u00fcnyada ellinin \u00fczerinde dile \u00e7evrildi. HarukiMurakami\u2019nin t\u00fcm kitaplar\u0131 Do\u011fan Kitap taraf\u0131ndan yay\u0131mlanmaktad\u0131r.  \u0130LL\u00dcSTRASYONLAR (KAT MENSCHIK)Berlin ve Oderbruch\u2019ta ya\u015f\u0131yor, serbest ill\u00fcstrat\u00f6r olarak \u00e7al\u0131\u015f\u0131yor. \u00c7izimleri d\u00fczenli olarak FrankfurterAllgemeinerSonntagszeitung\u2019da yay\u0131nlanan Menschik, Murakami\u2019ninUyku ve Tuhaf K\u00fct\u00fcphane isimli kitaplar\u0131n\u0131n da \u00e7izeridir. <\/p>\n","protected":false},"excerpt":{"rendered":"<p>Haruki Murakami\u2019den a\u00e7l\u0131k ve su\u00e7un do\u011fas\u0131 \u00fczerine tuhaf, gizemli ve yer yer komik bir su\u00e7 \u00f6yk\u00fcs\u00fc\u2026 Karn\u0131m\u0131z a\u00e7t\u0131. Hay\u0131r, a\u00e7l\u0131k demek yetmezdi buna. Sanki uzay bo\u015flu\u011funu<span class=\"excerpt-hellip\"> [\u2026]<\/span><\/p>\n","protected":false},"featured_media":0,"template":"","meta":{"_monsterinsights_skip_tracking":false,"_monsterinsights_sitenote_active":false,"_monsterinsights_sitenote_note":"","_monsterinsights_sitenote_category":0},"product_brand":[],"product_cat":[12291,12711],"product_tag":[],"class_list":{"0":"post-710522","1":"product","2":"type-product","3":"status-publish","5":"product_cat-edebiyat","6":"product_cat-roman-oyku","7":"pa_cilt-ciltsiz","8":"pa_tur-kitap","9":"pa_yayinevi-dogan-kitap","10":"pa_yazar-haruki-murakami","12":"first","13":"instock","14":"sale","15":"shipping-taxable","16":"purchasable","17":"product-type-simple"},"_links":{"self":[{"href":"https:\/\/roveyayinevi.com.tr\/index.php\/wp-json\/wp\/v2\/product\/710522","targetHints":{"allow":["GET"]}}],"collection":[{"href":"https:\/\/roveyayinevi.com.tr\/index.php\/wp-json\/wp\/v2\/product"}],"about":[{"href":"https:\/\/roveyayinevi.com.tr\/index.php\/wp-json\/wp\/v2\/types\/product"}],"wp:attachment":[{"href":"https:\/\/roveyayinevi.com.tr\/index.php\/wp-json\/wp\/v2\/media?parent=710522"}],"wp:term":[{"taxonomy":"product_brand","embeddable":true,"href":"https:\/\/roveyayinevi.com.tr\/index.php\/wp-json\/wp\/v2\/product_brand?post=710522"},{"taxonomy":"product_cat","embeddable":true,"href":"https:\/\/roveyayinevi.com.tr\/index.php\/wp-json\/wp\/v2\/product_cat?post=710522"},{"taxonomy":"product_tag","embeddable":true,"href":"https:\/\/roveyayinevi.com.tr\/index.php\/wp-json\/wp\/v2\/product_tag?post=710522"}],"curies":[{"name":"wp","href":"https:\/\/api.w.org\/{rel}","templated":true}]}}