{"id":710521,"date":"2025-08-27T16:36:54","date_gmt":"2025-08-27T13:36:54","guid":{"rendered":"https:\/\/roveyayinevi.com.tr\/index.php\/urun\/demokrat-parti-iktidarinda-chp-1950-1960\/"},"modified":"2026-04-16T02:19:19","modified_gmt":"2026-04-15T23:19:19","slug":"demokrat-parti-iktidarinda-chp-1950-1960","status":"publish","type":"product","link":"https:\/\/roveyayinevi.com.tr\/index.php\/urun\/demokrat-parti-iktidarinda-chp-1950-1960\/","title":{"rendered":"Demokrat Parti \u0130ktidar\u0131nda CHP (1950-1960)"},"content":{"rendered":"<p>Demokrat Parti \u0130ktidar\u0131nda CHP 1950\u2019den 27 May\u0131s 1960\u2019a kadarki d\u00f6nemde, muhalefetteki CHP\u2019nin se\u00e7imlerdeki vaat ve beklentileri ile ezan\u0131n Arap\u00e7a okunmas\u0131, Halkevleri\u2019nin kapat\u0131lmas\u0131, Kore\u2019ye asker g\u00f6nderilmesi gibi tart\u0131\u015fmal\u0131 konularda duru\u015funu ele al\u0131yor. Tarih\u00e7i Hakk\u0131 Uyar d\u00f6nemin s\u00fcreli yay\u0131nlar\u0131, Ba\u015fbakanl\u0131k Cumhuriyet Ar\u015fivi\u2019nden belgeler ve CHP\u2019nin kendi yay\u0131nlar\u0131n\u0131 kullanarak demokrasi k\u00fclt\u00fcr\u00fcn\u00fcn yerle\u015ftirilmeye \u00e7al\u0131\u015f\u0131ld\u0131\u011f\u0131 bu y\u0131llarda ya\u015fanan ihtilaflar\u0131 ve ihtilale giden s\u00fcreci ba\u015far\u0131yla aktar\u0131yor. <\/p>\n","protected":false},"excerpt":{"rendered":"<p>Demokrat Parti \u0130ktidar\u0131nda CHP 1950\u2019den 27 May\u0131s 1960\u2019a kadarki d\u00f6nemde, muhalefetteki CHP\u2019nin se\u00e7imlerdeki vaat ve beklentileri ile ezan\u0131n Arap\u00e7a okunmas\u0131, Halkevleri\u2019nin kapat\u0131lmas\u0131, Kore\u2019ye asker g\u00f6nderilmesi gibi<span class=\"excerpt-hellip\"> [\u2026]<\/span><\/p>\n","protected":false},"featured_media":0,"template":"","meta":{"_monsterinsights_skip_tracking":false,"_monsterinsights_sitenote_active":false,"_monsterinsights_sitenote_note":"","_monsterinsights_sitenote_category":0},"product_brand":[],"product_cat":[12337,14543],"product_tag":[],"class_list":{"0":"post-710521","1":"product","2":"type-product","3":"status-publish","5":"product_cat-politika-siyaset","6":"product_cat-turkiye-siyaseti-ve-politikasi","7":"pa_cilt-ciltsiz","8":"pa_tur-kitap","9":"pa_yayinevi-dogan-kitap","10":"pa_yazar-hakki-uyar","12":"first","13":"instock","14":"sale","15":"shipping-taxable","16":"purchasable","17":"product-type-simple"},"_links":{"self":[{"href":"https:\/\/roveyayinevi.com.tr\/index.php\/wp-json\/wp\/v2\/product\/710521","targetHints":{"allow":["GET"]}}],"collection":[{"href":"https:\/\/roveyayinevi.com.tr\/index.php\/wp-json\/wp\/v2\/product"}],"about":[{"href":"https:\/\/roveyayinevi.com.tr\/index.php\/wp-json\/wp\/v2\/types\/product"}],"wp:attachment":[{"href":"https:\/\/roveyayinevi.com.tr\/index.php\/wp-json\/wp\/v2\/media?parent=710521"}],"wp:term":[{"taxonomy":"product_brand","embeddable":true,"href":"https:\/\/roveyayinevi.com.tr\/index.php\/wp-json\/wp\/v2\/product_brand?post=710521"},{"taxonomy":"product_cat","embeddable":true,"href":"https:\/\/roveyayinevi.com.tr\/index.php\/wp-json\/wp\/v2\/product_cat?post=710521"},{"taxonomy":"product_tag","embeddable":true,"href":"https:\/\/roveyayinevi.com.tr\/index.php\/wp-json\/wp\/v2\/product_tag?post=710521"}],"curies":[{"name":"wp","href":"https:\/\/api.w.org\/{rel}","templated":true}]}}