{"id":710520,"date":"2025-08-27T16:36:54","date_gmt":"2025-08-27T13:36:54","guid":{"rendered":"https:\/\/roveyayinevi.com.tr\/index.php\/urun\/iki-darbe-arasinda-chp-1960-1971\/"},"modified":"2026-04-16T02:19:19","modified_gmt":"2026-04-15T23:19:19","slug":"iki-darbe-arasinda-chp-1960-1971","status":"publish","type":"product","link":"https:\/\/roveyayinevi.com.tr\/index.php\/urun\/iki-darbe-arasinda-chp-1960-1971\/","title":{"rendered":"\u0130ki Darbe Aras\u0131nda Chp (1960-1971)"},"content":{"rendered":"<p>\u0130ki Darbe Aras\u0131nda CHP 1960-1971, 27 May\u0131s sonras\u0131 Yass\u0131ada yarg\u0131lamalar\u0131, darbe giri\u015fimleri ve yeni siyasal kutupla\u015fmalar i\u00e7inde siyasal hayat\u0131 normalle\u015ftirme \u00e7abalar\u0131n\u0131; i\u015f\u00e7i ve gen\u00e7lik hareketlerinin geli\u015fip CHP\u2019nin Ortan\u0131n Solu ile yeni bir ivme kazand\u0131\u011f\u0131 kritik d\u00f6nemi ele al\u0131yor. Tarih\u00e7i Hakk\u0131 Uyar d\u00f6nemin s\u00fcreli yay\u0131nlar\u0131n\u0131 ve CHP\u2019nin kendi yay\u0131nlar\u0131n\u0131 kullanarak B\u00fclent Ecevit, S\u00fcleyman Demirel,  Alparslan T\u00fcrke\u015f ve Necmettin Erbakan gibi T\u00fcrkiye siyasetinin \u00f6nemli fig\u00fcrlerinin de kendilerini g\u00f6sterdikleri bu y\u0131llara \u0131\u015f\u0131k tutuyor. <\/p>\n","protected":false},"excerpt":{"rendered":"<p>\u0130ki Darbe Aras\u0131nda CHP 1960-1971, 27 May\u0131s sonras\u0131 Yass\u0131ada yarg\u0131lamalar\u0131, darbe giri\u015fimleri ve yeni siyasal kutupla\u015fmalar i\u00e7inde siyasal hayat\u0131 normalle\u015ftirme \u00e7abalar\u0131n\u0131; i\u015f\u00e7i ve gen\u00e7lik hareketlerinin geli\u015fip<span class=\"excerpt-hellip\"> [\u2026]<\/span><\/p>\n","protected":false},"featured_media":0,"template":"","meta":{"_monsterinsights_skip_tracking":false,"_monsterinsights_sitenote_active":false,"_monsterinsights_sitenote_note":"","_monsterinsights_sitenote_category":0},"product_brand":[],"product_cat":[13590,12337],"product_tag":[],"class_list":{"0":"post-710520","1":"product","2":"type-product","3":"status-publish","5":"product_cat-arastirma-inceleme-politika-siyaset","6":"product_cat-politika-siyaset","7":"pa_cilt-ciltsiz","8":"pa_tur-kitap","9":"pa_yayinevi-dogan-kitap","10":"pa_yazar-hakki-uyar","12":"first","13":"instock","14":"sale","15":"shipping-taxable","16":"purchasable","17":"product-type-simple"},"_links":{"self":[{"href":"https:\/\/roveyayinevi.com.tr\/index.php\/wp-json\/wp\/v2\/product\/710520","targetHints":{"allow":["GET"]}}],"collection":[{"href":"https:\/\/roveyayinevi.com.tr\/index.php\/wp-json\/wp\/v2\/product"}],"about":[{"href":"https:\/\/roveyayinevi.com.tr\/index.php\/wp-json\/wp\/v2\/types\/product"}],"wp:attachment":[{"href":"https:\/\/roveyayinevi.com.tr\/index.php\/wp-json\/wp\/v2\/media?parent=710520"}],"wp:term":[{"taxonomy":"product_brand","embeddable":true,"href":"https:\/\/roveyayinevi.com.tr\/index.php\/wp-json\/wp\/v2\/product_brand?post=710520"},{"taxonomy":"product_cat","embeddable":true,"href":"https:\/\/roveyayinevi.com.tr\/index.php\/wp-json\/wp\/v2\/product_cat?post=710520"},{"taxonomy":"product_tag","embeddable":true,"href":"https:\/\/roveyayinevi.com.tr\/index.php\/wp-json\/wp\/v2\/product_tag?post=710520"}],"curies":[{"name":"wp","href":"https:\/\/api.w.org\/{rel}","templated":true}]}}