{"id":710516,"date":"2025-08-27T16:36:52","date_gmt":"2025-08-27T13:36:52","guid":{"rendered":"https:\/\/roveyayinevi.com.tr\/index.php\/urun\/gorunmeyen-beyin-beyninizin-karanlik-tarafini-ne-kadar-taniyorsunuz\/"},"modified":"2025-10-14T04:18:33","modified_gmt":"2025-10-14T01:18:33","slug":"gorunmeyen-beyin-beyninizin-karanlik-tarafini-ne-kadar-taniyorsunuz","status":"publish","type":"product","link":"https:\/\/roveyayinevi.com.tr\/index.php\/urun\/gorunmeyen-beyin-beyninizin-karanlik-tarafini-ne-kadar-taniyorsunuz\/","title":{"rendered":"G\u00f6r\u00fcnmeyen Beyin (Beyninizin Karanl\u0131k Taraf\u0131n\u0131 Ne Kadar Tan\u0131yorsunuz?)"},"content":{"rendered":"<p>Psikopatlar\u0131n beyninin karanl\u0131k taraflar\u0131nda neler var? Beynin \u00f6zg\u00fcr iradesi var m\u0131? Su\u00e7lu mu? Hasta m\u0131? Gelece\u011fin beyin odakl\u0131 hukuku: N\u00f6rohukuk. Beyin neden ve nas\u0131l hastalan\u0131yor? Tedaviden ne anlamal\u0131y\u0131z? D\u00fc\u015f\u00fcnce g\u00fcc\u00fcyle ba\u015fka beyinleri y\u00f6netmek m\u00fcmk\u00fcn m\u00fc? Ya\u015fad\u0131\u011f\u0131m\u0131z deneyimler beynimizi nas\u0131l de\u011fi\u015ftiriyor? Beynimizi yeniden in\u015fa etmek m\u00fcmk\u00fcn m\u00fc? Genetik miras\u0131m\u0131z kaderimiz mi? Erkek beyni, kad\u0131n beyni: Ne kadar farkl\u0131? Ve beynin gizemleriyle ilgili merak etti\u011finiz bir\u00e7ok bilimsel ara\u015ft\u0131rma, do\u011fru bilinen yanl\u0131\u015flar&#8230;   Bu kitapta \u00f6ncelikle, bilgi kirlili\u011finin giderek artt\u0131\u011f\u0131 bir ortamda, beyinle ilgili ge\u00e7erli bilgilerin yani beynin \u201cg\u00f6r\u00fcnen y\u00fcz\u00fc\u201dn\u00fcn anla\u015f\u0131l\u0131r bir dille aktar\u0131ld\u0131\u011f\u0131na; ikinci olarak da beyin konusundaki g\u00fcncel sorular e\u015fli\u011finde, h\u00e2l\u00e2 a\u00e7\u0131klayamad\u0131\u011f\u0131m\u0131z tart\u0131\u015fmal\u0131 noktalar\u0131n ele al\u0131narak bu kez de beynin \u201cg\u00f6r\u00fcnmeyen y\u00fcz\u00fc\u201dn\u00fcn ayd\u0131nlat\u0131ld\u0131\u011f\u0131na \u015fahit olacaks\u0131n\u0131z. <\/p>\n","protected":false},"excerpt":{"rendered":"<p>Psikopatlar\u0131n beyninin karanl\u0131k taraflar\u0131nda neler var? Beynin \u00f6zg\u00fcr iradesi var m\u0131? Su\u00e7lu mu? Hasta m\u0131? Gelece\u011fin beyin odakl\u0131 hukuku: N\u00f6rohukuk. Beyin neden ve nas\u0131l hastalan\u0131yor? Tedaviden<span class=\"excerpt-hellip\"> [\u2026]<\/span><\/p>\n","protected":false},"featured_media":0,"template":"","meta":{"_monsterinsights_skip_tracking":false,"_monsterinsights_sitenote_active":false,"_monsterinsights_sitenote_note":"","_monsterinsights_sitenote_category":0},"product_brand":[],"product_cat":[13005,13006],"product_tag":[],"class_list":{"0":"post-710516","1":"product","2":"type-product","3":"status-publish","5":"product_cat-bilim-muhendislik","6":"product_cat-populer-bilim","7":"pa_cilt-ciltsiz","8":"pa_tur-kitap","9":"pa_yayinevi-destek-yayinlari","10":"pa_yazar-tayfun-uzbay","12":"first","13":"instock","14":"sale","15":"shipping-taxable","16":"purchasable","17":"product-type-simple"},"_links":{"self":[{"href":"https:\/\/roveyayinevi.com.tr\/index.php\/wp-json\/wp\/v2\/product\/710516","targetHints":{"allow":["GET"]}}],"collection":[{"href":"https:\/\/roveyayinevi.com.tr\/index.php\/wp-json\/wp\/v2\/product"}],"about":[{"href":"https:\/\/roveyayinevi.com.tr\/index.php\/wp-json\/wp\/v2\/types\/product"}],"wp:attachment":[{"href":"https:\/\/roveyayinevi.com.tr\/index.php\/wp-json\/wp\/v2\/media?parent=710516"}],"wp:term":[{"taxonomy":"product_brand","embeddable":true,"href":"https:\/\/roveyayinevi.com.tr\/index.php\/wp-json\/wp\/v2\/product_brand?post=710516"},{"taxonomy":"product_cat","embeddable":true,"href":"https:\/\/roveyayinevi.com.tr\/index.php\/wp-json\/wp\/v2\/product_cat?post=710516"},{"taxonomy":"product_tag","embeddable":true,"href":"https:\/\/roveyayinevi.com.tr\/index.php\/wp-json\/wp\/v2\/product_tag?post=710516"}],"curies":[{"name":"wp","href":"https:\/\/api.w.org\/{rel}","templated":true}]}}