{"id":710514,"date":"2025-08-27T16:36:51","date_gmt":"2025-08-27T13:36:51","guid":{"rendered":"https:\/\/roveyayinevi.com.tr\/index.php\/urun\/sscb-neydi-ve-neden-coktu-ekim-devrimi-100-yasinda\/"},"modified":"2026-01-29T02:34:23","modified_gmt":"2026-01-28T23:34:23","slug":"sscb-neydi-ve-neden-coktu-ekim-devrimi-100-yasinda","status":"publish","type":"product","link":"https:\/\/roveyayinevi.com.tr\/index.php\/urun\/sscb-neydi-ve-neden-coktu-ekim-devrimi-100-yasinda\/","title":{"rendered":"SSCB Neydi ve Neden \u00c7\u00f6kt\u00fc? (Ekim Devrimi 100 Ya\u015f\u0131nda)"},"content":{"rendered":"<p>Bilindi\u011fi gibi, Sovyetler Birli\u011fi\u2019nin \u00e7\u00f6k\u00fc\u015f\u00fc ile paralel bir \u015fekilde, sosyalizme olan inan\u00e7 ve e\u011filim b\u00fct\u00fcn d\u00fcnya \u00e7ap\u0131nda erozyona u\u011frad\u0131. Bu erozyona kar\u015f\u0131n, d\u00fcnya \u00f6l\u00e7e\u011finde ya\u015fanan sorunlar\u0131n kayna\u011f\u0131n\u0131n kapitalizm oldu\u011fu ve onu a\u015fman\u0131n zorunlulu\u011fu kitlelerin bilincinden silinebilmi\u015f de\u011fil. \u0130\u015f\u00e7i s\u0131n\u0131f\u0131 sosyalizme ideolojik olarak ne kadar uzak olursa olsun, kapitalizmle ya\u015fad\u0131\u011f\u0131 \u00e7eli\u015fkiler kar\u015f\u0131s\u0131nda g\u00f6sterece\u011fi her \u00e7\u00f6z\u00fcm iradesi, her politik giri\u015fim ve m\u00fccadele, ister istemez onu sosyalizm problemi ya da tercihi ile kar\u015f\u0131 kar\u015f\u0131ya b\u0131rakacakt\u0131r. \u0130\u015f\u00e7i s\u0131n\u0131f\u0131 ve b\u00fct\u00fcn halklar i\u00e7in sosyalizmin yeniden umut olmas\u0131, Sovyetler Birli\u011fi\u2019nin hesab\u0131n\u0131 verebilmekten, do\u011fru bir de\u011ferlendirmesi ile bir sonraki geni\u015f ve kar\u015f\u0131 konulamaz at\u0131l\u0131m\u0131n teorik cephaneli\u011fine i\u00e7erilmesinden ge\u00e7mektedir. <\/p>\n","protected":false},"excerpt":{"rendered":"<p>Bilindi\u011fi gibi, Sovyetler Birli\u011fi\u2019nin \u00e7\u00f6k\u00fc\u015f\u00fc ile paralel bir \u015fekilde, sosyalizme olan inan\u00e7 ve e\u011filim b\u00fct\u00fcn d\u00fcnya \u00e7ap\u0131nda erozyona u\u011frad\u0131. Bu erozyona kar\u015f\u0131n, d\u00fcnya \u00f6l\u00e7e\u011finde ya\u015fanan sorunlar\u0131n<span class=\"excerpt-hellip\"> [\u2026]<\/span><\/p>\n","protected":false},"featured_media":0,"template":"","meta":{"_monsterinsights_skip_tracking":false,"_monsterinsights_sitenote_active":false,"_monsterinsights_sitenote_note":"","_monsterinsights_sitenote_category":0},"product_brand":[],"product_cat":[13590,12337],"product_tag":[],"class_list":{"0":"post-710514","1":"product","2":"type-product","3":"status-publish","5":"product_cat-arastirma-inceleme-politika-siyaset","6":"product_cat-politika-siyaset","7":"pa_cilt-ciltsiz","8":"pa_tur-kitap","9":"pa_yayinevi-utopya-yayinevi","10":"pa_yazar-suha-ilgaz","12":"first","13":"instock","14":"sale","15":"shipping-taxable","16":"purchasable","17":"product-type-simple"},"_links":{"self":[{"href":"https:\/\/roveyayinevi.com.tr\/index.php\/wp-json\/wp\/v2\/product\/710514","targetHints":{"allow":["GET"]}}],"collection":[{"href":"https:\/\/roveyayinevi.com.tr\/index.php\/wp-json\/wp\/v2\/product"}],"about":[{"href":"https:\/\/roveyayinevi.com.tr\/index.php\/wp-json\/wp\/v2\/types\/product"}],"wp:attachment":[{"href":"https:\/\/roveyayinevi.com.tr\/index.php\/wp-json\/wp\/v2\/media?parent=710514"}],"wp:term":[{"taxonomy":"product_brand","embeddable":true,"href":"https:\/\/roveyayinevi.com.tr\/index.php\/wp-json\/wp\/v2\/product_brand?post=710514"},{"taxonomy":"product_cat","embeddable":true,"href":"https:\/\/roveyayinevi.com.tr\/index.php\/wp-json\/wp\/v2\/product_cat?post=710514"},{"taxonomy":"product_tag","embeddable":true,"href":"https:\/\/roveyayinevi.com.tr\/index.php\/wp-json\/wp\/v2\/product_tag?post=710514"}],"curies":[{"name":"wp","href":"https:\/\/api.w.org\/{rel}","templated":true}]}}