{"id":710513,"date":"2025-08-27T16:36:50","date_gmt":"2025-08-27T13:36:50","guid":{"rendered":"https:\/\/roveyayinevi.com.tr\/index.php\/urun\/gokkusagi-mavi-seri-buyuk-umutlar\/"},"modified":"2026-04-16T02:19:19","modified_gmt":"2026-04-15T23:19:19","slug":"gokkusagi-mavi-seri-buyuk-umutlar","status":"publish","type":"product","link":"https:\/\/roveyayinevi.com.tr\/index.php\/urun\/gokkusagi-mavi-seri-buyuk-umutlar\/","title":{"rendered":"G\u00f6kku\u015fa\u011f\u0131 Mavi Seri &#8211; B\u00fcy\u00fck Umutlar"},"content":{"rendered":"<p>B\u00fcy\u00fck Umutlar, Charles Dickens\u2019\u0131n eserinden uyarlanm\u0131\u015ft\u0131r.   \u00c7ok k\u00fc\u00e7\u00fck ya\u015fta anne ve babas\u0131n\u0131 kaybeden Pip, ablas\u0131yla birlikte yoksulluk i\u00e7inde ya\u015famaktad\u0131r. Bir g\u00fcn hayat\u0131n\u0131 tamamen de\u011fi\u015ftiren bir haber al\u0131r. Kimli\u011fini a\u00e7\u0131klamayan bir yard\u0131msever, Pip\u2019e b\u00fcy\u00fck bir servet b\u0131rakm\u0131\u015ft\u0131r. Her zaman hayal etti\u011fi gibi bir beyefendi olmak ve b\u00fcy\u00fck umutlar\u0131n\u0131 ger\u00e7ekle\u015ftirebilmek i\u00e7in eline \u00e7ok de\u011ferli bir f\u0131rsat ge\u00e7mi\u015f olan Pip\u2019i hi\u00e7 hesapta olmayan yeni maceralar beklemektedir. <\/p>\n","protected":false},"excerpt":{"rendered":"<p>B\u00fcy\u00fck Umutlar, Charles Dickens\u2019\u0131n eserinden uyarlanm\u0131\u015ft\u0131r. \u00c7ok k\u00fc\u00e7\u00fck ya\u015fta anne ve babas\u0131n\u0131 kaybeden Pip, ablas\u0131yla birlikte yoksulluk i\u00e7inde ya\u015famaktad\u0131r. Bir g\u00fcn hayat\u0131n\u0131 tamamen de\u011fi\u015ftiren bir haber<span class=\"excerpt-hellip\"> [\u2026]<\/span><\/p>\n","protected":false},"featured_media":0,"template":"","meta":{"_monsterinsights_skip_tracking":false,"_monsterinsights_sitenote_active":false,"_monsterinsights_sitenote_note":"","_monsterinsights_sitenote_category":0},"product_brand":[],"product_cat":[12274,12284],"product_tag":[],"class_list":{"0":"post-710513","1":"product","2":"type-product","3":"status-publish","5":"product_cat-cocuk-ve-genclik-kitaplari","6":"product_cat-hikayeler","7":"pa_cilt-ciltsiz","8":"pa_tur-kitap","9":"pa_yayinevi-arkadas-yayinlari","10":"pa_yazar-charles-dickens","12":"first","13":"instock","14":"sale","15":"shipping-taxable","16":"purchasable","17":"product-type-simple"},"_links":{"self":[{"href":"https:\/\/roveyayinevi.com.tr\/index.php\/wp-json\/wp\/v2\/product\/710513","targetHints":{"allow":["GET"]}}],"collection":[{"href":"https:\/\/roveyayinevi.com.tr\/index.php\/wp-json\/wp\/v2\/product"}],"about":[{"href":"https:\/\/roveyayinevi.com.tr\/index.php\/wp-json\/wp\/v2\/types\/product"}],"wp:attachment":[{"href":"https:\/\/roveyayinevi.com.tr\/index.php\/wp-json\/wp\/v2\/media?parent=710513"}],"wp:term":[{"taxonomy":"product_brand","embeddable":true,"href":"https:\/\/roveyayinevi.com.tr\/index.php\/wp-json\/wp\/v2\/product_brand?post=710513"},{"taxonomy":"product_cat","embeddable":true,"href":"https:\/\/roveyayinevi.com.tr\/index.php\/wp-json\/wp\/v2\/product_cat?post=710513"},{"taxonomy":"product_tag","embeddable":true,"href":"https:\/\/roveyayinevi.com.tr\/index.php\/wp-json\/wp\/v2\/product_tag?post=710513"}],"curies":[{"name":"wp","href":"https:\/\/api.w.org\/{rel}","templated":true}]}}