{"id":710512,"date":"2025-08-27T16:36:50","date_gmt":"2025-08-27T13:36:50","guid":{"rendered":"https:\/\/roveyayinevi.com.tr\/index.php\/urun\/gokkusagi-mavi-seri-savas-ve-baris\/"},"modified":"2026-04-16T02:19:19","modified_gmt":"2026-04-15T23:19:19","slug":"gokkusagi-mavi-seri-savas-ve-baris","status":"publish","type":"product","link":"https:\/\/roveyayinevi.com.tr\/index.php\/urun\/gokkusagi-mavi-seri-savas-ve-baris\/","title":{"rendered":"G\u00f6kku\u015fa\u011f\u0131 Mavi Seri &#8211; Sava\u015f ve Bar\u0131\u015f"},"content":{"rendered":"<p>Sava\u015f ve Bar\u0131\u015f, Lev Tolstoy\u2019un eserinden uyarlanm\u0131\u015ft\u0131r. Napolyon\u2019un Rusya\u2019y\u0131 i\u015fgalini ve bu sava\u015f\u0131n g\u00f6lgesinde kaderleri de\u011fi\u015fen insanlar\u0131n hayatlar\u0131n\u0131 ustal\u0131kla yans\u0131tan ve bu \u00e7er\u00e7evede pek \u00e7ok ahlaki ve toplumsal de\u011feri titizlikle i\u015fleyen bu kitap, sava\u015f ve bar\u0131\u015f\u0131n, \u00fcmitsizlik ve y\u00fcreklili\u011fin, son olarak da sevgi ve bilgeli\u011fin \u00f6yk\u00fcs\u00fc. <\/p>\n","protected":false},"excerpt":{"rendered":"<p>Sava\u015f ve Bar\u0131\u015f, Lev Tolstoy\u2019un eserinden uyarlanm\u0131\u015ft\u0131r. Napolyon\u2019un Rusya\u2019y\u0131 i\u015fgalini ve bu sava\u015f\u0131n g\u00f6lgesinde kaderleri de\u011fi\u015fen insanlar\u0131n hayatlar\u0131n\u0131 ustal\u0131kla yans\u0131tan ve bu \u00e7er\u00e7evede pek \u00e7ok ahlaki<span class=\"excerpt-hellip\"> [\u2026]<\/span><\/p>\n","protected":false},"featured_media":0,"template":"","meta":{"_monsterinsights_skip_tracking":false,"_monsterinsights_sitenote_active":false,"_monsterinsights_sitenote_note":"","_monsterinsights_sitenote_category":0},"product_brand":[],"product_cat":[12274,12284],"product_tag":[],"class_list":{"0":"post-710512","1":"product","2":"type-product","3":"status-publish","5":"product_cat-cocuk-ve-genclik-kitaplari","6":"product_cat-hikayeler","7":"pa_cilt-ciltsiz","8":"pa_tur-kitap","9":"pa_yayinevi-arkadas-yayinlari","10":"pa_yazar-lev-nikolayevic-tolstoy","12":"first","13":"instock","14":"sale","15":"shipping-taxable","16":"purchasable","17":"product-type-simple"},"_links":{"self":[{"href":"https:\/\/roveyayinevi.com.tr\/index.php\/wp-json\/wp\/v2\/product\/710512","targetHints":{"allow":["GET"]}}],"collection":[{"href":"https:\/\/roveyayinevi.com.tr\/index.php\/wp-json\/wp\/v2\/product"}],"about":[{"href":"https:\/\/roveyayinevi.com.tr\/index.php\/wp-json\/wp\/v2\/types\/product"}],"wp:attachment":[{"href":"https:\/\/roveyayinevi.com.tr\/index.php\/wp-json\/wp\/v2\/media?parent=710512"}],"wp:term":[{"taxonomy":"product_brand","embeddable":true,"href":"https:\/\/roveyayinevi.com.tr\/index.php\/wp-json\/wp\/v2\/product_brand?post=710512"},{"taxonomy":"product_cat","embeddable":true,"href":"https:\/\/roveyayinevi.com.tr\/index.php\/wp-json\/wp\/v2\/product_cat?post=710512"},{"taxonomy":"product_tag","embeddable":true,"href":"https:\/\/roveyayinevi.com.tr\/index.php\/wp-json\/wp\/v2\/product_tag?post=710512"}],"curies":[{"name":"wp","href":"https:\/\/api.w.org\/{rel}","templated":true}]}}