{"id":710511,"date":"2025-08-27T16:36:49","date_gmt":"2025-08-27T13:36:49","guid":{"rendered":"https:\/\/roveyayinevi.com.tr\/index.php\/urun\/gokkusagi-mavi-seri-gurur-ve-onyargi\/"},"modified":"2026-04-16T02:19:19","modified_gmt":"2026-04-15T23:19:19","slug":"gokkusagi-mavi-seri-gurur-ve-onyargi","status":"publish","type":"product","link":"https:\/\/roveyayinevi.com.tr\/index.php\/urun\/gokkusagi-mavi-seri-gurur-ve-onyargi\/","title":{"rendered":"G\u00f6kku\u015fa\u011f\u0131 Mavi Seri &#8211; Gurur ve \u00d6nyarg\u0131"},"content":{"rendered":"<p>Gurur ve \u00d6nyarg\u0131, Jane Austen\u2019\u0131n eserinden uyarlanm\u0131\u015ft\u0131r. Kitap, ta\u015fral\u0131 bir aileye mensup Elizabeth Bennet ile soylu ve varl\u0131kl\u0131 Fitzwilliam Darcy aras\u0131nda ge\u00e7en \u00e7alkant\u0131l\u0131 bir a\u015fk hik\u00e2yesini anlat\u0131r. Gurur ve \u00f6nyarg\u0131lar\u0131 y\u00fcz\u00fcnden s\u00fcrekli birbiriyle \u00e7at\u0131\u015fan ve bir t\u00fcrl\u00fc bir araya gelemeyen bu iki insan\u0131, a\u015fk\u0131n kar\u015f\u0131 konulmaz g\u00fcc\u00fc sonunda birle\u015ftirebilecek mi? <\/p>\n","protected":false},"excerpt":{"rendered":"<p>Gurur ve \u00d6nyarg\u0131, Jane Austen\u2019\u0131n eserinden uyarlanm\u0131\u015ft\u0131r. Kitap, ta\u015fral\u0131 bir aileye mensup Elizabeth Bennet ile soylu ve varl\u0131kl\u0131 Fitzwilliam Darcy aras\u0131nda ge\u00e7en \u00e7alkant\u0131l\u0131 bir a\u015fk hik\u00e2yesini<span class=\"excerpt-hellip\"> [\u2026]<\/span><\/p>\n","protected":false},"featured_media":0,"template":"","meta":{"_monsterinsights_skip_tracking":false,"_monsterinsights_sitenote_active":false,"_monsterinsights_sitenote_note":"","_monsterinsights_sitenote_category":0},"product_brand":[],"product_cat":[12274,12284],"product_tag":[],"class_list":{"0":"post-710511","1":"product","2":"type-product","3":"status-publish","5":"product_cat-cocuk-ve-genclik-kitaplari","6":"product_cat-hikayeler","7":"pa_cilt-ciltsiz","8":"pa_tur-kitap","9":"pa_yayinevi-arkadas-yayinlari","10":"pa_yazar-jane-austen","12":"first","13":"instock","14":"sale","15":"shipping-taxable","16":"purchasable","17":"product-type-simple"},"_links":{"self":[{"href":"https:\/\/roveyayinevi.com.tr\/index.php\/wp-json\/wp\/v2\/product\/710511","targetHints":{"allow":["GET"]}}],"collection":[{"href":"https:\/\/roveyayinevi.com.tr\/index.php\/wp-json\/wp\/v2\/product"}],"about":[{"href":"https:\/\/roveyayinevi.com.tr\/index.php\/wp-json\/wp\/v2\/types\/product"}],"wp:attachment":[{"href":"https:\/\/roveyayinevi.com.tr\/index.php\/wp-json\/wp\/v2\/media?parent=710511"}],"wp:term":[{"taxonomy":"product_brand","embeddable":true,"href":"https:\/\/roveyayinevi.com.tr\/index.php\/wp-json\/wp\/v2\/product_brand?post=710511"},{"taxonomy":"product_cat","embeddable":true,"href":"https:\/\/roveyayinevi.com.tr\/index.php\/wp-json\/wp\/v2\/product_cat?post=710511"},{"taxonomy":"product_tag","embeddable":true,"href":"https:\/\/roveyayinevi.com.tr\/index.php\/wp-json\/wp\/v2\/product_tag?post=710511"}],"curies":[{"name":"wp","href":"https:\/\/api.w.org\/{rel}","templated":true}]}}