{"id":710510,"date":"2025-08-27T16:36:48","date_gmt":"2025-08-27T13:36:48","guid":{"rendered":"https:\/\/roveyayinevi.com.tr\/index.php\/urun\/gokkusagi-mavi-seri-othello\/"},"modified":"2026-04-16T02:19:19","modified_gmt":"2026-04-15T23:19:19","slug":"gokkusagi-mavi-seri-othello","status":"publish","type":"product","link":"https:\/\/roveyayinevi.com.tr\/index.php\/urun\/gokkusagi-mavi-seri-othello\/","title":{"rendered":"G\u00f6kku\u015fa\u011f\u0131 Mavi Seri &#8211; Othello"},"content":{"rendered":"<p>Othello, William Shakespeare\u2019in en \u00fcnl\u00fc eserlerinden biridir. Othello, Venedik devletinin hizmetinde \u00f6nemli ba\u015far\u0131lar elde etmi\u015f kahraman bir komutand\u0131r. Venedikli soylu bir ailenin k\u0131z\u0131 olan Desdemona\u2019ya ilk g\u00f6r\u00fc\u015fte \u00e2\u015f\u0131k olur ve iki sevgili gizlice evlenirler. Fakat \u00e7ok ge\u00e7meden, h\u0131rsl\u0131 bir asker olan Iago\u2019nun sinsice uydurdu\u011fu yalanlar, Othello\u2019yu kar\u015f\u0131 koyamad\u0131\u011f\u0131 bir k\u0131skan\u00e7l\u0131\u011f\u0131n pen\u00e7esine iter. Birbirlerine b\u00fcy\u00fck bir sevgiyle ba\u011fl\u0131 olan bu iki sevgiliyi ne yaz\u0131k ki trajik bir son beklemektedir. <\/p>\n","protected":false},"excerpt":{"rendered":"<p>Othello, William Shakespeare\u2019in en \u00fcnl\u00fc eserlerinden biridir. Othello, Venedik devletinin hizmetinde \u00f6nemli ba\u015far\u0131lar elde etmi\u015f kahraman bir komutand\u0131r. Venedikli soylu bir ailenin k\u0131z\u0131 olan Desdemona\u2019ya ilk<span class=\"excerpt-hellip\"> [\u2026]<\/span><\/p>\n","protected":false},"featured_media":0,"template":"","meta":{"_monsterinsights_skip_tracking":false,"_monsterinsights_sitenote_active":false,"_monsterinsights_sitenote_note":"","_monsterinsights_sitenote_category":0},"product_brand":[],"product_cat":[12274,12284],"product_tag":[],"class_list":{"0":"post-710510","1":"product","2":"type-product","3":"status-publish","5":"product_cat-cocuk-ve-genclik-kitaplari","6":"product_cat-hikayeler","7":"pa_cilt-ciltsiz","8":"pa_tur-kitap","9":"pa_yayinevi-arkadas-yayinlari","10":"pa_yazar-william-shakespeare","12":"first","13":"instock","14":"sale","15":"shipping-taxable","16":"purchasable","17":"product-type-simple"},"_links":{"self":[{"href":"https:\/\/roveyayinevi.com.tr\/index.php\/wp-json\/wp\/v2\/product\/710510","targetHints":{"allow":["GET"]}}],"collection":[{"href":"https:\/\/roveyayinevi.com.tr\/index.php\/wp-json\/wp\/v2\/product"}],"about":[{"href":"https:\/\/roveyayinevi.com.tr\/index.php\/wp-json\/wp\/v2\/types\/product"}],"wp:attachment":[{"href":"https:\/\/roveyayinevi.com.tr\/index.php\/wp-json\/wp\/v2\/media?parent=710510"}],"wp:term":[{"taxonomy":"product_brand","embeddable":true,"href":"https:\/\/roveyayinevi.com.tr\/index.php\/wp-json\/wp\/v2\/product_brand?post=710510"},{"taxonomy":"product_cat","embeddable":true,"href":"https:\/\/roveyayinevi.com.tr\/index.php\/wp-json\/wp\/v2\/product_cat?post=710510"},{"taxonomy":"product_tag","embeddable":true,"href":"https:\/\/roveyayinevi.com.tr\/index.php\/wp-json\/wp\/v2\/product_tag?post=710510"}],"curies":[{"name":"wp","href":"https:\/\/api.w.org\/{rel}","templated":true}]}}