{"id":710509,"date":"2025-08-27T16:36:48","date_gmt":"2025-08-27T13:36:48","guid":{"rendered":"https:\/\/roveyayinevi.com.tr\/index.php\/urun\/gokkusagi-yildizli-seri-leroyun-ati\/"},"modified":"2026-04-16T02:19:19","modified_gmt":"2026-04-15T23:19:19","slug":"gokkusagi-yildizli-seri-leroyun-ati","status":"publish","type":"product","link":"https:\/\/roveyayinevi.com.tr\/index.php\/urun\/gokkusagi-yildizli-seri-leroyun-ati\/","title":{"rendered":"G\u00f6kku\u015fa\u011f\u0131 Y\u0131ld\u0131zl\u0131 Seri &#8211; Leroy&#8217;un At\u0131"},"content":{"rendered":"<p>Kovboylar, kovboy \u015fapkas\u0131 takarlard\u0131. Kovboy \u00e7izmesi giyerlerdi. Yanlar\u0131nda kement ta\u015f\u0131rlard\u0131. Kovboylar, upuzun g\u00f6lgeleri yere d\u00fc\u015fen ve haks\u0131zl\u0131klara kar\u015f\u0131 nas\u0131l sava\u015facaklar\u0131n\u0131 bilen insanlard\u0131. Asla ama asla Hi\u00e7bir \u015feyden korkmazlard\u0131. Leroy Ninker, b\u00fcy\u00fck hayalleri olan ufak tefek bir adamd\u0131. Bir kovboy olmay\u0131 hayal ediyordu. Fakat kovboy olmas\u0131 i\u00e7in gerekli olan bir \u015fey eksikti. \u015eapkas\u0131, kemendi, \u00e7izmeleri ve \u201cYihuuuu\u201dlar\u0131 yeterli de\u011fildi. Bir kovboyun mutlaka sahip olmas\u0131 gereken bir at\u0131 yoktu. Leroy bir at sat\u0131n almal\u0131yd\u0131. Leroy, nihayet at\u0131n\u0131 bulmu\u015ftu. At\u0131n\u0131n ad\u0131 Maybelline\u2019di. Leroy, ilk g\u00f6r\u00fc\u015fte Maybelline\u2019den ho\u015flanm\u0131\u015ft\u0131. Fakat Maybelline\u2019in asla ve asla unutulmamas\u0131 gereken kurallar\u0131 vard\u0131. \u0130yi bir kovboy at\u0131n\u0131n kurallar\u0131na uymak zorundayd\u0131. Newbery Honor \u00f6d\u00fcl\u00fc de dahil olmak \u00fczere \u00e7ok say\u0131da \u00f6d\u00fcl alan Kate DiCamillo\u2019dan muhte\u015fem bir roman. <\/p>\n","protected":false},"excerpt":{"rendered":"<p>Kovboylar, kovboy \u015fapkas\u0131 takarlard\u0131. Kovboy \u00e7izmesi giyerlerdi. Yanlar\u0131nda kement ta\u015f\u0131rlard\u0131. Kovboylar, upuzun g\u00f6lgeleri yere d\u00fc\u015fen ve haks\u0131zl\u0131klara kar\u015f\u0131 nas\u0131l sava\u015facaklar\u0131n\u0131 bilen insanlard\u0131. Asla ama asla Hi\u00e7bir<span class=\"excerpt-hellip\"> [\u2026]<\/span><\/p>\n","protected":false},"featured_media":0,"template":"","meta":{"_monsterinsights_skip_tracking":false,"_monsterinsights_sitenote_active":false,"_monsterinsights_sitenote_note":"","_monsterinsights_sitenote_category":0},"product_brand":[],"product_cat":[12274,12284],"product_tag":[],"class_list":{"0":"post-710509","1":"product","2":"type-product","3":"status-publish","5":"product_cat-cocuk-ve-genclik-kitaplari","6":"product_cat-hikayeler","7":"pa_cilt-ciltsiz","8":"pa_tur-kitap","9":"pa_yayinevi-arkadas-yayinlari","10":"pa_yazar-kate-di-camillo","12":"first","13":"instock","14":"sale","15":"shipping-taxable","16":"purchasable","17":"product-type-simple"},"_links":{"self":[{"href":"https:\/\/roveyayinevi.com.tr\/index.php\/wp-json\/wp\/v2\/product\/710509","targetHints":{"allow":["GET"]}}],"collection":[{"href":"https:\/\/roveyayinevi.com.tr\/index.php\/wp-json\/wp\/v2\/product"}],"about":[{"href":"https:\/\/roveyayinevi.com.tr\/index.php\/wp-json\/wp\/v2\/types\/product"}],"wp:attachment":[{"href":"https:\/\/roveyayinevi.com.tr\/index.php\/wp-json\/wp\/v2\/media?parent=710509"}],"wp:term":[{"taxonomy":"product_brand","embeddable":true,"href":"https:\/\/roveyayinevi.com.tr\/index.php\/wp-json\/wp\/v2\/product_brand?post=710509"},{"taxonomy":"product_cat","embeddable":true,"href":"https:\/\/roveyayinevi.com.tr\/index.php\/wp-json\/wp\/v2\/product_cat?post=710509"},{"taxonomy":"product_tag","embeddable":true,"href":"https:\/\/roveyayinevi.com.tr\/index.php\/wp-json\/wp\/v2\/product_tag?post=710509"}],"curies":[{"name":"wp","href":"https:\/\/api.w.org\/{rel}","templated":true}]}}