{"id":710508,"date":"2025-08-27T16:36:47","date_gmt":"2025-08-27T13:36:47","guid":{"rendered":"https:\/\/roveyayinevi.com.tr\/index.php\/urun\/gokkusagi-yildizli-seri-nereye-baby-lincoln\/"},"modified":"2026-04-16T02:19:19","modified_gmt":"2026-04-15T23:19:19","slug":"gokkusagi-yildizli-seri-nereye-baby-lincoln","status":"publish","type":"product","link":"https:\/\/roveyayinevi.com.tr\/index.php\/urun\/gokkusagi-yildizli-seri-nereye-baby-lincoln\/","title":{"rendered":"G\u00f6kku\u015fa\u011f\u0131 Y\u0131ld\u0131zl\u0131 Seri &#8211; Nereye Baby Lincoln?"},"content":{"rendered":"<p>Baby Lincoln r\u00fcya g\u00f6r\u00fcyordu. R\u00fcyas\u0131nda bir trendeydi. Yan\u0131ndaki koltuk bo\u015ftu. Baby, kafas\u0131n\u0131 \u00e7evirip pencereden d\u0131\u015far\u0131ya bakt\u0131 ve karanl\u0131k g\u00f6ky\u00fcz\u00fcn\u00fcn y\u0131ld\u0131zlarla dolu oldu\u011funu g\u00f6rd\u00fc. G\u00f6ky\u00fcz\u00fcnde y\u00fczlerce, binlerce y\u0131ld\u0131z vard\u0131. Tren h\u0131zla ilerliyor ve g\u00f6ky\u00fcz\u00fcnden y\u0131ld\u0131z ya\u011f\u0131yordu. Y\u0131ld\u0131zlar\u0131n biri di\u011ferinin ard\u0131ndan, di\u011feri bir di\u011ferinin ard\u0131ndan kay\u0131p duruyordu. Sanki arkalar\u0131nda nefis \u0131\u015f\u0131k izleri b\u0131rakarak birbirleriyle yar\u0131\u015f\u0131yorlard\u0131. Baby, r\u00fcyan\u0131n en g\u00fczel yerinde ablas\u0131n\u0131n sesiyle uyand\u0131. Ablas\u0131, her zamanki gibi acele etmesini, g\u00fcn i\u00e7inde yapacaklar\u0131 i\u015fleri s\u00f6yl\u00fcyordu. Baby ablas\u0131n\u0131n s\u00fcrekli emir vermesinden, her \u015feyi kontrol etmesinden \u00e7ok s\u0131k\u0131lm\u0131\u015ft\u0131. \u00dcstelik kendisini \u00e7ok ama \u00e7ok yorgun hissediyordu. Birden r\u00fcyas\u0131 akl\u0131na geldi. Kesinlikle bir yolculu\u011fa \u00e7\u0131kmal\u0131yd\u0131. Baby, \u201cGerekli Bir Yolculuk\u201d diye f\u0131s\u0131ldad\u0131. \u0130ki defa Newbery Honor \u00f6d\u00fcl\u00fc de d\u00e2hil olmak \u00fczere \u00e7ok say\u0131da \u00f6d\u00fcl alan Kate DiCamillo\u2019dan muhte\u015fem bir roman. <\/p>\n","protected":false},"excerpt":{"rendered":"<p>Baby Lincoln r\u00fcya g\u00f6r\u00fcyordu. R\u00fcyas\u0131nda bir trendeydi. Yan\u0131ndaki koltuk bo\u015ftu. Baby, kafas\u0131n\u0131 \u00e7evirip pencereden d\u0131\u015far\u0131ya bakt\u0131 ve karanl\u0131k g\u00f6ky\u00fcz\u00fcn\u00fcn y\u0131ld\u0131zlarla dolu oldu\u011funu g\u00f6rd\u00fc. G\u00f6ky\u00fcz\u00fcnde y\u00fczlerce, binlerce<span class=\"excerpt-hellip\"> [\u2026]<\/span><\/p>\n","protected":false},"featured_media":0,"template":"","meta":{"_monsterinsights_skip_tracking":false,"_monsterinsights_sitenote_active":false,"_monsterinsights_sitenote_note":"","_monsterinsights_sitenote_category":0},"product_brand":[],"product_cat":[12274,12284],"product_tag":[],"class_list":{"0":"post-710508","1":"product","2":"type-product","3":"status-publish","5":"product_cat-cocuk-ve-genclik-kitaplari","6":"product_cat-hikayeler","7":"pa_cilt-ciltsiz","8":"pa_tur-kitap","9":"pa_yayinevi-arkadas-yayinlari","10":"pa_yazar-kate-di-camillo","12":"first","13":"instock","14":"sale","15":"shipping-taxable","16":"purchasable","17":"product-type-simple"},"_links":{"self":[{"href":"https:\/\/roveyayinevi.com.tr\/index.php\/wp-json\/wp\/v2\/product\/710508","targetHints":{"allow":["GET"]}}],"collection":[{"href":"https:\/\/roveyayinevi.com.tr\/index.php\/wp-json\/wp\/v2\/product"}],"about":[{"href":"https:\/\/roveyayinevi.com.tr\/index.php\/wp-json\/wp\/v2\/types\/product"}],"wp:attachment":[{"href":"https:\/\/roveyayinevi.com.tr\/index.php\/wp-json\/wp\/v2\/media?parent=710508"}],"wp:term":[{"taxonomy":"product_brand","embeddable":true,"href":"https:\/\/roveyayinevi.com.tr\/index.php\/wp-json\/wp\/v2\/product_brand?post=710508"},{"taxonomy":"product_cat","embeddable":true,"href":"https:\/\/roveyayinevi.com.tr\/index.php\/wp-json\/wp\/v2\/product_cat?post=710508"},{"taxonomy":"product_tag","embeddable":true,"href":"https:\/\/roveyayinevi.com.tr\/index.php\/wp-json\/wp\/v2\/product_tag?post=710508"}],"curies":[{"name":"wp","href":"https:\/\/api.w.org\/{rel}","templated":true}]}}