{"id":710506,"date":"2025-08-27T16:36:46","date_gmt":"2025-08-27T13:36:46","guid":{"rendered":"https:\/\/roveyayinevi.com.tr\/index.php\/urun\/benlik-uzerine-denemeler\/"},"modified":"2026-04-16T02:19:19","modified_gmt":"2026-04-15T23:19:19","slug":"benlik-uzerine-denemeler","status":"publish","type":"product","link":"https:\/\/roveyayinevi.com.tr\/index.php\/urun\/benlik-uzerine-denemeler\/","title":{"rendered":"Benlik \u00dczerine Denemeler"},"content":{"rendered":"<p>Virginia Woolf (1882-1941) \u00e7ok \u00e7e\u015fitli konularda harikulade d\u00fczyaz\u0131lar yazm\u0131\u015fken ben bu se\u00e7kiyi \u201cbenlik\u201d \u00fczerine odakland\u0131rmay\u0131 tercih ettim. \u00d6yleyse hemen cevaplamam gereken soru \u015fu: Neden? Neden kad\u0131n haklar\u0131n\u0131 ya da modernlik devrimlerini ya da roman\u0131n evrelerini se\u00e7medim? Neden s\u0131n\u0131rl\u0131, sonlu ve muhtemelen yan\u0131lt\u0131c\u0131 \u201cbenlik\u201dle cebelle\u015fmeye ba\u015flad\u0131m? Neden Woolf\u2019u da pe\u015fimden s\u00fcr\u00fckledim? Benlik nedir? Ne demektir? Kimin tan\u0131m\u0131d\u0131r? Sanat\u00e7\u0131n\u0131n kendisi mi, yoksa toplumsal benli\u011fi midir? Bireyin kurallarca mecbur edilmi\u015f, maskelerin ard\u0131ndaki benli\u011fi midir? Peki maske nerede biter, kendi nerede ba\u015flar? Bir tane mi benlik vard\u0131r, yoksa hesaplanamayacak kadar \u00e7ok miktarda m\u0131d\u0131r? De\u011fi\u015fken midir, yoksa b\u00f6l\u00fcnemez bir b\u00fct\u00fcn m\u00fcd\u00fcr?Bu derleme i\u00e7erisindeki denemeler elbette sadece \u201cbenlik\u201d mevzusuyla ilgilenmemektedir. Woolf ayn\u0131 zamanda kad\u0131n haklar\u0131n\u0131, modernlik devrimlerini, roman\u0131n ge\u00e7mi\u015fini, \u015fimdisini ve gelece\u011fini de tart\u0131\u015fmaktad\u0131r. Sosyal e\u015fitsizli\u011fi ve sava\u015f\u0131n getirdi\u011fi \u0131st\u0131rab\u0131 dilbazca bir ustal\u0131kla ifade eder. Sa\u011flam bir edebiyat antikac\u0131s\u0131d\u0131r, hazine av\u0131nda ge\u00e7mi\u015fi tarar. Ayn\u0131 zamanda g\u00fcn\u00fcn estetik \u00e7eki\u015fmeleri ve \u00e7a\u011f\u0131n\u0131n dinamik noksanl\u0131\u011f\u0131n\u0131 da i\u00e7ine i\u015flemi\u015f\u00e7esine kafas\u0131na takar. Kendi \u015feytanlar\u0131yla m\u00fccadele eder, kendisiyle dalga ge\u00e7enlerle dalga ge\u00e7er ve genellikle de \u00fcst\u00fcn gelir. Se\u00e7ti\u011fim denemeler Woolf\u2019un 37 ya\u015f\u0131nda oldu\u011fu 1919 y\u0131l\u0131 ila 58 ya\u015f\u0131nda oldu\u011fu 1940 y\u0131l\u0131 aras\u0131nda yaz\u0131lm\u0131\u015ft\u0131r. Bu s\u00fcre zarf\u0131nda Woolf de\u011fi\u015fmi\u015ftir, hem de defalarca; fikirleri de\u011fi\u015fmi\u015ftir, ko\u015fullar\u0131 da \u00f6yle. O, kalemi her eline ald\u0131\u011f\u0131nda ayn\u0131 b\u00fck\u00fclmez ve kusursuz duru\u015fu yineleyen sabit bir te\u015fekk\u00fcl de\u011fildir&#8230; (Joanna Kavenna) <\/p>\n","protected":false},"excerpt":{"rendered":"<p>Virginia Woolf (1882-1941) \u00e7ok \u00e7e\u015fitli konularda harikulade d\u00fczyaz\u0131lar yazm\u0131\u015fken ben bu se\u00e7kiyi \u201cbenlik\u201d \u00fczerine odakland\u0131rmay\u0131 tercih ettim. \u00d6yleyse hemen cevaplamam gereken soru \u015fu: Neden? Neden kad\u0131n<span class=\"excerpt-hellip\"> [\u2026]<\/span><\/p>\n","protected":false},"featured_media":0,"template":"","meta":{"_monsterinsights_skip_tracking":false,"_monsterinsights_sitenote_active":false,"_monsterinsights_sitenote_note":"","_monsterinsights_sitenote_category":0},"product_brand":[],"product_cat":[12777,12291],"product_tag":[],"class_list":{"0":"post-710506","1":"product","2":"type-product","3":"status-publish","5":"product_cat-deneme","6":"product_cat-edebiyat","7":"pa_cilt-ciltsiz","8":"pa_tur-kitap","9":"pa_yayinevi-ayrinti-yayinlari","10":"pa_yazar-virginia-woolf","12":"first","13":"instock","14":"sale","15":"shipping-taxable","16":"purchasable","17":"product-type-simple"},"_links":{"self":[{"href":"https:\/\/roveyayinevi.com.tr\/index.php\/wp-json\/wp\/v2\/product\/710506","targetHints":{"allow":["GET"]}}],"collection":[{"href":"https:\/\/roveyayinevi.com.tr\/index.php\/wp-json\/wp\/v2\/product"}],"about":[{"href":"https:\/\/roveyayinevi.com.tr\/index.php\/wp-json\/wp\/v2\/types\/product"}],"wp:attachment":[{"href":"https:\/\/roveyayinevi.com.tr\/index.php\/wp-json\/wp\/v2\/media?parent=710506"}],"wp:term":[{"taxonomy":"product_brand","embeddable":true,"href":"https:\/\/roveyayinevi.com.tr\/index.php\/wp-json\/wp\/v2\/product_brand?post=710506"},{"taxonomy":"product_cat","embeddable":true,"href":"https:\/\/roveyayinevi.com.tr\/index.php\/wp-json\/wp\/v2\/product_cat?post=710506"},{"taxonomy":"product_tag","embeddable":true,"href":"https:\/\/roveyayinevi.com.tr\/index.php\/wp-json\/wp\/v2\/product_tag?post=710506"}],"curies":[{"name":"wp","href":"https:\/\/api.w.org\/{rel}","templated":true}]}}