{"id":710505,"date":"2025-08-27T16:36:46","date_gmt":"2025-08-27T13:36:46","guid":{"rendered":"https:\/\/roveyayinevi.com.tr\/index.php\/urun\/gokyuzunun-rengi\/"},"modified":"2026-04-16T02:19:19","modified_gmt":"2026-04-15T23:19:19","slug":"gokyuzunun-rengi","status":"publish","type":"product","link":"https:\/\/roveyayinevi.com.tr\/index.php\/urun\/gokyuzunun-rengi\/","title":{"rendered":"G\u00f6ky\u00fcz\u00fcn\u00fcn Rengi"},"content":{"rendered":"<p>Bin bir renkli hayaller kurmak i\u00e7in d\u00fc\u015f\u00fcncelerinizi serbest b\u0131rak\u0131n!Marisol arkada\u015flar\u0131yla birlikte bir duvar resmi \u00e7izecekti. Heyecanla g\u00f6ky\u00fcz\u00fcn\u00fc boyamay\u0131 bekliyor- du&#8230; Ama boya kutusunda mavi renk yoktu! Peki, mavi renk olmazsa g\u00f6ky\u00fcz\u00fc nas\u0131l boyan\u0131rd\u0131? Marisol saatlerce d\u00fc\u015f\u00fcnd\u00fc, d\u00fc\u015f\u00fcnd\u00fc, d\u00fc\u015f\u00fcnd\u00fc! Sonra g\u00f6z kama\u015ft\u0131ran g\u00fcn bat\u0131m\u0131n\u0131 g\u00f6rd\u00fc. Ve b\u00f6ylece g\u00f6ky\u00fcz\u00fcn\u00fc boyaman\u0131n ba\u015fka bir yolu oldu\u011funu fark etti. <\/p>\n","protected":false},"excerpt":{"rendered":"<p>Bin bir renkli hayaller kurmak i\u00e7in d\u00fc\u015f\u00fcncelerinizi serbest b\u0131rak\u0131n!Marisol arkada\u015flar\u0131yla birlikte bir duvar resmi \u00e7izecekti. Heyecanla g\u00f6ky\u00fcz\u00fcn\u00fc boyamay\u0131 bekliyor- du&#8230; Ama boya kutusunda mavi renk yoktu!<span class=\"excerpt-hellip\"> [\u2026]<\/span><\/p>\n","protected":false},"featured_media":0,"template":"","meta":{"_monsterinsights_skip_tracking":false,"_monsterinsights_sitenote_active":false,"_monsterinsights_sitenote_note":"","_monsterinsights_sitenote_category":0},"product_brand":[],"product_cat":[12913,12274],"product_tag":[],"class_list":{"0":"post-710505","1":"product","2":"type-product","3":"status-publish","5":"product_cat-3-6-yas-kitaplari","6":"product_cat-cocuk-ve-genclik-kitaplari","7":"pa_cilt-ciltsiz","8":"pa_tur-kitap","9":"pa_yayinevi-altin-kitaplar-cocuk-kitaplari","10":"pa_yazar-peter-h-reynolds","12":"first","13":"instock","14":"sale","15":"shipping-taxable","16":"purchasable","17":"product-type-simple"},"_links":{"self":[{"href":"https:\/\/roveyayinevi.com.tr\/index.php\/wp-json\/wp\/v2\/product\/710505","targetHints":{"allow":["GET"]}}],"collection":[{"href":"https:\/\/roveyayinevi.com.tr\/index.php\/wp-json\/wp\/v2\/product"}],"about":[{"href":"https:\/\/roveyayinevi.com.tr\/index.php\/wp-json\/wp\/v2\/types\/product"}],"wp:attachment":[{"href":"https:\/\/roveyayinevi.com.tr\/index.php\/wp-json\/wp\/v2\/media?parent=710505"}],"wp:term":[{"taxonomy":"product_brand","embeddable":true,"href":"https:\/\/roveyayinevi.com.tr\/index.php\/wp-json\/wp\/v2\/product_brand?post=710505"},{"taxonomy":"product_cat","embeddable":true,"href":"https:\/\/roveyayinevi.com.tr\/index.php\/wp-json\/wp\/v2\/product_cat?post=710505"},{"taxonomy":"product_tag","embeddable":true,"href":"https:\/\/roveyayinevi.com.tr\/index.php\/wp-json\/wp\/v2\/product_tag?post=710505"}],"curies":[{"name":"wp","href":"https:\/\/api.w.org\/{rel}","templated":true}]}}