{"id":710502,"date":"2025-08-27T16:36:44","date_gmt":"2025-08-27T13:36:44","guid":{"rendered":"https:\/\/roveyayinevi.com.tr\/index.php\/urun\/dracula\/"},"modified":"2026-04-12T02:22:38","modified_gmt":"2026-04-11T23:22:38","slug":"dracula","status":"publish","type":"product","link":"https:\/\/roveyayinevi.com.tr\/index.php\/urun\/dracula\/","title":{"rendered":"Dracula"},"content":{"rendered":"<p>Kont orada yat\u0131yordu, ama sanki gen\u00e7li\u011fi yenilenmi\u015f gibi g\u00f6r\u00fcn\u00fcyordu; yanaklar\u0131 daha dolgundu ve beyaz derisinin alt\u0131 yakut k\u0131rm\u0131z\u0131s\u0131 g\u00f6r\u00fcn\u00fcyordu; a\u011fz\u0131 her zamankinden de k\u0131rm\u0131z\u0131yd\u0131, dudaklar\u0131nda taze kan damlalar\u0131 vard\u0131 ve a\u011fz\u0131n\u0131n kenarlar\u0131ndan a\u015fa\u011f\u0131 ak\u0131yor, \u00e7enesinden ve boynundan s\u00fcz\u00fcl\u00fcyordu. <\/p>\n","protected":false},"excerpt":{"rendered":"<p>Kont orada yat\u0131yordu, ama sanki gen\u00e7li\u011fi yenilenmi\u015f gibi g\u00f6r\u00fcn\u00fcyordu; yanaklar\u0131 daha dolgundu ve beyaz derisinin alt\u0131 yakut k\u0131rm\u0131z\u0131s\u0131 g\u00f6r\u00fcn\u00fcyordu; a\u011fz\u0131 her zamankinden de k\u0131rm\u0131z\u0131yd\u0131, dudaklar\u0131nda taze<span class=\"excerpt-hellip\"> [\u2026]<\/span><\/p>\n","protected":false},"featured_media":0,"template":"","meta":{"_monsterinsights_skip_tracking":false,"_monsterinsights_sitenote_active":false,"_monsterinsights_sitenote_note":"","_monsterinsights_sitenote_category":0},"product_brand":[],"product_cat":[12291,12711],"product_tag":[],"class_list":{"0":"post-710502","1":"product","2":"type-product","3":"status-publish","5":"product_cat-edebiyat","6":"product_cat-roman-oyku","7":"pa_cilt-ciltli","8":"pa_tur-kitap","9":"pa_yayinevi-yabanci-yayinevi","10":"pa_yazar-bram-stoker","12":"first","13":"instock","14":"sale","15":"shipping-taxable","16":"purchasable","17":"product-type-simple"},"_links":{"self":[{"href":"https:\/\/roveyayinevi.com.tr\/index.php\/wp-json\/wp\/v2\/product\/710502","targetHints":{"allow":["GET"]}}],"collection":[{"href":"https:\/\/roveyayinevi.com.tr\/index.php\/wp-json\/wp\/v2\/product"}],"about":[{"href":"https:\/\/roveyayinevi.com.tr\/index.php\/wp-json\/wp\/v2\/types\/product"}],"wp:attachment":[{"href":"https:\/\/roveyayinevi.com.tr\/index.php\/wp-json\/wp\/v2\/media?parent=710502"}],"wp:term":[{"taxonomy":"product_brand","embeddable":true,"href":"https:\/\/roveyayinevi.com.tr\/index.php\/wp-json\/wp\/v2\/product_brand?post=710502"},{"taxonomy":"product_cat","embeddable":true,"href":"https:\/\/roveyayinevi.com.tr\/index.php\/wp-json\/wp\/v2\/product_cat?post=710502"},{"taxonomy":"product_tag","embeddable":true,"href":"https:\/\/roveyayinevi.com.tr\/index.php\/wp-json\/wp\/v2\/product_tag?post=710502"}],"curies":[{"name":"wp","href":"https:\/\/api.w.org\/{rel}","templated":true}]}}