{"id":710500,"date":"2025-08-27T16:36:43","date_gmt":"2025-08-27T13:36:43","guid":{"rendered":"https:\/\/roveyayinevi.com.tr\/index.php\/urun\/kokler-ingiliz-futbolunun-yakin-tarihi\/"},"modified":"2026-04-16T02:19:19","modified_gmt":"2026-04-15T23:19:19","slug":"kokler-ingiliz-futbolunun-yakin-tarihi","status":"publish","type":"product","link":"https:\/\/roveyayinevi.com.tr\/index.php\/urun\/kokler-ingiliz-futbolunun-yakin-tarihi\/","title":{"rendered":"K\u00f6kler: \u0130ngiliz Futbolunun Yak\u0131n Tarihi"},"content":{"rendered":"<p>\u201cDavid Winner\u2019a \u015f\u00fck\u00fcrler olsun\u2026 Muazzam bir kitap.\u201d \u2013FourFourTwo Hollanda futbolunu ve k\u00fclt\u00fcr\u00fcn\u00fc incelikle anlatan Harika Portakal\u2019\u0131n yazar\u0131 David Winner\u2019dan bu kez yak\u0131n \u0130ngiliz futbol tarihine \u0131\u015f\u0131k tutan bir kitap: K\u00f6kler. \u0130ngiltere\u2019nin D\u00fcnya Kupas\u0131\u2019nda ba\u015far\u0131s\u0131z sonu\u00e7lar almas\u0131n\u0131n arkas\u0131nda yatan sebep ne? Roy Keane ile asla kar\u015f\u0131la\u015fmam\u0131\u015f ancak hafif piyade tugay\u0131 teyakkuzunda \u00f6len asker aras\u0131nda nas\u0131l bir ba\u011flant\u0131 var? \u0130ngiltere\u2019nin ruhu \u00fczerinde \u00e7amurun ve \u0131slak me\u015finin ne gibi bir \u00f6nemi bulunuyor? \u0130\u015fte \u0130ngiliz futbolunu ilgilendiren bu ve bunun gibi sorulara s\u0131rad\u0131\u015f\u0131 ve e\u011flenceli bir yakla\u015f\u0131mla yan\u0131t bulan Winner, \u0130ngilizli\u011fin ve s\u00fcrekli devinim i\u00e7inde olan futbolun ruhunu benzersiz \u00fcslubuyla anlatmay\u0131 ba\u015far\u0131yor. <\/p>\n","protected":false},"excerpt":{"rendered":"<p>\u201cDavid Winner\u2019a \u015f\u00fck\u00fcrler olsun\u2026 Muazzam bir kitap.\u201d \u2013FourFourTwo Hollanda futbolunu ve k\u00fclt\u00fcr\u00fcn\u00fc incelikle anlatan Harika Portakal\u2019\u0131n yazar\u0131 David Winner\u2019dan bu kez yak\u0131n \u0130ngiliz futbol tarihine \u0131\u015f\u0131k<span class=\"excerpt-hellip\"> [\u2026]<\/span><\/p>\n","protected":false},"featured_media":0,"template":"","meta":{"_monsterinsights_skip_tracking":false,"_monsterinsights_sitenote_active":false,"_monsterinsights_sitenote_note":"","_monsterinsights_sitenote_category":0},"product_brand":[],"product_cat":[15563,15564],"product_tag":[],"class_list":{"0":"post-710500","1":"product","2":"type-product","3":"status-publish","5":"product_cat-hobi","6":"product_cat-spor","7":"pa_cilt-ciltsiz","8":"pa_tur-kitap","9":"pa_yayinevi-ithaki-yayinlari","10":"pa_yazar-david-winner","11":"pa_yazar-tan-morgul-haz","13":"first","14":"instock","15":"sale","16":"shipping-taxable","17":"purchasable","18":"product-type-simple"},"_links":{"self":[{"href":"https:\/\/roveyayinevi.com.tr\/index.php\/wp-json\/wp\/v2\/product\/710500","targetHints":{"allow":["GET"]}}],"collection":[{"href":"https:\/\/roveyayinevi.com.tr\/index.php\/wp-json\/wp\/v2\/product"}],"about":[{"href":"https:\/\/roveyayinevi.com.tr\/index.php\/wp-json\/wp\/v2\/types\/product"}],"wp:attachment":[{"href":"https:\/\/roveyayinevi.com.tr\/index.php\/wp-json\/wp\/v2\/media?parent=710500"}],"wp:term":[{"taxonomy":"product_brand","embeddable":true,"href":"https:\/\/roveyayinevi.com.tr\/index.php\/wp-json\/wp\/v2\/product_brand?post=710500"},{"taxonomy":"product_cat","embeddable":true,"href":"https:\/\/roveyayinevi.com.tr\/index.php\/wp-json\/wp\/v2\/product_cat?post=710500"},{"taxonomy":"product_tag","embeddable":true,"href":"https:\/\/roveyayinevi.com.tr\/index.php\/wp-json\/wp\/v2\/product_tag?post=710500"}],"curies":[{"name":"wp","href":"https:\/\/api.w.org\/{rel}","templated":true}]}}