{"id":710498,"date":"2025-08-27T16:36:42","date_gmt":"2025-08-27T13:36:42","guid":{"rendered":"https:\/\/roveyayinevi.com.tr\/index.php\/urun\/efsaneler-kenti-istanbul\/"},"modified":"2026-04-16T02:19:19","modified_gmt":"2026-04-15T23:19:19","slug":"efsaneler-kenti-istanbul","status":"publish","type":"product","link":"https:\/\/roveyayinevi.com.tr\/index.php\/urun\/efsaneler-kenti-istanbul\/","title":{"rendered":"Efsaneler Kenti \u0130stanbul"},"content":{"rendered":"<p>Tarih boyunca farkl\u0131 uygarl\u0131klara ev sahipli\u011fi yapan \u0130stanbul, kurulu\u015fuyla birlikte efsanelere ve s\u00f6ylencelere de konu olmaya ba\u015fl\u0131yor. An\u0131tlar\u0131n sahip oldu\u011fu gizli g\u00fc\u00e7ler, fetih esnas\u0131nda ger\u00e7ekle\u015fen ola\u011fan\u00fcst\u00fc olaylar, as\u0131rlar boyunca nesilden nesile aktar\u0131l\u0131yor. \ufffcTan\u0131t\u0131m Metni<\/p>\n","protected":false},"excerpt":{"rendered":"<p>Tarih boyunca farkl\u0131 uygarl\u0131klara ev sahipli\u011fi yapan \u0130stanbul, kurulu\u015fuyla birlikte efsanelere ve s\u00f6ylencelere de konu olmaya ba\u015fl\u0131yor. An\u0131tlar\u0131n sahip oldu\u011fu gizli g\u00fc\u00e7ler, fetih esnas\u0131nda ger\u00e7ekle\u015fen ola\u011fan\u00fcst\u00fc<span class=\"excerpt-hellip\"> [\u2026]<\/span><\/p>\n","protected":false},"featured_media":0,"template":"","meta":{"_monsterinsights_skip_tracking":false,"_monsterinsights_sitenote_active":false,"_monsterinsights_sitenote_note":"","_monsterinsights_sitenote_category":0},"product_brand":[],"product_cat":[12274,12284],"product_tag":[],"class_list":{"0":"post-710498","1":"product","2":"type-product","3":"status-publish","5":"product_cat-cocuk-ve-genclik-kitaplari","6":"product_cat-hikayeler","7":"pa_cilt-ciltsiz","8":"pa_tur-kitap","9":"pa_yayinevi-hep-kitap","10":"pa_yazar-refik-durbas","12":"first","13":"instock","14":"sale","15":"shipping-taxable","16":"purchasable","17":"product-type-simple"},"_links":{"self":[{"href":"https:\/\/roveyayinevi.com.tr\/index.php\/wp-json\/wp\/v2\/product\/710498","targetHints":{"allow":["GET"]}}],"collection":[{"href":"https:\/\/roveyayinevi.com.tr\/index.php\/wp-json\/wp\/v2\/product"}],"about":[{"href":"https:\/\/roveyayinevi.com.tr\/index.php\/wp-json\/wp\/v2\/types\/product"}],"wp:attachment":[{"href":"https:\/\/roveyayinevi.com.tr\/index.php\/wp-json\/wp\/v2\/media?parent=710498"}],"wp:term":[{"taxonomy":"product_brand","embeddable":true,"href":"https:\/\/roveyayinevi.com.tr\/index.php\/wp-json\/wp\/v2\/product_brand?post=710498"},{"taxonomy":"product_cat","embeddable":true,"href":"https:\/\/roveyayinevi.com.tr\/index.php\/wp-json\/wp\/v2\/product_cat?post=710498"},{"taxonomy":"product_tag","embeddable":true,"href":"https:\/\/roveyayinevi.com.tr\/index.php\/wp-json\/wp\/v2\/product_tag?post=710498"}],"curies":[{"name":"wp","href":"https:\/\/api.w.org\/{rel}","templated":true}]}}