{"id":710495,"date":"2025-08-27T16:36:40","date_gmt":"2025-08-27T13:36:40","guid":{"rendered":"https:\/\/roveyayinevi.com.tr\/index.php\/urun\/uluslararasi-kavramini-yeniden-dusunmek-kuramsal-ve-yontemsel-tartismalar\/"},"modified":"2026-04-16T02:19:19","modified_gmt":"2026-04-15T23:19:19","slug":"uluslararasi-kavramini-yeniden-dusunmek-kuramsal-ve-yontemsel-tartismalar","status":"publish","type":"product","link":"https:\/\/roveyayinevi.com.tr\/index.php\/urun\/uluslararasi-kavramini-yeniden-dusunmek-kuramsal-ve-yontemsel-tartismalar\/","title":{"rendered":"&#8220;Uluslararas\u0131&#8221; Kavram\u0131n\u0131 Yeniden D\u00fc\u015f\u00fcnmek (Kuramsal ve Y\u00f6ntemsel Tart\u0131\u015fmalar)"},"content":{"rendered":"<p>T\u00fcrk\u00e7e akademik yaz\u0131n\u0131nda &#8220;uluslararas\u0131&#8221; kavram\u0131na dair tart\u0131\u015fmalar Uluslararas\u0131 \u0130li\u015fkiler [U\u0130] disipliniyle s\u0131n\u0131rl\u0131 kalmaktad\u0131r. Oysaki &#8220;uluslararas\u0131&#8221; kavram\u0131 di\u011fer sosyal bilimler disiplinlerinde ve b\u00f6lge \u00e7al\u0131\u015fmalar\u0131 gibi disiplinleraras\u0131 \u00e7al\u0131\u015fma alanlar\u0131nda da tart\u0131\u015f\u0131lmakta ve hem kuramsal hem de y\u00f6ntemsel yenilikler \u00f6nerilmektedir. Elinizdeki ilerlemenin temel ama\u00e7lar\u0131ndan biri, bahsi ge\u00e7en kuramsal ve y\u00f6ntemsel \u00e7abalar\u0131n bir profilini \u00e7\u0131karmakt\u0131r. B\u00f6lge \u00e7al\u0131\u015fmalar\u0131n\u0131n \u0130ngilizce konu\u015fulan akademik d\u00fcnyada ve T\u00fcrkiye&#8217;de anla\u015f\u0131lmas\u0131 ve uygulanmas\u0131, ulus-\u00f6tesi kavram\u0131 \u00fczerine U\u0130 disiplini i\u00e7inden tart\u0131\u015fmalar, ba\u011flant\u0131l\u0131l\u0131k kavram\u0131 \u00fczerine antropologlar\u0131n kavramsalla\u015ft\u0131rmalar\u0131, uluslararas\u0131 kavram\u0131n\u0131 de\u011fi\u015fik \u00f6l\u00e7eklerde d\u00fc\u015f\u00fcnmenin siyasi co\u011frafyac\u0131lar taraf\u0131ndan ele alm\u0131\u015f \u015fekilleri buna \u00f6rnek olarak g\u00f6sterilebilir.K\u00fcreselle\u015fme tart\u0131\u015fmalar\u0131n\u0131n yeni bir \u00f6l\u00e7e\u011fe ta\u015f\u0131nd\u0131\u011f\u0131 g\u00fcn\u00fcm\u00fczde, yaln\u0131zca Uluslararas\u0131 \u0130li\u015fkiler de\u011fil Antropoloji gibi di\u011fer disiplinler de yerelin \u00f6tesi ile kurduklar\u0131 ili\u015fkiyi g\u00f6zden ge\u00e7irmekteler. B\u00f6yle bir d\u00f6nemde, &#8220;uluslararas\u0131&#8221; kavram\u0131n\u0131 yeniden d\u00fc\u015f\u00fcnmenin genel sosyal bilimler tart\u0131\u015fmalar\u0131na yap\u0131c\u0131 bir katk\u0131 sunaca\u011f\u0131na inan\u0131yoruz. <\/p>\n","protected":false},"excerpt":{"rendered":"<p>T\u00fcrk\u00e7e akademik yaz\u0131n\u0131nda &#8220;uluslararas\u0131&#8221; kavram\u0131na dair tart\u0131\u015fmalar Uluslararas\u0131 \u0130li\u015fkiler [U\u0130] disipliniyle s\u0131n\u0131rl\u0131 kalmaktad\u0131r. Oysaki &#8220;uluslararas\u0131&#8221; kavram\u0131 di\u011fer sosyal bilimler disiplinlerinde ve b\u00f6lge \u00e7al\u0131\u015fmalar\u0131 gibi disiplinleraras\u0131 \u00e7al\u0131\u015fma<span class=\"excerpt-hellip\"> [\u2026]<\/span><\/p>\n","protected":false},"featured_media":0,"template":"","meta":{"_monsterinsights_skip_tracking":false,"_monsterinsights_sitenote_active":false,"_monsterinsights_sitenote_note":"","_monsterinsights_sitenote_category":0},"product_brand":[],"product_cat":[12337,14706],"product_tag":[],"class_list":{"0":"post-710495","1":"product","2":"type-product","3":"status-publish","5":"product_cat-politika-siyaset","6":"product_cat-siyaset-bilimi","7":"pa_cilt-ciltsiz","8":"pa_tur-kitap","9":"pa_yayinevi-heretik-yayincilik","10":"pa_yazar-ceren-ergenc-derya-g-akder","12":"first","13":"instock","14":"sale","15":"shipping-taxable","16":"purchasable","17":"product-type-simple"},"_links":{"self":[{"href":"https:\/\/roveyayinevi.com.tr\/index.php\/wp-json\/wp\/v2\/product\/710495","targetHints":{"allow":["GET"]}}],"collection":[{"href":"https:\/\/roveyayinevi.com.tr\/index.php\/wp-json\/wp\/v2\/product"}],"about":[{"href":"https:\/\/roveyayinevi.com.tr\/index.php\/wp-json\/wp\/v2\/types\/product"}],"wp:attachment":[{"href":"https:\/\/roveyayinevi.com.tr\/index.php\/wp-json\/wp\/v2\/media?parent=710495"}],"wp:term":[{"taxonomy":"product_brand","embeddable":true,"href":"https:\/\/roveyayinevi.com.tr\/index.php\/wp-json\/wp\/v2\/product_brand?post=710495"},{"taxonomy":"product_cat","embeddable":true,"href":"https:\/\/roveyayinevi.com.tr\/index.php\/wp-json\/wp\/v2\/product_cat?post=710495"},{"taxonomy":"product_tag","embeddable":true,"href":"https:\/\/roveyayinevi.com.tr\/index.php\/wp-json\/wp\/v2\/product_tag?post=710495"}],"curies":[{"name":"wp","href":"https:\/\/api.w.org\/{rel}","templated":true}]}}