{"id":710494,"date":"2025-08-27T16:36:40","date_gmt":"2025-08-27T13:36:40","guid":{"rendered":"https:\/\/roveyayinevi.com.tr\/index.php\/urun\/iktisadi-dusunce-tarihi-2\/"},"modified":"2026-04-16T02:19:19","modified_gmt":"2026-04-15T23:19:19","slug":"iktisadi-dusunce-tarihi-2","status":"publish","type":"product","link":"https:\/\/roveyayinevi.com.tr\/index.php\/urun\/iktisadi-dusunce-tarihi-2\/","title":{"rendered":"\u0130ktisadi D\u00fc\u015f\u00fcnce Tarihi"},"content":{"rendered":"<p>Heinz D. Kurz, bu k\u0131sa ve \u00f6z kitab\u0131nda, alan\u0131nda ne kadar yetkin oldu\u011funu ortaya koyuyor. Iktisadi d\u00fc\u015f\u00fcnce tarihini iktisat teorileri temelinde -teorilerin olu\u015fumu, inandir\u0131c\u0131l\u0131\u011f\u0131, iktisat politikas\u0131 olarak uygulanabilirli\u011fi vb.- ele alarak, antik \u00e7a\u011fdan g\u00fcn\u00fcm\u00fcze kadarki s\u00fcrecini 246 sayfada derli toplu sunuyor. Bunu yaparken aralar\u0131ndaki ba\u011flant\u0131y\u0131 da g\u00f6zden ka\u00e7\u0131rm\u0131yor. Hepsi olmasa da bir\u00e7ok &#8220;yeni&#8221; bak\u0131\u015f a\u00e7\u0131s\u0131n\u0131n asl\u0131nda &#8220;eski&#8221;nin t\u00fcrevi oldu\u011funu, Marshall&#8217;\u0131n ifadesiyle &#8220;devaml\u0131, yeni k\u0131yafetler giymi\u015f eski dostlara rastlad\u0131\u011f\u0131m\u0131z\u0131&#8221; da hat\u0131rlat\u0131yor. \u015e\u00f6yle diyor: &#8220;\u0130ktisatta yeni bir bilgi, her \u015feyden \u00f6nce, eski bilgi k\u0131r\u0131nt\u0131lar\u0131n\u0131n yeni yollarla bir araya getirilmesiyle olu\u015fur. S\u00fcrekli yeni dallar filizlendiren bir bilgi a\u011fac\u0131 imgesi de, bu s\u00fcreci sembolize eder. \u00d6l\u00fc oldu\u011fu kabul edilen baz\u0131 dallarda, birdenbire yeni bir dal filiz vermeye ba\u015flar.&#8221;&#8221;Zevkli ve iyi d\u00fczenlenmi\u015f bir tarih olarak, iktisat \u00fczerine ziyadesiyle okumaya de\u011fer bir eser oldu\u011fu i\u00e7in bir\u00e7ok kurun ilgisini \u00e7ekecektir.&#8221;- Amartya Sen&#8221;Mevcut geleneklerle yeti\u015ftirilen ve kendi alan\u0131n\u0131n zaman i\u00e7erisinde nas\u0131l geli\u015fti\u011fini bilmek isteyen iktisat\u00e7\u0131lar ve kapsaml\u0131 olmakla birlikte g\u00f6rece derli toplu iktisadi d\u00fc\u015f\u00fcnce tarihi kitab\u0131 arayan genel okurlar i\u00e7in muazzam bir okuma.&#8221;- Richard R. Nels on&#8221;Heinz D. Kurz, ger\u00e7ekten etkileyici bir \u015fekilde ayr\u0131nt\u0131ya \u00f6zen g\u00f6stermeyi ve hem klasik hem modern bir\u00e7ok iktisat teorisini entelekt\u00fcel a\u00e7\u0131dan tatmin ederek a\u00e7\u0131klamay\u0131 ba\u015farm\u0131\u015f.&#8221;- Ian Stedman <\/p>\n","protected":false},"excerpt":{"rendered":"<p>Heinz D. Kurz, bu k\u0131sa ve \u00f6z kitab\u0131nda, alan\u0131nda ne kadar yetkin oldu\u011funu ortaya koyuyor. Iktisadi d\u00fc\u015f\u00fcnce tarihini iktisat teorileri temelinde -teorilerin olu\u015fumu, inandir\u0131c\u0131l\u0131\u011f\u0131, iktisat politikas\u0131<span class=\"excerpt-hellip\"> [\u2026]<\/span><\/p>\n","protected":false},"featured_media":0,"template":"","meta":{"_monsterinsights_skip_tracking":false,"_monsterinsights_sitenote_active":false,"_monsterinsights_sitenote_note":"","_monsterinsights_sitenote_category":0},"product_brand":[],"product_cat":[13590,12337],"product_tag":[],"class_list":{"0":"post-710494","1":"product","2":"type-product","3":"status-publish","5":"product_cat-arastirma-inceleme-politika-siyaset","6":"product_cat-politika-siyaset","7":"pa_cilt-ciltsiz","8":"pa_tur-kitap","9":"pa_yayinevi-heretik-yayincilik","10":"pa_yazar-heinz-d-kurz","12":"first","13":"instock","14":"sale","15":"shipping-taxable","16":"purchasable","17":"product-type-simple"},"_links":{"self":[{"href":"https:\/\/roveyayinevi.com.tr\/index.php\/wp-json\/wp\/v2\/product\/710494","targetHints":{"allow":["GET"]}}],"collection":[{"href":"https:\/\/roveyayinevi.com.tr\/index.php\/wp-json\/wp\/v2\/product"}],"about":[{"href":"https:\/\/roveyayinevi.com.tr\/index.php\/wp-json\/wp\/v2\/types\/product"}],"wp:attachment":[{"href":"https:\/\/roveyayinevi.com.tr\/index.php\/wp-json\/wp\/v2\/media?parent=710494"}],"wp:term":[{"taxonomy":"product_brand","embeddable":true,"href":"https:\/\/roveyayinevi.com.tr\/index.php\/wp-json\/wp\/v2\/product_brand?post=710494"},{"taxonomy":"product_cat","embeddable":true,"href":"https:\/\/roveyayinevi.com.tr\/index.php\/wp-json\/wp\/v2\/product_cat?post=710494"},{"taxonomy":"product_tag","embeddable":true,"href":"https:\/\/roveyayinevi.com.tr\/index.php\/wp-json\/wp\/v2\/product_tag?post=710494"}],"curies":[{"name":"wp","href":"https:\/\/api.w.org\/{rel}","templated":true}]}}