{"id":710492,"date":"2025-08-27T16:36:39","date_gmt":"2025-08-27T13:36:39","guid":{"rendered":"https:\/\/roveyayinevi.com.tr\/index.php\/urun\/turkiyede-kultur-ekonomisinin-boyutlari\/"},"modified":"2026-04-16T02:19:19","modified_gmt":"2026-04-15T23:19:19","slug":"turkiyede-kultur-ekonomisinin-boyutlari","status":"publish","type":"product","link":"https:\/\/roveyayinevi.com.tr\/index.php\/urun\/turkiyede-kultur-ekonomisinin-boyutlari\/","title":{"rendered":"T\u00fcrkiye\u2019de K\u00fclt\u00fcr Ekonomisinin Boyutlar\u0131"},"content":{"rendered":"<p>G\u00fcn\u00fcm\u00fczde toplumlar, d\u00fcnya sahnesinde ekonomik potansiyelleri ve  askeri g\u00fc\u00e7leri yan\u0131nda &#8220;yumu\u015fak g\u00fc\u00e7&#8221;\u00fcn \u00f6nemli unsurlar\u0131ndan biri olan k\u00fclt\u00fcrel enerjileriyle de yer buluyorlar.  T\u00fcrkiye Avrupa E\u011fitim ve Bilimsel Ara\u015ft\u0131rmalar Vakf\u0131 (TAVAK) taraf\u0131ndan  haz\u0131rlanan bu \u00e7al\u0131\u015fma, T\u00fcrkiye&#8217;de k\u00fclt\u00fcr (kreatif) ekonomisinin s\u0131n\u0131rlar\u0131 ve  boyutlar\u0131 hakk\u0131nda kapsaml\u0131 bilgiler sunuyor. <\/p>\n","protected":false},"excerpt":{"rendered":"<p>G\u00fcn\u00fcm\u00fczde toplumlar, d\u00fcnya sahnesinde ekonomik potansiyelleri ve askeri g\u00fc\u00e7leri yan\u0131nda &#8220;yumu\u015fak g\u00fc\u00e7&#8221;\u00fcn \u00f6nemli unsurlar\u0131ndan biri olan k\u00fclt\u00fcrel enerjileriyle de yer buluyorlar. T\u00fcrkiye Avrupa E\u011fitim ve Bilimsel<span class=\"excerpt-hellip\"> [\u2026]<\/span><\/p>\n","protected":false},"featured_media":0,"template":"","meta":{"_monsterinsights_skip_tracking":false,"_monsterinsights_sitenote_active":false,"_monsterinsights_sitenote_note":"","_monsterinsights_sitenote_category":0},"product_brand":[],"product_cat":[13590,12337],"product_tag":[],"class_list":{"0":"post-710492","1":"product","2":"type-product","3":"status-publish","5":"product_cat-arastirma-inceleme-politika-siyaset","6":"product_cat-politika-siyaset","7":"pa_cilt-ciltsiz","8":"pa_tur-kitap","9":"pa_yayinevi-kaynak-yayinlari","10":"pa_yazar-faruk-sen","12":"first","13":"instock","14":"sale","15":"shipping-taxable","16":"purchasable","17":"product-type-simple"},"_links":{"self":[{"href":"https:\/\/roveyayinevi.com.tr\/index.php\/wp-json\/wp\/v2\/product\/710492","targetHints":{"allow":["GET"]}}],"collection":[{"href":"https:\/\/roveyayinevi.com.tr\/index.php\/wp-json\/wp\/v2\/product"}],"about":[{"href":"https:\/\/roveyayinevi.com.tr\/index.php\/wp-json\/wp\/v2\/types\/product"}],"wp:attachment":[{"href":"https:\/\/roveyayinevi.com.tr\/index.php\/wp-json\/wp\/v2\/media?parent=710492"}],"wp:term":[{"taxonomy":"product_brand","embeddable":true,"href":"https:\/\/roveyayinevi.com.tr\/index.php\/wp-json\/wp\/v2\/product_brand?post=710492"},{"taxonomy":"product_cat","embeddable":true,"href":"https:\/\/roveyayinevi.com.tr\/index.php\/wp-json\/wp\/v2\/product_cat?post=710492"},{"taxonomy":"product_tag","embeddable":true,"href":"https:\/\/roveyayinevi.com.tr\/index.php\/wp-json\/wp\/v2\/product_tag?post=710492"}],"curies":[{"name":"wp","href":"https:\/\/api.w.org\/{rel}","templated":true}]}}