{"id":710491,"date":"2025-08-27T16:36:39","date_gmt":"2025-08-27T13:36:39","guid":{"rendered":"https:\/\/roveyayinevi.com.tr\/index.php\/urun\/homerosun-izinde-ilyada-oykuleri\/"},"modified":"2026-04-16T02:19:19","modified_gmt":"2026-04-15T23:19:19","slug":"homerosun-izinde-ilyada-oykuleri","status":"publish","type":"product","link":"https:\/\/roveyayinevi.com.tr\/index.php\/urun\/homerosun-izinde-ilyada-oykuleri\/","title":{"rendered":"Homeros\u2019un \u0130zinde &#8211; \u0130lyada \u00d6yk\u00fcleri"},"content":{"rendered":"<p>Troya Sava\u015flar\u0131 ger\u00e7ekten oldu. Bu sava\u015flarla ilgili olarak Egeli halklar\u0131n belle\u011finde insanlar ile tanr\u0131lar y\u00fczy\u0131llar boyunca efsanele\u015fip mayaland\u0131. \u0130\u015fte bu s\u00f6zl\u00fc efsaneleri, \u0130zmirli \u00f6l\u00fcms\u00fcz ozan Homeros,  \u0130lyada ve Odysseia adlar\u0131nda iki mitolojik kitapta toplad\u0131.  D\u00fcnya edebiyat\u0131n\u0131n en \u00f6nemli yap\u0131 ta\u015flar\u0131ndan olan bu iki destanla ilgili olarak Bat\u0131 edebiyat\u0131nda 50 bin kitap yaz\u0131ld\u0131! Ya \u00fclkemizde? En iyisi hi\u00e7 sormayal\u0131m!.. Ya\u015far Atan, i\u015fte bu iki destan\u0131, mitolojik \u00f6yk\u00fclere d\u00f6n\u00fc\u015ft\u00fcrd\u00fc.   \u201c\u00c7ok \u00f6nemli bir eser&#8230;\u201d (Server Tanilli)   \u201cBenim, \u2018efsaneleri sevdiren adam\u2019 g\u00f6z\u00fcyle bakt\u0131\u011f\u0131m bilimadam\u0131 Ya\u015far Atan&#8230;\u201d (Ahmet K\u00fclah\u00e7\u0131)   \u201cYa\u015far Atan, mitoloji alan\u0131nda incelemeleri ve \u00e7evirileriyle tan\u0131nan de\u011ferli bir ayd\u0131n\u0131m\u0131z. Antik Yunan mitolojisine, ileri insanl\u0131k a\u00e7\u0131s\u0131ndan ilgin\u00e7 bir yakla\u015f\u0131m getirdi\u011fini s\u00f6yleyebilirim.\u201d (Ahmet Say)   \u201cYa\u015far Atan, \u00f6yk\u00fclerinde T\u00fcrk\u00e7enin vars\u0131ll\u0131\u011f\u0131 ile s\u00f6ylenbilimi (mitolojiyi) bulu\u015fturuyor. T\u00fcrk \u00f6yk\u00fcs\u00fcnde g\u00fcn\u00fcm\u00fcz\u00fcn Homeros\u2019u, mavi yolcusu Ya\u015far Atan\u2019\u0131 y\u00fcrekten kutlar\u0131m, selamlar\u0131m.\u201d (G\u00fcnay G\u00fcner)   \u201cKarde\u015fim Ya\u015far Atan, iyi ki yaz\u0131yorsun mitolojiden o \u00f6yk\u00fcleri. \u0130nsanl\u0131\u011f\u0131m\u0131z\u0131 hat\u0131rl\u0131yoruz b\u00f6ylece. Var ol!\u201d (Sennur Sezer)   \u201cYa\u015far Atan&#8217;\u0131n and\u0131\u011f\u0131m kitaplar\u0131n\u0131 okumak, bu tanr\u0131lar kadar, sanatlarla da sarma\u015f dola\u015f bir halde  yol alman\u0131n mutlulu\u011funu ya\u015fat\u0131yor insana.\u201d (Sad\u0131k Aslankara) <\/p>\n","protected":false},"excerpt":{"rendered":"<p>Troya Sava\u015flar\u0131 ger\u00e7ekten oldu. Bu sava\u015flarla ilgili olarak Egeli halklar\u0131n belle\u011finde insanlar ile tanr\u0131lar y\u00fczy\u0131llar boyunca efsanele\u015fip mayaland\u0131. \u0130\u015fte bu s\u00f6zl\u00fc efsaneleri, \u0130zmirli \u00f6l\u00fcms\u00fcz ozan Homeros,<span class=\"excerpt-hellip\"> [\u2026]<\/span><\/p>\n","protected":false},"featured_media":0,"template":"","meta":{"_monsterinsights_skip_tracking":false,"_monsterinsights_sitenote_active":false,"_monsterinsights_sitenote_note":"","_monsterinsights_sitenote_category":0},"product_brand":[],"product_cat":[12718,12858],"product_tag":[],"class_list":{"0":"post-710491","1":"product","2":"type-product","3":"status-publish","5":"product_cat-din","6":"product_cat-mitolojiler","7":"pa_cilt-ciltsiz","8":"pa_tur-kitap","9":"pa_yayinevi-boyalikus-yayinlari","10":"pa_yazar-yasar-atan","12":"first","13":"instock","14":"sale","15":"shipping-taxable","16":"purchasable","17":"product-type-simple"},"_links":{"self":[{"href":"https:\/\/roveyayinevi.com.tr\/index.php\/wp-json\/wp\/v2\/product\/710491","targetHints":{"allow":["GET"]}}],"collection":[{"href":"https:\/\/roveyayinevi.com.tr\/index.php\/wp-json\/wp\/v2\/product"}],"about":[{"href":"https:\/\/roveyayinevi.com.tr\/index.php\/wp-json\/wp\/v2\/types\/product"}],"wp:attachment":[{"href":"https:\/\/roveyayinevi.com.tr\/index.php\/wp-json\/wp\/v2\/media?parent=710491"}],"wp:term":[{"taxonomy":"product_brand","embeddable":true,"href":"https:\/\/roveyayinevi.com.tr\/index.php\/wp-json\/wp\/v2\/product_brand?post=710491"},{"taxonomy":"product_cat","embeddable":true,"href":"https:\/\/roveyayinevi.com.tr\/index.php\/wp-json\/wp\/v2\/product_cat?post=710491"},{"taxonomy":"product_tag","embeddable":true,"href":"https:\/\/roveyayinevi.com.tr\/index.php\/wp-json\/wp\/v2\/product_tag?post=710491"}],"curies":[{"name":"wp","href":"https:\/\/api.w.org\/{rel}","templated":true}]}}