{"id":710488,"date":"2025-08-27T16:36:37","date_gmt":"2025-08-27T13:36:37","guid":{"rendered":"https:\/\/roveyayinevi.com.tr\/index.php\/urun\/dahiler-sinifi-serisi-einstein-sinirsiz-deha\/"},"modified":"2026-04-16T02:19:19","modified_gmt":"2026-04-15T23:19:19","slug":"dahiler-sinifi-serisi-einstein-sinirsiz-deha","status":"publish","type":"product","link":"https:\/\/roveyayinevi.com.tr\/index.php\/urun\/dahiler-sinifi-serisi-einstein-sinirsiz-deha\/","title":{"rendered":"Dahiler S\u0131n\u0131f\u0131 Serisi &#8211; Einstein (S\u0131n\u0131rs\u0131z Deha)"},"content":{"rendered":"<p>D\u00c2H\u0130LER SINIFI: OKUMASI KOLAY, UNUTMASI ZOR Kim bu kabar\u0131k sa\u00e7l\u0131, kafas\u0131 sorularla dolu, s\u00fcrekli hayaller pe\u015finde ko\u015fan, \u00e7ekincen ama yaramaz \u00e7ocuk? Bu \u00e7ocuk mu t\u00fcm zamanlar\u0131n en b\u00fcy\u00fck biliminsan\u0131 olacak? EINSTEIN: S\u0131n\u0131rs\u0131z Deha, D\u00e2hiler S\u0131n\u0131f\u0131 serisinin ilk \u00fc\u00e7 kitab\u0131ndan biri olarak kar\u015f\u0131n\u0131zda. D\u00e2hiler S\u0131n\u0131f\u0131 Serisi Hakk\u0131nda: Bunlar, her biri kendi y\u00f6ntemiyle; kelimeleriyle, icatlar\u0131yla, se\u00e7imleriyle ve hatta kaderleriyle d\u00fcnyay\u0131 de\u011fi\u015ftirmi\u015f kad\u0131nlar\u0131n ve erkeklerin hayat hik\u00e2yeleri; \u015fa\u015fk\u0131nl\u0131k ve hayranl\u0131k duyman\u0131z\u0131 sa\u011flayacak, hayal g\u00fcc\u00fc ve merak duygunuzu harekete ge\u00e7irecek b\u00fcy\u00fcleyici hik\u00e2yeler. D\u00e2hiler S\u0131n\u0131f\u0131 serisi bu \u00f6zel insanlar\u0131 \u00e7ocuklarla (9 ya\u015f ve \u00fcst\u00fc) tan\u0131\u015ft\u0131rmak \u00fczere tasarland\u0131. \u0130lk olarak yay\u0131mland\u0131\u011f\u0131 \u0130talya\u2019da b\u00fcy\u00fck \u00f6vg\u00fc toplayan ve ard\u0131ndan pek \u00e7ok dile \u00e7evrilen D\u00e2hiler S\u0131n\u0131f\u0131, minik ebad\u0131, renkli ill\u00fcstrasyonlar\u0131, bilgiyi heyecan ve macerayla birle\u015ftiren anlat\u0131m\u0131yla \u00e7ocuklar\u0131n kolay okuyaca\u011f\u0131, zor unutaca\u011f\u0131, onlara \u00f6\u011frendiklerinden daha da fazlas\u0131n\u0131 merak ettirecek bir seri. <\/p>\n","protected":false},"excerpt":{"rendered":"<p>D\u00c2H\u0130LER SINIFI: OKUMASI KOLAY, UNUTMASI ZOR Kim bu kabar\u0131k sa\u00e7l\u0131, kafas\u0131 sorularla dolu, s\u00fcrekli hayaller pe\u015finde ko\u015fan, \u00e7ekincen ama yaramaz \u00e7ocuk? Bu \u00e7ocuk mu t\u00fcm zamanlar\u0131n<span class=\"excerpt-hellip\"> [\u2026]<\/span><\/p>\n","protected":false},"featured_media":0,"template":"","meta":{"_monsterinsights_skip_tracking":false,"_monsterinsights_sitenote_active":false,"_monsterinsights_sitenote_note":"","_monsterinsights_sitenote_category":0},"product_brand":[],"product_cat":[12274,12284],"product_tag":[],"class_list":{"0":"post-710488","1":"product","2":"type-product","3":"status-publish","5":"product_cat-cocuk-ve-genclik-kitaplari","6":"product_cat-hikayeler","7":"pa_cilt-ciltsiz","8":"pa_tur-kitap","9":"pa_yayinevi-domingo-yayinevi","10":"pa_yazar-pierdomenico-baccalario","12":"first","13":"instock","14":"sale","15":"shipping-taxable","16":"purchasable","17":"product-type-simple"},"_links":{"self":[{"href":"https:\/\/roveyayinevi.com.tr\/index.php\/wp-json\/wp\/v2\/product\/710488","targetHints":{"allow":["GET"]}}],"collection":[{"href":"https:\/\/roveyayinevi.com.tr\/index.php\/wp-json\/wp\/v2\/product"}],"about":[{"href":"https:\/\/roveyayinevi.com.tr\/index.php\/wp-json\/wp\/v2\/types\/product"}],"wp:attachment":[{"href":"https:\/\/roveyayinevi.com.tr\/index.php\/wp-json\/wp\/v2\/media?parent=710488"}],"wp:term":[{"taxonomy":"product_brand","embeddable":true,"href":"https:\/\/roveyayinevi.com.tr\/index.php\/wp-json\/wp\/v2\/product_brand?post=710488"},{"taxonomy":"product_cat","embeddable":true,"href":"https:\/\/roveyayinevi.com.tr\/index.php\/wp-json\/wp\/v2\/product_cat?post=710488"},{"taxonomy":"product_tag","embeddable":true,"href":"https:\/\/roveyayinevi.com.tr\/index.php\/wp-json\/wp\/v2\/product_tag?post=710488"}],"curies":[{"name":"wp","href":"https:\/\/api.w.org\/{rel}","templated":true}]}}