{"id":710486,"date":"2025-08-27T16:36:36","date_gmt":"2025-08-27T13:36:36","guid":{"rendered":"https:\/\/roveyayinevi.com.tr\/index.php\/urun\/sanat-kitabi\/"},"modified":"2025-12-30T10:08:54","modified_gmt":"2025-12-30T07:08:54","slug":"sanat-kitabi","status":"publish","type":"product","link":"https:\/\/roveyayinevi.com.tr\/index.php\/urun\/sanat-kitabi\/","title":{"rendered":"Sanat Kitab\u0131"},"content":{"rendered":"<p>Bir \u015feyi sanat eseri yapan nedir? Eski Yunanlar ideal g\u00fczelli\u011fe nas\u0131l bi\u00e7im verdi? Renk, ruhu do\u011frudan etkiler mi? Bu kitap 200\u2019den fazla eser \u00fczerinden \u00f6nemli sanat hareketlerini, temalar\u0131n\u0131 ve \u00fcsluplar\u0131n\u0131 ara\u015ft\u0131rarak bu sorular\u0131 ve daha fazlas\u0131n\u0131 inceliyor. Sanat tarihinin ve teorisinin anla\u015f\u0131lmas\u0131n\u0131 kolayla\u015ft\u0131ran Sanat Kitab\u0131 d\u00fcnyan\u0131n en b\u00fcy\u00fck sanat eserlerinden \u00f6rneklerle ve bunlar\u0131n arkas\u0131ndaki d\u00fc\u015f\u00fcnceleri a\u00e7\u0131klayan bilgilerle doludur. Tarih\u00f6ncesi bereket fig\u00fcrlerinden \u00e7a\u011fda\u015f video enstalasyonlar\u0131na kadar d\u00fcnya sanat\u0131na kusursuz bir giri\u015f yapman\u0131z\u0131 sa\u011flar. \u0130ster bir sanat \u00f6\u011frencisi olun ister galerileri, m\u00fczeleri gezen birisi, insanl\u0131\u011f\u0131n ortak belle\u011findekilerin yan\u0131 s\u0131ra az bilinen sanat harikalar\u0131na ili\u015fkin k\u0131\u015fk\u0131rt\u0131c\u0131 g\u00f6r\u00fc\u015fler sizlere yeni ufuklar a\u00e7acak. <\/p>\n","protected":false},"excerpt":{"rendered":"<p>Bir \u015feyi sanat eseri yapan nedir? Eski Yunanlar ideal g\u00fczelli\u011fe nas\u0131l bi\u00e7im verdi? Renk, ruhu do\u011frudan etkiler mi? Bu kitap 200\u2019den fazla eser \u00fczerinden \u00f6nemli sanat<span class=\"excerpt-hellip\"> [\u2026]<\/span><\/p>\n","protected":false},"featured_media":0,"template":"","meta":{"_monsterinsights_skip_tracking":false,"_monsterinsights_sitenote_active":false,"_monsterinsights_sitenote_note":"","_monsterinsights_sitenote_category":0},"product_brand":[],"product_cat":[13489,13488],"product_tag":[],"class_list":{"0":"post-710486","1":"product","2":"type-product","3":"status-publish","5":"product_cat-populer-kultur","6":"product_cat-toplum-ve-insan","7":"pa_cilt-ciltli","8":"pa_tur-kitap","9":"pa_yayinevi-alfa-yayinlari","10":"pa_yazar-caroline-bugler-ann-kramer-marcus-weeks-maud-whatley-iain-zaczek","12":"first","13":"instock","14":"sale","15":"shipping-taxable","16":"purchasable","17":"product-type-simple"},"_links":{"self":[{"href":"https:\/\/roveyayinevi.com.tr\/index.php\/wp-json\/wp\/v2\/product\/710486","targetHints":{"allow":["GET"]}}],"collection":[{"href":"https:\/\/roveyayinevi.com.tr\/index.php\/wp-json\/wp\/v2\/product"}],"about":[{"href":"https:\/\/roveyayinevi.com.tr\/index.php\/wp-json\/wp\/v2\/types\/product"}],"wp:attachment":[{"href":"https:\/\/roveyayinevi.com.tr\/index.php\/wp-json\/wp\/v2\/media?parent=710486"}],"wp:term":[{"taxonomy":"product_brand","embeddable":true,"href":"https:\/\/roveyayinevi.com.tr\/index.php\/wp-json\/wp\/v2\/product_brand?post=710486"},{"taxonomy":"product_cat","embeddable":true,"href":"https:\/\/roveyayinevi.com.tr\/index.php\/wp-json\/wp\/v2\/product_cat?post=710486"},{"taxonomy":"product_tag","embeddable":true,"href":"https:\/\/roveyayinevi.com.tr\/index.php\/wp-json\/wp\/v2\/product_tag?post=710486"}],"curies":[{"name":"wp","href":"https:\/\/api.w.org\/{rel}","templated":true}]}}