{"id":710485,"date":"2025-08-27T16:36:35","date_gmt":"2025-08-27T13:36:35","guid":{"rendered":"https:\/\/roveyayinevi.com.tr\/index.php\/urun\/bir-dusun-sonu-milan-kundera-uzerine-bir-inceleme\/"},"modified":"2026-04-16T02:19:18","modified_gmt":"2026-04-15T23:19:18","slug":"bir-dusun-sonu-milan-kundera-uzerine-bir-inceleme","status":"publish","type":"product","link":"https:\/\/roveyayinevi.com.tr\/index.php\/urun\/bir-dusun-sonu-milan-kundera-uzerine-bir-inceleme\/","title":{"rendered":"Bir D\u00fc\u015f\u00fcn Sonu: Milan Kundera \u00dczerine Bir \u0130nceleme"},"content":{"rendered":"<p>\u201cSanat, zamana direnmesi beklenen eserlerden olu\u015fur. Bu kavram ise her \u015feyi t\u00fcketen, \u00e7abucak unutan ve \u00e7\u00f6pe atan bir toplum d\u00fczeninde son derece nostaljik olur. Kundera\u2019n\u0131n bu toplumsal yap\u0131 kar\u015f\u0131s\u0131nda kendini konumlad\u0131\u011f\u0131 yer uzak bir k\u00f6\u015fedir ve elinden o k\u00f6\u015feden kay\u0131ts\u0131zca ama ayn\u0131 zamanda h\u00fcz\u00fcnle kahkaha atmaktan ba\u015fka bir \u015fey gelmez. Romanlar\u0131 hep bu h\u00fcz\u00fcnl\u00fc kahkahalar\u0131n s\u00f6ze \u00e7evrilmi\u015f bi\u00e7imleridir.\u201dG\u00fcl\u00fc\u015f\u00fcn ve Unutu\u015fun Kitab\u0131\u2019nda, \u201cRoman, bir insan hayalinin \u00fcr\u00fcn\u00fcd\u00fcr. Ba\u015fkas\u0131n\u0131 anlayabilme hayali,\u201d der Milan Kundera. Uluslararas\u0131 akademik camian\u0131n anla\u015f\u0131lmaz bi\u00e7imde g\u00f6rmezden gelip hakk\u0131nda kalem oynatmamas\u0131 Milan Kundera\u2019n\u0131n \u00e7a\u011f\u0131m\u0131z\u0131n en \u00f6nemli yazarlar\u0131ndan biri oldu\u011fu ger\u00e7e\u011fini g\u00f6lgeleyemese de, b\u00fcy\u00fck bir eksikliktir do\u011frusu. Zekiye Antakyal\u0131o\u011flu\u2019nun, Kundera\u2019n\u0131n yap\u0131t\u0131n\u0131 her \u015feyden \u00f6nce iyi bir okur, sonra da bir akademisyen olarak b\u00fcy\u00fck bir titizlik ve yetkinlikle inceleyerek son derece ustaca kaleme ald\u0131\u011f\u0131 bu metin, yazar\u0131 daha derinden anlamaya rehberlik etmesinin yan\u0131 s\u0131ra, e\u015fsiz bir okuma keyfide sunuyor okura. <\/p>\n","protected":false},"excerpt":{"rendered":"<p>\u201cSanat, zamana direnmesi beklenen eserlerden olu\u015fur. Bu kavram ise her \u015feyi t\u00fcketen, \u00e7abucak unutan ve \u00e7\u00f6pe atan bir toplum d\u00fczeninde son derece nostaljik olur. Kundera\u2019n\u0131n bu<span class=\"excerpt-hellip\"> [\u2026]<\/span><\/p>\n","protected":false},"featured_media":0,"template":"","meta":{"_monsterinsights_skip_tracking":false,"_monsterinsights_sitenote_active":false,"_monsterinsights_sitenote_note":"","_monsterinsights_sitenote_category":0},"product_brand":[],"product_cat":[13590,12337],"product_tag":[],"class_list":{"0":"post-710485","1":"product","2":"type-product","3":"status-publish","5":"product_cat-arastirma-inceleme-politika-siyaset","6":"product_cat-politika-siyaset","7":"pa_cilt-ciltsiz","8":"pa_tur-kitap","9":"pa_yayinevi-can-yayinlari","10":"pa_yazar-zekiye-antakyalioglu","12":"first","13":"instock","14":"sale","15":"shipping-taxable","16":"purchasable","17":"product-type-simple"},"_links":{"self":[{"href":"https:\/\/roveyayinevi.com.tr\/index.php\/wp-json\/wp\/v2\/product\/710485","targetHints":{"allow":["GET"]}}],"collection":[{"href":"https:\/\/roveyayinevi.com.tr\/index.php\/wp-json\/wp\/v2\/product"}],"about":[{"href":"https:\/\/roveyayinevi.com.tr\/index.php\/wp-json\/wp\/v2\/types\/product"}],"wp:attachment":[{"href":"https:\/\/roveyayinevi.com.tr\/index.php\/wp-json\/wp\/v2\/media?parent=710485"}],"wp:term":[{"taxonomy":"product_brand","embeddable":true,"href":"https:\/\/roveyayinevi.com.tr\/index.php\/wp-json\/wp\/v2\/product_brand?post=710485"},{"taxonomy":"product_cat","embeddable":true,"href":"https:\/\/roveyayinevi.com.tr\/index.php\/wp-json\/wp\/v2\/product_cat?post=710485"},{"taxonomy":"product_tag","embeddable":true,"href":"https:\/\/roveyayinevi.com.tr\/index.php\/wp-json\/wp\/v2\/product_tag?post=710485"}],"curies":[{"name":"wp","href":"https:\/\/api.w.org\/{rel}","templated":true}]}}