{"id":710483,"date":"2025-08-27T16:36:34","date_gmt":"2025-08-27T13:36:34","guid":{"rendered":"https:\/\/roveyayinevi.com.tr\/index.php\/urun\/kul-ve-yel\/"},"modified":"2026-04-16T02:19:18","modified_gmt":"2026-04-15T23:19:18","slug":"kul-ve-yel","status":"publish","type":"product","link":"https:\/\/roveyayinevi.com.tr\/index.php\/urun\/kul-ve-yel\/","title":{"rendered":"K\u00fcl ve Yel"},"content":{"rendered":"<p>\u015eerbet\u00e7i\u2019de yang\u0131n m\u0131 \u00e7\u0131km\u0131\u015f?Ama o \u00e7ok eskidendi.Bir daha d\u00f6n\u00fclemeyecek kadar eskiden.Bu odadaki koku da ne?Yang\u0131n&#8230; \u00c7\u0131ld\u0131rm\u0131\u015f bir haldeydim.Kaybetmenin e\u015fi\u011fine varm\u0131\u015ft\u0131m.Havada is kokusu.Yang\u0131nla ba\u015flad\u0131 her \u015fey ve yang\u0131nla bitti.Fareler, her yer farelerle doluydu yine.K\u00fcl ve Yel\u2019de M\u00fcge \u0130plik\u00e7i hepimize tan\u0131d\u0131k gelecek bir aile hik\u00e2yesi anlat\u0131yor. Topraklar\u0131 unutmakla yo\u011frulmu\u015f bir co\u011frafyada Alzheimer\u2019l\u0131 bir kad\u0131n, Fehime (belki de Feride), anlat\u0131labilecek en do\u011fru hik\u00e2yeyi hat\u0131rl\u0131yor. Bir ailenin uzun y\u0131llara yay\u0131lan sars\u0131c\u0131 \u00f6yk\u00fcs\u00fc, haf\u0131zan\u0131n kuytu k\u00f6\u015felerinden, dehlizlerinden kendine yol buluyor. <\/p>\n","protected":false},"excerpt":{"rendered":"<p>\u015eerbet\u00e7i\u2019de yang\u0131n m\u0131 \u00e7\u0131km\u0131\u015f?Ama o \u00e7ok eskidendi.Bir daha d\u00f6n\u00fclemeyecek kadar eskiden.Bu odadaki koku da ne?Yang\u0131n&#8230; \u00c7\u0131ld\u0131rm\u0131\u015f bir haldeydim.Kaybetmenin e\u015fi\u011fine varm\u0131\u015ft\u0131m.Havada is kokusu.Yang\u0131nla ba\u015flad\u0131 her \u015fey ve<span class=\"excerpt-hellip\"> [\u2026]<\/span><\/p>\n","protected":false},"featured_media":0,"template":"","meta":{"_monsterinsights_skip_tracking":false,"_monsterinsights_sitenote_active":false,"_monsterinsights_sitenote_note":"","_monsterinsights_sitenote_category":0},"product_brand":[],"product_cat":[12291,12711],"product_tag":[],"class_list":{"0":"post-710483","1":"product","2":"type-product","3":"status-publish","5":"product_cat-edebiyat","6":"product_cat-roman-oyku","7":"pa_cilt-ciltsiz","8":"pa_tur-kitap","9":"pa_yayinevi-can-yayinlari","10":"pa_yazar-muge-iplikci","12":"first","13":"instock","14":"sale","15":"shipping-taxable","16":"purchasable","17":"product-type-simple"},"_links":{"self":[{"href":"https:\/\/roveyayinevi.com.tr\/index.php\/wp-json\/wp\/v2\/product\/710483","targetHints":{"allow":["GET"]}}],"collection":[{"href":"https:\/\/roveyayinevi.com.tr\/index.php\/wp-json\/wp\/v2\/product"}],"about":[{"href":"https:\/\/roveyayinevi.com.tr\/index.php\/wp-json\/wp\/v2\/types\/product"}],"wp:attachment":[{"href":"https:\/\/roveyayinevi.com.tr\/index.php\/wp-json\/wp\/v2\/media?parent=710483"}],"wp:term":[{"taxonomy":"product_brand","embeddable":true,"href":"https:\/\/roveyayinevi.com.tr\/index.php\/wp-json\/wp\/v2\/product_brand?post=710483"},{"taxonomy":"product_cat","embeddable":true,"href":"https:\/\/roveyayinevi.com.tr\/index.php\/wp-json\/wp\/v2\/product_cat?post=710483"},{"taxonomy":"product_tag","embeddable":true,"href":"https:\/\/roveyayinevi.com.tr\/index.php\/wp-json\/wp\/v2\/product_tag?post=710483"}],"curies":[{"name":"wp","href":"https:\/\/api.w.org\/{rel}","templated":true}]}}