{"id":710480,"date":"2025-08-27T16:36:32","date_gmt":"2025-08-27T13:36:32","guid":{"rendered":"https:\/\/roveyayinevi.com.tr\/index.php\/urun\/baslangic\/"},"modified":"2026-04-16T02:19:18","modified_gmt":"2026-04-15T23:19:18","slug":"baslangic","status":"publish","type":"product","link":"https:\/\/roveyayinevi.com.tr\/index.php\/urun\/baslangic\/","title":{"rendered":"Ba\u015flang\u0131\u00e7"},"content":{"rendered":"<p>Kim olursan ol, neye inan\u0131rsan inan, \u00c7ok yak\u0131nda her \u015fey de\u011fi\u015fecek&#8230;Gen\u00e7 adam, aniden \u00fc\u00e7 b\u00fcy\u00fck dinin temsilcilerine d\u00f6nd\u00fc. \u201c\u015ea\u015f\u0131rt\u0131c\u0131 bulaca\u011f\u0131n\u0131z\u0131 tahmin etti\u011fim bilimsel bir bulu\u015fum sebebiyle bug\u00fcn buraday\u0131m. \u0130nsanl\u0131k deneyimimizin en temel iki sorusuna cevap bulma \u00fcmidi ile y\u0131llard\u0131r pe\u015finden ko\u015fuyordum. Bu bilginin t\u00fcm inananlar\u0131 derinden etkileyece\u011fine inan\u0131yorum. Nas\u0131l desem, \u2018y\u0131k\u0131c\u0131\u2019 diye tan\u0131mlanabilecek bir de\u011fi\u015fikli\u011fe sebep olabilir. Birazdan g\u00f6recekleriniz, d\u00fcnyayla payla\u015fmay\u0131 umdu\u011fum sunumun kaba bir kesiti. Fakat bunu yapmadan \u00f6nce d\u00fcnyan\u0131n en etkili din adamlar\u0131na dan\u0131\u015fmak, en \u00e7ok etkilenecek ki\u015filerce nas\u0131l alg\u0131lanaca\u011f\u0131n\u0131 \u00f6\u011frenmek istedim.\u201d Piskopos, haham ve ulema birbirlerine bakt\u0131lar, s\u0131k\u0131lm\u0131\u015f g\u00f6r\u00fcn\u00fcyorlard\u0131. Piskopos, \u201c\u0130lgin\u00e7 bir girizg\u00e2h Bay Kirsch. Bize g\u00f6sterecekleriniz d\u00fcnya dinlerinin temelini sarsacakm\u0131\u015f gibi konu\u015fuyorsunuz,&#8221; dedi.Gen\u00e7 adam kutsal metinlerin sakland\u0131\u011f\u0131 bu eski mahzende etraf\u0131na bakt\u0131. Temellerini sarsmayacak, y\u0131kacak, diye d\u00fc\u015f\u00fcnd\u00fc. Din adamlar\u0131 \u00fc\u00e7 g\u00fcn i\u00e7inde bu sunumu bir etkinlikle insanlara duyuraca\u011f\u0131n\u0131 bilmiyorlard\u0131. Bunu yapt\u0131\u011f\u0131nda t\u00fcm insanlar, dini \u00f6\u011fretilerin ger\u00e7ekten de ortak bir noktas\u0131 bulundu\u011funu anlayacaklard\u0131: Hepsinin t\u00fcmden yanl\u0131\u015f oldu\u011funu&#8230;Nereden geldik? Nereye gidiyoruz? \u0130nsano\u011flunun var oldu\u011fu g\u00fcnden beri cevab\u0131n\u0131 bulmaya \u00e7al\u0131\u015ft\u0131\u011f\u0131 bu temel soruya cevap bulma iddias\u0131ndaki bir f\u00fct\u00fcristin tam da ke\u015ffini a\u00e7\u0131klayaca\u011f\u0131 gece her \u015fey trajik bir bi\u00e7imde karanl\u0131\u011fa g\u00f6m\u00fcl\u00fcr. Eski \u00f6\u011frencisinin sunumuna davetli olan Simgebilim Profes\u00f6r\u00fc Robert Langdon s\u00f6z konusu ke\u015ffi \u00f6\u011frencisinin an\u0131s\u0131na d\u00fcnyaya duyurmaya karar verir. Ancak, kendisini bekleyen \u015fifrelerden, ac\u0131 s\u00fcrprizlerden ve \u00f6l\u00fcmc\u00fcl fanatiklerden habersizdir&#8230;<\/p>\n","protected":false},"excerpt":{"rendered":"<p>Kim olursan ol, neye inan\u0131rsan inan, \u00c7ok yak\u0131nda her \u015fey de\u011fi\u015fecek&#8230;Gen\u00e7 adam, aniden \u00fc\u00e7 b\u00fcy\u00fck dinin temsilcilerine d\u00f6nd\u00fc. \u201c\u015ea\u015f\u0131rt\u0131c\u0131 bulaca\u011f\u0131n\u0131z\u0131 tahmin etti\u011fim bilimsel bir bulu\u015fum sebebiyle<span class=\"excerpt-hellip\"> [\u2026]<\/span><\/p>\n","protected":false},"featured_media":0,"template":"","meta":{"_monsterinsights_skip_tracking":false,"_monsterinsights_sitenote_active":false,"_monsterinsights_sitenote_note":"","_monsterinsights_sitenote_category":0},"product_brand":[],"product_cat":[12291,12711],"product_tag":[],"class_list":{"0":"post-710480","1":"product","2":"type-product","3":"status-publish","5":"product_cat-edebiyat","6":"product_cat-roman-oyku","7":"pa_cilt-ciltsiz","8":"pa_tur-kitap","9":"pa_yayinevi-altin-kitaplar","10":"pa_yazar-dan-brown","12":"first","13":"instock","14":"sale","15":"shipping-taxable","16":"purchasable","17":"product-type-simple"},"_links":{"self":[{"href":"https:\/\/roveyayinevi.com.tr\/index.php\/wp-json\/wp\/v2\/product\/710480","targetHints":{"allow":["GET"]}}],"collection":[{"href":"https:\/\/roveyayinevi.com.tr\/index.php\/wp-json\/wp\/v2\/product"}],"about":[{"href":"https:\/\/roveyayinevi.com.tr\/index.php\/wp-json\/wp\/v2\/types\/product"}],"wp:attachment":[{"href":"https:\/\/roveyayinevi.com.tr\/index.php\/wp-json\/wp\/v2\/media?parent=710480"}],"wp:term":[{"taxonomy":"product_brand","embeddable":true,"href":"https:\/\/roveyayinevi.com.tr\/index.php\/wp-json\/wp\/v2\/product_brand?post=710480"},{"taxonomy":"product_cat","embeddable":true,"href":"https:\/\/roveyayinevi.com.tr\/index.php\/wp-json\/wp\/v2\/product_cat?post=710480"},{"taxonomy":"product_tag","embeddable":true,"href":"https:\/\/roveyayinevi.com.tr\/index.php\/wp-json\/wp\/v2\/product_tag?post=710480"}],"curies":[{"name":"wp","href":"https:\/\/api.w.org\/{rel}","templated":true}]}}