{"id":710479,"date":"2025-08-27T16:36:32","date_gmt":"2025-08-27T13:36:32","guid":{"rendered":"https:\/\/roveyayinevi.com.tr\/index.php\/urun\/egitim-yonetiminde-yeni-yaklasimlar\/"},"modified":"2026-04-16T02:19:18","modified_gmt":"2026-04-15T23:19:18","slug":"egitim-yonetiminde-yeni-yaklasimlar","status":"publish","type":"product","link":"https:\/\/roveyayinevi.com.tr\/index.php\/urun\/egitim-yonetiminde-yeni-yaklasimlar\/","title":{"rendered":"E\u011fitim Y\u00f6netiminde Yeni Yakla\u015f\u0131mlar"},"content":{"rendered":"<p>E\u011fitim, de\u011fi\u015fik d\u00fcnya g\u00f6r\u00fc\u015f\u00fcne sahip insanlar taraf\u0131ndan farkl\u0131 \u015fekillerde tan\u0131mlanmaktad\u0131r. Bu tan\u0131mlardan birisine g\u00f6re e\u011fitim, gen\u00e7lere mevcut durumlar\u0131n tan\u0131mlar\u0131n\u0131 ve onlar\u0131n okul i\u00e7inde yer ald\u0131klar\u0131 gruplar taraf\u0131ndan kabul edilmelerini sa\u011flama sanat\u0131d\u0131r. Buna g\u00f6re e\u011fitim, sosyal bir kontrol arac\u0131 olarak i\u015flev g\u00f6rmekte ve bu anlamda okulun g\u00f6revi de, yeti\u015fkinlerin tan\u0131mlad\u0131klar\u0131 sosyal g\u00f6revleri bireylere kazand\u0131rmakt\u0131r. Di\u011fer bir tan\u0131ma g\u00f6re ise e\u011fitim, yeti\u015fen gen\u00e7te pratik akl\u0131 in\u015fa etmektir. B\u00f6ylece e\u011fitim, bir t\u00fcr \u00f6zg\u00fcrle\u015fme s\u00fcrecidir. Bu an-lamda e\u011fitim; ba\u011f\u0131ms\u0131z bir \u015fekilde d\u00fc\u015f\u00fcnebilen, \u00f6zg\u00fcrce kararlar alabilen ve bunlar\u0131 uygulayabilen bireyler yeti\u015ftirmeyi ama\u00e7lar. E\u011fitime dair bu tan\u0131mlar daha da art\u0131r\u0131labilir. <\/p>\n","protected":false},"excerpt":{"rendered":"<p>E\u011fitim, de\u011fi\u015fik d\u00fcnya g\u00f6r\u00fc\u015f\u00fcne sahip insanlar taraf\u0131ndan farkl\u0131 \u015fekillerde tan\u0131mlanmaktad\u0131r. Bu tan\u0131mlardan birisine g\u00f6re e\u011fitim, gen\u00e7lere mevcut durumlar\u0131n tan\u0131mlar\u0131n\u0131 ve onlar\u0131n okul i\u00e7inde yer ald\u0131klar\u0131 gruplar<span class=\"excerpt-hellip\"> [\u2026]<\/span><\/p>\n","protected":false},"featured_media":0,"template":"","meta":{"_monsterinsights_skip_tracking":false,"_monsterinsights_sitenote_active":false,"_monsterinsights_sitenote_note":"","_monsterinsights_sitenote_category":0},"product_brand":[],"product_cat":[12573,12566],"product_tag":[],"class_list":{"0":"post-710479","1":"product","2":"type-product","3":"status-publish","5":"product_cat-akademik-kitaplar","6":"product_cat-egitim","7":"pa_cilt-ciltsiz","8":"pa_tur-kitap","9":"pa_yayinevi-ani-yayincilik","10":"pa_yazar-aydin-balyer","12":"first","13":"instock","14":"sale","15":"shipping-taxable","16":"purchasable","17":"product-type-simple"},"_links":{"self":[{"href":"https:\/\/roveyayinevi.com.tr\/index.php\/wp-json\/wp\/v2\/product\/710479","targetHints":{"allow":["GET"]}}],"collection":[{"href":"https:\/\/roveyayinevi.com.tr\/index.php\/wp-json\/wp\/v2\/product"}],"about":[{"href":"https:\/\/roveyayinevi.com.tr\/index.php\/wp-json\/wp\/v2\/types\/product"}],"wp:attachment":[{"href":"https:\/\/roveyayinevi.com.tr\/index.php\/wp-json\/wp\/v2\/media?parent=710479"}],"wp:term":[{"taxonomy":"product_brand","embeddable":true,"href":"https:\/\/roveyayinevi.com.tr\/index.php\/wp-json\/wp\/v2\/product_brand?post=710479"},{"taxonomy":"product_cat","embeddable":true,"href":"https:\/\/roveyayinevi.com.tr\/index.php\/wp-json\/wp\/v2\/product_cat?post=710479"},{"taxonomy":"product_tag","embeddable":true,"href":"https:\/\/roveyayinevi.com.tr\/index.php\/wp-json\/wp\/v2\/product_tag?post=710479"}],"curies":[{"name":"wp","href":"https:\/\/api.w.org\/{rel}","templated":true}]}}