{"id":710475,"date":"2025-08-27T16:36:30","date_gmt":"2025-08-27T13:36:30","guid":{"rendered":"https:\/\/roveyayinevi.com.tr\/index.php\/urun\/canavar-pesinde-serisi-48-korsan-kral-gomulu-kiyamet-kanca-dis\/"},"modified":"2026-04-13T02:24:27","modified_gmt":"2026-04-12T23:24:27","slug":"canavar-pesinde-serisi-48-korsan-kral-gomulu-kiyamet-kanca-dis","status":"publish","type":"product","link":"https:\/\/roveyayinevi.com.tr\/index.php\/urun\/canavar-pesinde-serisi-48-korsan-kral-gomulu-kiyamet-kanca-dis\/","title":{"rendered":"Canavar Pe\u015finde Serisi 48 &#8211; Korsan Kral (G\u00f6m\u00fcl\u00fc K\u0131yamet Kanca Di\u015f)"},"content":{"rendered":"<p>Yepyeni Canavar Pe\u015finde maceras\u0131na ho\u015f geldiniz: Korsan Kral maceras\u0131n\u0131n bu son kitab\u0131nda heyecan dorukta! Korsan Kral Sanpao, Avantia\u2019n\u0131n ba\u015fkentini yerle bir etmek istiyor! Bunun i\u00e7in de G\u00f6m\u00fcl\u00fc K\u0131yamet Kanca Di\u015f\u2019i g\u00f6nderiyor. Tom canavar\u0131 yok etmek, Varolu\u015f A\u011fac\u0131\u2019n\u0131 bulmak ve Sanpao\u2019yu yenmek zorunda. Yoksa annesini bir daha asla g\u00f6remeyecek. <\/p>\n","protected":false},"excerpt":{"rendered":"<p>Yepyeni Canavar Pe\u015finde maceras\u0131na ho\u015f geldiniz: Korsan Kral maceras\u0131n\u0131n bu son kitab\u0131nda heyecan dorukta! Korsan Kral Sanpao, Avantia\u2019n\u0131n ba\u015fkentini yerle bir etmek istiyor! Bunun i\u00e7in de<span class=\"excerpt-hellip\"> [\u2026]<\/span><\/p>\n","protected":false},"featured_media":0,"template":"","meta":{"_monsterinsights_skip_tracking":false,"_monsterinsights_sitenote_active":false,"_monsterinsights_sitenote_note":"","_monsterinsights_sitenote_category":0},"product_brand":[],"product_cat":[12274,12284],"product_tag":[],"class_list":{"0":"post-710475","1":"product","2":"type-product","3":"status-publish","5":"product_cat-cocuk-ve-genclik-kitaplari","6":"product_cat-hikayeler","7":"pa_cilt-ciltsiz","8":"pa_tur-kitap","9":"pa_yayinevi-beyaz-balina-yayinlari","10":"pa_yazar-adam-blade","12":"first","13":"instock","14":"sale","15":"shipping-taxable","16":"purchasable","17":"product-type-simple"},"_links":{"self":[{"href":"https:\/\/roveyayinevi.com.tr\/index.php\/wp-json\/wp\/v2\/product\/710475","targetHints":{"allow":["GET"]}}],"collection":[{"href":"https:\/\/roveyayinevi.com.tr\/index.php\/wp-json\/wp\/v2\/product"}],"about":[{"href":"https:\/\/roveyayinevi.com.tr\/index.php\/wp-json\/wp\/v2\/types\/product"}],"wp:attachment":[{"href":"https:\/\/roveyayinevi.com.tr\/index.php\/wp-json\/wp\/v2\/media?parent=710475"}],"wp:term":[{"taxonomy":"product_brand","embeddable":true,"href":"https:\/\/roveyayinevi.com.tr\/index.php\/wp-json\/wp\/v2\/product_brand?post=710475"},{"taxonomy":"product_cat","embeddable":true,"href":"https:\/\/roveyayinevi.com.tr\/index.php\/wp-json\/wp\/v2\/product_cat?post=710475"},{"taxonomy":"product_tag","embeddable":true,"href":"https:\/\/roveyayinevi.com.tr\/index.php\/wp-json\/wp\/v2\/product_tag?post=710475"}],"curies":[{"name":"wp","href":"https:\/\/api.w.org\/{rel}","templated":true}]}}