{"id":710472,"date":"2025-08-27T16:36:28","date_gmt":"2025-08-27T13:36:28","guid":{"rendered":"https:\/\/roveyayinevi.com.tr\/index.php\/urun\/hosgoru-uzerine-inceleme\/"},"modified":"2026-04-16T02:19:18","modified_gmt":"2026-04-15T23:19:18","slug":"hosgoru-uzerine-inceleme","status":"publish","type":"product","link":"https:\/\/roveyayinevi.com.tr\/index.php\/urun\/hosgoru-uzerine-inceleme\/","title":{"rendered":"Ho\u015fg\u00f6r\u00fc \u00dczerine \u0130nceleme"},"content":{"rendered":"<p>Sokrates, Yunanlar\u0131n, g\u00f6r\u00fc\u015fleri nedeniyle mahkum edip \u00f6ld\u00fcrtt\u00fc\u011f\u00fc tek ki\u015fidir. Ama bu, ho\u015fg\u00f6r\u00fcs\u00fczl\u00fck anlay\u0131\u015f\u0131n\u0131n zaferi de\u011fildir, \u00e7\u00fcnk\u00fc tanr\u0131y\u0131 y\u00fccelten ki\u015fi cezaland\u0131r\u0131lm\u0131\u015f, tanr\u0131sall\u0131\u011fa yak\u0131\u015fmayan fikirleri savunanlar da onurland\u0131r\u0131lm\u0131\u015ft\u0131r. Ho\u015fg\u00f6r\u00fc d\u00fc\u015fmanlar\u0131, Sokrates\u2019in utan\u00e7 verici yarg\u0131lanmas\u0131 \u00f6rne\u011finden faydalanmay\u0131 da d\u00fc\u015f\u00fcnmemelidirler\u2026 Atinal\u0131lar olup bitenin fark\u0131na vard\u0131klar\u0131nda savc\u0131lara ve yarg\u0131\u00e7lara \u00f6fkelenir; bu karar\u0131n ba\u015f akt\u00f6r\u00fc Melitus, bu adaletsizlikten dolay\u0131 \u00f6l\u00fcme mahkum edilir; di\u011ferleri s\u00fcrg\u00fcn edilir ve Sokrates i\u00e7in bir tap\u0131nak yap\u0131l\u0131r. Felsefe hi\u00e7 b\u00f6ylesine onurland\u0131r\u0131lmam\u0131\u015f ve felsefenin intikam\u0131 b\u00f6ylesine onurlu bir bi\u00e7imde al\u0131nmam\u0131\u015ft\u0131r. Asl\u0131nda, Sokrates \u00f6rne\u011fi, ho\u015fg\u00f6r\u00fcs\u00fczl\u00fc\u011fe kar\u015f\u0131 ileri s\u00fcr\u00fclebilecek en g\u00fc\u00e7l\u00fc savd\u0131r. \u2026ho\u015fg\u00f6r\u00fc asla tek bir i\u00e7 sava\u015fa yol a\u00e7mam\u0131\u015ft\u0131r; ho\u015fg\u00f6r\u00fcs\u00fczl\u00fck ise yery\u00fcz\u00fcn\u00fc kana bulam\u0131\u015ft\u0131r. <\/p>\n","protected":false},"excerpt":{"rendered":"<p>Sokrates, Yunanlar\u0131n, g\u00f6r\u00fc\u015fleri nedeniyle mahkum edip \u00f6ld\u00fcrtt\u00fc\u011f\u00fc tek ki\u015fidir. Ama bu, ho\u015fg\u00f6r\u00fcs\u00fczl\u00fck anlay\u0131\u015f\u0131n\u0131n zaferi de\u011fildir, \u00e7\u00fcnk\u00fc tanr\u0131y\u0131 y\u00fccelten ki\u015fi cezaland\u0131r\u0131lm\u0131\u015f, tanr\u0131sall\u0131\u011fa yak\u0131\u015fmayan fikirleri savunanlar da onurland\u0131r\u0131lm\u0131\u015ft\u0131r.<span class=\"excerpt-hellip\"> [\u2026]<\/span><\/p>\n","protected":false},"featured_media":0,"template":"","meta":{"_monsterinsights_skip_tracking":false,"_monsterinsights_sitenote_active":false,"_monsterinsights_sitenote_note":"","_monsterinsights_sitenote_category":0},"product_brand":[],"product_cat":[15319,12388],"product_tag":[],"class_list":{"0":"post-710472","1":"product","2":"type-product","3":"status-publish","5":"product_cat-etik","6":"product_cat-felsefe","7":"pa_cilt-ciltsiz","8":"pa_tur-kitap","9":"pa_yayinevi-bilgesu-yayincilik","10":"pa_yazar-voltaire","12":"first","13":"instock","14":"sale","15":"shipping-taxable","16":"purchasable","17":"product-type-simple"},"_links":{"self":[{"href":"https:\/\/roveyayinevi.com.tr\/index.php\/wp-json\/wp\/v2\/product\/710472","targetHints":{"allow":["GET"]}}],"collection":[{"href":"https:\/\/roveyayinevi.com.tr\/index.php\/wp-json\/wp\/v2\/product"}],"about":[{"href":"https:\/\/roveyayinevi.com.tr\/index.php\/wp-json\/wp\/v2\/types\/product"}],"wp:attachment":[{"href":"https:\/\/roveyayinevi.com.tr\/index.php\/wp-json\/wp\/v2\/media?parent=710472"}],"wp:term":[{"taxonomy":"product_brand","embeddable":true,"href":"https:\/\/roveyayinevi.com.tr\/index.php\/wp-json\/wp\/v2\/product_brand?post=710472"},{"taxonomy":"product_cat","embeddable":true,"href":"https:\/\/roveyayinevi.com.tr\/index.php\/wp-json\/wp\/v2\/product_cat?post=710472"},{"taxonomy":"product_tag","embeddable":true,"href":"https:\/\/roveyayinevi.com.tr\/index.php\/wp-json\/wp\/v2\/product_tag?post=710472"}],"curies":[{"name":"wp","href":"https:\/\/api.w.org\/{rel}","templated":true}]}}