{"id":710470,"date":"2025-08-27T16:36:27","date_gmt":"2025-08-27T13:36:27","guid":{"rendered":"https:\/\/roveyayinevi.com.tr\/index.php\/urun\/unutmayin-gazilerin-gercegi\/"},"modified":"2026-04-16T02:19:18","modified_gmt":"2026-04-15T23:19:18","slug":"unutmayin-gazilerin-gercegi","status":"publish","type":"product","link":"https:\/\/roveyayinevi.com.tr\/index.php\/urun\/unutmayin-gazilerin-gercegi\/","title":{"rendered":"Unutmay\u0131n (Gazilerin Ger\u00e7e\u011fi)"},"content":{"rendered":"<p>\u201cVatan\u201d denilen kavram&#8230; Asl\u0131nda i\u015fte bu insanlard\u0131r. Bu kitab\u0131 okumak yetmez. Bu kitab\u0131 okutmak, vatan borcudur.   Y\u0131lmaz \u00d6zdil <\/p>\n","protected":false},"excerpt":{"rendered":"<p>\u201cVatan\u201d denilen kavram&#8230; Asl\u0131nda i\u015fte bu insanlard\u0131r. Bu kitab\u0131 okumak yetmez. Bu kitab\u0131 okutmak, vatan borcudur. Y\u0131lmaz \u00d6zdil<\/p>\n","protected":false},"featured_media":0,"template":"","meta":{"_monsterinsights_skip_tracking":false,"_monsterinsights_sitenote_active":false,"_monsterinsights_sitenote_note":"","_monsterinsights_sitenote_category":0},"product_brand":[],"product_cat":[13590,12337],"product_tag":[],"class_list":{"0":"post-710470","1":"product","2":"type-product","3":"status-publish","5":"product_cat-arastirma-inceleme-politika-siyaset","6":"product_cat-politika-siyaset","7":"pa_cilt-ciltsiz","8":"pa_tur-kitap","9":"pa_yayinevi-kirmizi-kedi-yayinevi","10":"pa_yazar-koray-gurbuz","12":"first","13":"instock","14":"sale","15":"shipping-taxable","16":"purchasable","17":"product-type-simple"},"_links":{"self":[{"href":"https:\/\/roveyayinevi.com.tr\/index.php\/wp-json\/wp\/v2\/product\/710470","targetHints":{"allow":["GET"]}}],"collection":[{"href":"https:\/\/roveyayinevi.com.tr\/index.php\/wp-json\/wp\/v2\/product"}],"about":[{"href":"https:\/\/roveyayinevi.com.tr\/index.php\/wp-json\/wp\/v2\/types\/product"}],"wp:attachment":[{"href":"https:\/\/roveyayinevi.com.tr\/index.php\/wp-json\/wp\/v2\/media?parent=710470"}],"wp:term":[{"taxonomy":"product_brand","embeddable":true,"href":"https:\/\/roveyayinevi.com.tr\/index.php\/wp-json\/wp\/v2\/product_brand?post=710470"},{"taxonomy":"product_cat","embeddable":true,"href":"https:\/\/roveyayinevi.com.tr\/index.php\/wp-json\/wp\/v2\/product_cat?post=710470"},{"taxonomy":"product_tag","embeddable":true,"href":"https:\/\/roveyayinevi.com.tr\/index.php\/wp-json\/wp\/v2\/product_tag?post=710470"}],"curies":[{"name":"wp","href":"https:\/\/api.w.org\/{rel}","templated":true}]}}