{"id":710469,"date":"2025-08-27T16:36:27","date_gmt":"2025-08-27T13:36:27","guid":{"rendered":"https:\/\/roveyayinevi.com.tr\/index.php\/urun\/cince-standart-sozluk-cince-turkce-turkce-cince\/"},"modified":"2026-04-16T02:19:18","modified_gmt":"2026-04-15T23:19:18","slug":"cince-standart-sozluk-cince-turkce-turkce-cince","status":"publish","type":"product","link":"https:\/\/roveyayinevi.com.tr\/index.php\/urun\/cince-standart-sozluk-cince-turkce-turkce-cince\/","title":{"rendered":"\u00c7ince Standart S\u00f6zl\u00fck (\u00c7ince-T\u00fcrk\u00e7e &amp; T\u00fcrk\u00e7e-\u00c7ince)"},"content":{"rendered":"<p>Bu S\u00f6zl\u00fckte en \u00e7ok kullan\u0131lan 16.000 s\u00f6zc\u00fck yer almaktad\u0131r. <\/p>\n","protected":false},"excerpt":{"rendered":"<p>Bu S\u00f6zl\u00fckte en \u00e7ok kullan\u0131lan 16.000 s\u00f6zc\u00fck yer almaktad\u0131r.<\/p>\n","protected":false},"featured_media":0,"template":"","meta":{"_monsterinsights_skip_tracking":false,"_monsterinsights_sitenote_active":false,"_monsterinsights_sitenote_note":"","_monsterinsights_sitenote_category":0},"product_brand":[],"product_cat":[35333,14597,12566],"product_tag":[],"class_list":{"0":"post-710469","1":"product","2":"type-product","3":"status-publish","5":"product_cat-cince","6":"product_cat-dil-ogrenimi","7":"product_cat-egitim","8":"pa_cilt-ciltsiz","9":"pa_tur-kitap","10":"pa_yayinevi-engin-yayinevi","11":"pa_yazar-bulent-olcay-sukru-aktas","13":"first","14":"instock","15":"sale","16":"shipping-taxable","17":"purchasable","18":"product-type-simple"},"_links":{"self":[{"href":"https:\/\/roveyayinevi.com.tr\/index.php\/wp-json\/wp\/v2\/product\/710469","targetHints":{"allow":["GET"]}}],"collection":[{"href":"https:\/\/roveyayinevi.com.tr\/index.php\/wp-json\/wp\/v2\/product"}],"about":[{"href":"https:\/\/roveyayinevi.com.tr\/index.php\/wp-json\/wp\/v2\/types\/product"}],"wp:attachment":[{"href":"https:\/\/roveyayinevi.com.tr\/index.php\/wp-json\/wp\/v2\/media?parent=710469"}],"wp:term":[{"taxonomy":"product_brand","embeddable":true,"href":"https:\/\/roveyayinevi.com.tr\/index.php\/wp-json\/wp\/v2\/product_brand?post=710469"},{"taxonomy":"product_cat","embeddable":true,"href":"https:\/\/roveyayinevi.com.tr\/index.php\/wp-json\/wp\/v2\/product_cat?post=710469"},{"taxonomy":"product_tag","embeddable":true,"href":"https:\/\/roveyayinevi.com.tr\/index.php\/wp-json\/wp\/v2\/product_tag?post=710469"}],"curies":[{"name":"wp","href":"https:\/\/api.w.org\/{rel}","templated":true}]}}