{"id":710468,"date":"2025-08-27T16:36:26","date_gmt":"2025-08-27T13:36:26","guid":{"rendered":"https:\/\/roveyayinevi.com.tr\/index.php\/urun\/bulutlara-siir-yazan-cocuk\/"},"modified":"2026-04-08T02:25:06","modified_gmt":"2026-04-07T23:25:06","slug":"bulutlara-siir-yazan-cocuk","status":"publish","type":"product","link":"https:\/\/roveyayinevi.com.tr\/index.php\/urun\/bulutlara-siir-yazan-cocuk\/","title":{"rendered":"Bulutlara \u015eiir Yazan \u00c7ocuk"},"content":{"rendered":"<p>Her \u00e7ocuk bulutlar kadar yarat\u0131c\u0131d\u0131r! \u00c7ok sevilen mizah ustas\u0131, yazar Behi\u00e7 Ak&#8217;\u0131n \u00e7ocuk romanlar\u0131 koleksiyonu alt\u0131ya ula\u015ft\u0131.Ya\u015fas\u0131n \u00c7 Harfi Karde\u015fli\u011fi! ile ba\u015flayan,Postayla Gelen Deniz Kabu\u011fu, Eve Giden K\u00fc\u00e7\u00fck Tren, Bebek Annem ve\u00c7at\u0131daki Gezegen&#8217;le geni\u015fleyen koleksiyon, Bulutlara \u015eiir Yazan \u00c7ocuk&#8217;la ta\u00e7land\u0131. &#8220;Tektip \u00e7ocuk&#8221; tehlikesine birbirinden farkl\u0131 ve \u00f6zg\u00fcn \u00e7ocuk karakterler yaratarak kar\u015f\u0131 duran sanat\u00e7\u0131, modern d\u00fcnyan\u0131n ve sosyal medyan\u0131n tekd\u00fczeli\u011fini, s\u0131k\u0131c\u0131l\u0131\u011f\u0131n\u0131 mavi bulutlarla da\u011f\u0131t\u0131yor. \u0130\u00e7inden \u015fiirlerin, masallar\u0131n ve hayallerin ge\u00e7ti\u011fi roman, desenleriyle de okumay\u0131 keyfe d\u00f6n\u00fc\u015ft\u00fcr\u00fcyor. Sevgican, bulutlarla ha\u015f\u0131r ne\u015fir, ya\u011fmur alt\u0131nda \u0131slanmay\u0131 seven, biraz i\u00e7ekapan\u0131k bir \u00e7ocuktur. Ne Batu kadar zeki, ne de Erol kadar yarat\u0131c\u0131 oldu\u011funu d\u00fc\u015f\u00fcn\u00fcr&#8230; Art\u0131k kimse mektup yazmad\u0131\u011f\u0131 i\u00e7in, \u00e7antas\u0131nda sadece \u00f6teberi ta\u015f\u0131yan postac\u0131, Sevgican&#8217;\u0131n akl\u0131na harika bir fikir getirir! Ama ba\u015fkas\u0131 bunu \u00e7oktan ak\u0131l etmi\u015ftir bile. Can\u0131 s\u0131k\u0131lan Sevgican, \u015fiirler yaz\u0131p sosyal medyada payla\u015fmaya ba\u015flar. \u015eiirleri, arkada\u015flar\u0131n\u0131 oldu\u011fu kadar ailesini de etkileyecek kadar ilgi g\u00f6r\u00fcr&#8230; <\/p>\n","protected":false},"excerpt":{"rendered":"<p>Her \u00e7ocuk bulutlar kadar yarat\u0131c\u0131d\u0131r! \u00c7ok sevilen mizah ustas\u0131, yazar Behi\u00e7 Ak&#8217;\u0131n \u00e7ocuk romanlar\u0131 koleksiyonu alt\u0131ya ula\u015ft\u0131.Ya\u015fas\u0131n \u00c7 Harfi Karde\u015fli\u011fi! ile ba\u015flayan,Postayla Gelen Deniz Kabu\u011fu, Eve<span class=\"excerpt-hellip\"> [\u2026]<\/span><\/p>\n","protected":false},"featured_media":0,"template":"","meta":{"_monsterinsights_skip_tracking":false,"_monsterinsights_sitenote_active":false,"_monsterinsights_sitenote_note":"","_monsterinsights_sitenote_category":0},"product_brand":[],"product_cat":[12274,12284],"product_tag":[],"class_list":{"0":"post-710468","1":"product","2":"type-product","3":"status-publish","5":"product_cat-cocuk-ve-genclik-kitaplari","6":"product_cat-hikayeler","7":"pa_cilt-ciltsiz","8":"pa_tur-kitap","9":"pa_yayinevi-gunisigi-kitapligi","10":"pa_yazar-behic-ak","12":"first","13":"instock","14":"sale","15":"shipping-taxable","16":"purchasable","17":"product-type-simple"},"_links":{"self":[{"href":"https:\/\/roveyayinevi.com.tr\/index.php\/wp-json\/wp\/v2\/product\/710468","targetHints":{"allow":["GET"]}}],"collection":[{"href":"https:\/\/roveyayinevi.com.tr\/index.php\/wp-json\/wp\/v2\/product"}],"about":[{"href":"https:\/\/roveyayinevi.com.tr\/index.php\/wp-json\/wp\/v2\/types\/product"}],"wp:attachment":[{"href":"https:\/\/roveyayinevi.com.tr\/index.php\/wp-json\/wp\/v2\/media?parent=710468"}],"wp:term":[{"taxonomy":"product_brand","embeddable":true,"href":"https:\/\/roveyayinevi.com.tr\/index.php\/wp-json\/wp\/v2\/product_brand?post=710468"},{"taxonomy":"product_cat","embeddable":true,"href":"https:\/\/roveyayinevi.com.tr\/index.php\/wp-json\/wp\/v2\/product_cat?post=710468"},{"taxonomy":"product_tag","embeddable":true,"href":"https:\/\/roveyayinevi.com.tr\/index.php\/wp-json\/wp\/v2\/product_tag?post=710468"}],"curies":[{"name":"wp","href":"https:\/\/api.w.org\/{rel}","templated":true}]}}