{"id":710466,"date":"2025-08-27T16:36:25","date_gmt":"2025-08-27T13:36:25","guid":{"rendered":"https:\/\/roveyayinevi.com.tr\/index.php\/urun\/altin-kus\/"},"modified":"2026-04-16T02:19:18","modified_gmt":"2026-04-15T23:19:18","slug":"altin-kus","status":"publish","type":"product","link":"https:\/\/roveyayinevi.com.tr\/index.php\/urun\/altin-kus\/","title":{"rendered":"Alt\u0131n Ku\u015f"},"content":{"rendered":"<p>\u0130yilerin Kazand\u0131\u011f\u0131 Bir D\u00fcnya \u0130\u00e7in\u2026 Masallar\u0131yla d\u00fcnyada kim bilir ka\u00e7 ku\u015fa\u011f\u0131n b\u00fcy\u00fcd\u00fc\u011f\u00fc, 19. y\u00fczy\u0131ldan bug\u00fcne \u00e7ocuklar \u00e2leminde kendilerine \u00f6zel bir yer bulan Grimm Karde\u015fler\u2019den bir masal: Alt\u0131n Ku\u015f&#8230; Yap\u0131 Kredi Yay\u0131nlar\u0131 resimli \u201cKlasik D\u00fcnya Masallar\u0131\u201d dizisini s\u00fcrd\u00fcr\u00fcyor. Bu diziden daha \u00f6nce Grimm Karde\u015fler\u2019den, hepsini K\u00e2muran \u015eipal\u2019in \u00e7evirdi\u011fi Kurt ile Yedi Ke\u00e7i Yavrusu (Resimleyen: Ay\u015f\u0131n Deliba\u015f Ero\u011flu), Rapunzel (Resimleyen: Se\u00e7il \u00c7okan), Bremen M\u0131z\u0131kac\u0131lar\u0131 (Resimleyen: Se\u00e7il \u00c7okan), K\u00fclkedisi (Resimleyen: Elif Yemenici) \u00e7\u0131km\u0131\u015ft\u0131. Alt\u0131n Ku\u015f da Mert Tugen\u2019in resimleriyle okurlar\u0131yla bulu\u015fuyor. <\/p>\n","protected":false},"excerpt":{"rendered":"<p>\u0130yilerin Kazand\u0131\u011f\u0131 Bir D\u00fcnya \u0130\u00e7in\u2026 Masallar\u0131yla d\u00fcnyada kim bilir ka\u00e7 ku\u015fa\u011f\u0131n b\u00fcy\u00fcd\u00fc\u011f\u00fc, 19. y\u00fczy\u0131ldan bug\u00fcne \u00e7ocuklar \u00e2leminde kendilerine \u00f6zel bir yer bulan Grimm Karde\u015fler\u2019den bir masal:<span class=\"excerpt-hellip\"> [\u2026]<\/span><\/p>\n","protected":false},"featured_media":0,"template":"","meta":{"_monsterinsights_skip_tracking":false,"_monsterinsights_sitenote_active":false,"_monsterinsights_sitenote_note":"","_monsterinsights_sitenote_category":0},"product_brand":[],"product_cat":[12274,12284],"product_tag":[],"class_list":{"0":"post-710466","1":"product","2":"type-product","3":"status-publish","5":"product_cat-cocuk-ve-genclik-kitaplari","6":"product_cat-hikayeler","7":"pa_cilt-ciltsiz","8":"pa_tur-kitap","9":"pa_yayinevi-yapi-kredi-yayinlari","10":"pa_yazar-grimm-kardesler","12":"first","13":"instock","14":"sale","15":"shipping-taxable","16":"purchasable","17":"product-type-simple"},"_links":{"self":[{"href":"https:\/\/roveyayinevi.com.tr\/index.php\/wp-json\/wp\/v2\/product\/710466","targetHints":{"allow":["GET"]}}],"collection":[{"href":"https:\/\/roveyayinevi.com.tr\/index.php\/wp-json\/wp\/v2\/product"}],"about":[{"href":"https:\/\/roveyayinevi.com.tr\/index.php\/wp-json\/wp\/v2\/types\/product"}],"wp:attachment":[{"href":"https:\/\/roveyayinevi.com.tr\/index.php\/wp-json\/wp\/v2\/media?parent=710466"}],"wp:term":[{"taxonomy":"product_brand","embeddable":true,"href":"https:\/\/roveyayinevi.com.tr\/index.php\/wp-json\/wp\/v2\/product_brand?post=710466"},{"taxonomy":"product_cat","embeddable":true,"href":"https:\/\/roveyayinevi.com.tr\/index.php\/wp-json\/wp\/v2\/product_cat?post=710466"},{"taxonomy":"product_tag","embeddable":true,"href":"https:\/\/roveyayinevi.com.tr\/index.php\/wp-json\/wp\/v2\/product_tag?post=710466"}],"curies":[{"name":"wp","href":"https:\/\/api.w.org\/{rel}","templated":true}]}}