{"id":710464,"date":"2025-08-27T16:36:24","date_gmt":"2025-08-27T13:36:24","guid":{"rendered":"https:\/\/roveyayinevi.com.tr\/index.php\/urun\/sicak-barisin-soguk-orgutu-yeni-nato-yeni-tehditler-konseptler-arayislar-donusum-ve-alan-disi-operasyonlar\/"},"modified":"2026-04-16T02:19:18","modified_gmt":"2026-04-15T23:19:18","slug":"sicak-barisin-soguk-orgutu-yeni-nato-yeni-tehditler-konseptler-arayislar-donusum-ve-alan-disi-operasyonlar","status":"publish","type":"product","link":"https:\/\/roveyayinevi.com.tr\/index.php\/urun\/sicak-barisin-soguk-orgutu-yeni-nato-yeni-tehditler-konseptler-arayislar-donusum-ve-alan-disi-operasyonlar\/","title":{"rendered":"S\u0131cak Bar\u0131\u015f&#8217;\u0131n So\u011fuk \u00d6rg\u00fct\u00fc &#8211; Yeni Nato (Yeni Tehditler, Konseptler, Aray\u0131\u015flar, D\u00f6n\u00fc\u015f\u00fcm ve Alan D\u0131\u015f\u0131 Operasyonlar)"},"content":{"rendered":"<p>S\u0131cak Bar\u0131\u015f&#8217;\u0131n So\u011fuk \u00d6rg\u00fct\u00fc: Yeni Nato \u00c7ok kutuplu bir d\u00fcnyaya ge\u00e7i\u015f s\u00fcrecinde, ABD hegemonyas\u0131n\u0131n kolektif g\u00fcc\u00fc konumunda bulunan NATO, So\u011fuk Sava\u015f sonras\u0131n\u0131n en b\u00fcy\u00fck silahl\u0131 g\u00fcc\u00fc olarak uluslararas\u0131 sistemin yeniden in\u015fas\u0131 s\u00fcrecinde aktif rol oynamaya devam ediyor. Varl\u0131k nedeninin ortadan kalkmas\u0131yla birlikte uzunca bir s\u00fcre &#8220;kimlik, me\u015fruiyet, misyon&#8221; sorunu ya\u015fayan ve bu kapsamda kendisine yeni tehditler, rol ve misyon aray\u0131\u015flar\u0131na giren \u00d6rg\u00fct, bug\u00fcn i\u00e7in gelinen a\u015famada bu sorunu \u00f6nemli\u015f \u00f6l\u00e7\u00fcde a\u015fm\u0131\u015fa benziyor. \u0130ttifak, art\u0131k a\u00e7\u0131ktan hem \u00f6nemli bir m\u00fcdahale arac\u0131 hem de me\u015frula\u015ft\u0131r\u0131c\u0131 bir k\u0131l\u0131f\u0131 olarak \u00f6n plana \u00e7\u0131k\u0131yor. <\/p>\n","protected":false},"excerpt":{"rendered":"<p>S\u0131cak Bar\u0131\u015f&#8217;\u0131n So\u011fuk \u00d6rg\u00fct\u00fc: Yeni Nato \u00c7ok kutuplu bir d\u00fcnyaya ge\u00e7i\u015f s\u00fcrecinde, ABD hegemonyas\u0131n\u0131n kolektif g\u00fcc\u00fc konumunda bulunan NATO, So\u011fuk Sava\u015f sonras\u0131n\u0131n en b\u00fcy\u00fck silahl\u0131 g\u00fcc\u00fc<span class=\"excerpt-hellip\"> [\u2026]<\/span><\/p>\n","protected":false},"featured_media":0,"template":"","meta":{"_monsterinsights_skip_tracking":false,"_monsterinsights_sitenote_active":false,"_monsterinsights_sitenote_note":"","_monsterinsights_sitenote_category":0},"product_brand":[],"product_cat":[12312,12304],"product_tag":[],"class_list":{"0":"post-710464","1":"product","2":"type-product","3":"status-publish","5":"product_cat-diger","6":"product_cat-tarih","7":"pa_cilt-ciltsiz","8":"pa_tur-kitap","9":"pa_yayinevi-baris-kitap","10":"pa_yazar-mehmet-seyfettin-erol","12":"first","13":"instock","14":"sale","15":"shipping-taxable","16":"purchasable","17":"product-type-simple"},"_links":{"self":[{"href":"https:\/\/roveyayinevi.com.tr\/index.php\/wp-json\/wp\/v2\/product\/710464","targetHints":{"allow":["GET"]}}],"collection":[{"href":"https:\/\/roveyayinevi.com.tr\/index.php\/wp-json\/wp\/v2\/product"}],"about":[{"href":"https:\/\/roveyayinevi.com.tr\/index.php\/wp-json\/wp\/v2\/types\/product"}],"wp:attachment":[{"href":"https:\/\/roveyayinevi.com.tr\/index.php\/wp-json\/wp\/v2\/media?parent=710464"}],"wp:term":[{"taxonomy":"product_brand","embeddable":true,"href":"https:\/\/roveyayinevi.com.tr\/index.php\/wp-json\/wp\/v2\/product_brand?post=710464"},{"taxonomy":"product_cat","embeddable":true,"href":"https:\/\/roveyayinevi.com.tr\/index.php\/wp-json\/wp\/v2\/product_cat?post=710464"},{"taxonomy":"product_tag","embeddable":true,"href":"https:\/\/roveyayinevi.com.tr\/index.php\/wp-json\/wp\/v2\/product_tag?post=710464"}],"curies":[{"name":"wp","href":"https:\/\/api.w.org\/{rel}","templated":true}]}}