{"id":710460,"date":"2025-08-27T16:36:22","date_gmt":"2025-08-27T13:36:22","guid":{"rendered":"https:\/\/roveyayinevi.com.tr\/index.php\/urun\/ahmed-rasim-ahmed-refik\/"},"modified":"2026-04-16T02:19:18","modified_gmt":"2026-04-15T23:19:18","slug":"ahmed-rasim-ahmed-refik","status":"publish","type":"product","link":"https:\/\/roveyayinevi.com.tr\/index.php\/urun\/ahmed-rasim-ahmed-refik\/","title":{"rendered":"Ahmed Rasim &#8211; Ahmed Refik"},"content":{"rendered":"<p>Re\u015fad Ekrem\u2019in dilinde tarih ger\u00e7ek hayattan daha canl\u0131, daha g\u00fczel, daha b\u00fcy\u00fcl\u00fc\u2026 Ko\u00e7u, Ahmed Rasim\u2019i ve Ahmed Refik Alt\u0131nay\u2019\u0131 anlat\u0131yor: \u201cAhmed Rasim\u2019in yaz\u0131lar\u0131nda, bilhassa \u0130stanbul, sokaklar\u0131, evleri, abide ve umumi m\u00fcesseseleri, meyhane ve batakhaneleri, mesire yerleri, vapurlar\u0131 ve kay\u0131klar\u0131, tramvay ve arabalar\u0131, bir kelimede toplar isek manzara ve insanlar\u0131 ile sesli ve renkli bir film halinde akmaktad\u0131r.\u201d \u201cAhmed Refik, haz\u0131rlanm\u0131\u015f malzeme \u00fczerinde geni\u015f ve derin bir g\u00f6r\u00fc\u015f ve terkip yapan bir m\u00fcverrih olamad\u0131. Fakat, Allah\u2019\u0131n ona bir vergisi olan g\u00fczel bir dil, hassas bir y\u00fcrek, ve cevval bir zek\u00e2 ile, vakan\u00fcvislikten ileri gidememi\u015f olan devrinin tarih\u00e7ili\u011fine yeni, heyecanl\u0131, taze bir hava getirdi.\u201d <\/p>\n","protected":false},"excerpt":{"rendered":"<p>Re\u015fad Ekrem\u2019in dilinde tarih ger\u00e7ek hayattan daha canl\u0131, daha g\u00fczel, daha b\u00fcy\u00fcl\u00fc\u2026 Ko\u00e7u, Ahmed Rasim\u2019i ve Ahmed Refik Alt\u0131nay\u2019\u0131 anlat\u0131yor: \u201cAhmed Rasim\u2019in yaz\u0131lar\u0131nda, bilhassa \u0130stanbul, sokaklar\u0131,<span class=\"excerpt-hellip\"> [\u2026]<\/span><\/p>\n","protected":false},"featured_media":0,"template":"","meta":{"_monsterinsights_skip_tracking":false,"_monsterinsights_sitenote_active":false,"_monsterinsights_sitenote_note":"","_monsterinsights_sitenote_category":0},"product_brand":[],"product_cat":[13590,12337],"product_tag":[],"class_list":{"0":"post-710460","1":"product","2":"type-product","3":"status-publish","5":"product_cat-arastirma-inceleme-politika-siyaset","6":"product_cat-politika-siyaset","7":"pa_cilt-ciltsiz","8":"pa_tur-kitap","9":"pa_yayinevi-dogan-kitap","10":"pa_yazar-resad-ekrem-kocu","12":"first","13":"instock","14":"sale","15":"shipping-taxable","16":"purchasable","17":"product-type-simple"},"_links":{"self":[{"href":"https:\/\/roveyayinevi.com.tr\/index.php\/wp-json\/wp\/v2\/product\/710460","targetHints":{"allow":["GET"]}}],"collection":[{"href":"https:\/\/roveyayinevi.com.tr\/index.php\/wp-json\/wp\/v2\/product"}],"about":[{"href":"https:\/\/roveyayinevi.com.tr\/index.php\/wp-json\/wp\/v2\/types\/product"}],"wp:attachment":[{"href":"https:\/\/roveyayinevi.com.tr\/index.php\/wp-json\/wp\/v2\/media?parent=710460"}],"wp:term":[{"taxonomy":"product_brand","embeddable":true,"href":"https:\/\/roveyayinevi.com.tr\/index.php\/wp-json\/wp\/v2\/product_brand?post=710460"},{"taxonomy":"product_cat","embeddable":true,"href":"https:\/\/roveyayinevi.com.tr\/index.php\/wp-json\/wp\/v2\/product_cat?post=710460"},{"taxonomy":"product_tag","embeddable":true,"href":"https:\/\/roveyayinevi.com.tr\/index.php\/wp-json\/wp\/v2\/product_tag?post=710460"}],"curies":[{"name":"wp","href":"https:\/\/api.w.org\/{rel}","templated":true}]}}