{"id":710457,"date":"2025-08-27T16:36:20","date_gmt":"2025-08-27T13:36:20","guid":{"rendered":"https:\/\/roveyayinevi.com.tr\/index.php\/urun\/ezber-bozan-hatice-teyze\/"},"modified":"2025-11-22T04:19:22","modified_gmt":"2025-11-22T01:19:22","slug":"ezber-bozan-hatice-teyze","status":"publish","type":"product","link":"https:\/\/roveyayinevi.com.tr\/index.php\/urun\/ezber-bozan-hatice-teyze\/","title":{"rendered":"Ezber Bozan Hatice Teyze"},"content":{"rendered":"<p>Hatice Teyzem kimselere benzemez! Kendisi annemin en yak\u0131n arkada\u015f\u0131d\u0131r. Ailece onu \u00e7ok sever, onun bize gelmesini d\u00f6rt g\u00f6zle bekleriz. Neden mi? \u00c7\u00fcnk\u00fc Hatice Teyzem ne zaman kap\u0131dan i\u00e7eri girse yer yerinden oynar! Merak eden, sorgulayan ve s\u00fcrekli do\u011frular\u0131n pe\u015finden ko\u015fmaktan asla yorulmayan biridir o. Soru sormakta da ustad\u0131r, yan\u0131tlar\u0131 bizlere buldurmakta da. Onunla her konu\u015fma ke\u015fifler, kahkahalar ve \u00e7\u0131\u011fl\u0131klar e\u015fli\u011finde ger\u00e7ekle\u015fir. <\/p>\n","protected":false},"excerpt":{"rendered":"<p>Hatice Teyzem kimselere benzemez! Kendisi annemin en yak\u0131n arkada\u015f\u0131d\u0131r. Ailece onu \u00e7ok sever, onun bize gelmesini d\u00f6rt g\u00f6zle bekleriz. Neden mi? \u00c7\u00fcnk\u00fc Hatice Teyzem ne zaman<span class=\"excerpt-hellip\"> [\u2026]<\/span><\/p>\n","protected":false},"featured_media":0,"template":"","meta":{"_monsterinsights_skip_tracking":false,"_monsterinsights_sitenote_active":false,"_monsterinsights_sitenote_note":"","_monsterinsights_sitenote_category":0},"product_brand":[],"product_cat":[12274,12284],"product_tag":[],"class_list":{"0":"post-710457","1":"product","2":"type-product","3":"status-publish","5":"product_cat-cocuk-ve-genclik-kitaplari","6":"product_cat-hikayeler","7":"pa_cilt-ciltsiz","8":"pa_tur-kitap","9":"pa_yayinevi-dogan-egmont-yayincilik","10":"pa_yazar-feyza-hepcilingirler","12":"first","13":"instock","14":"sale","15":"shipping-taxable","16":"purchasable","17":"product-type-simple"},"_links":{"self":[{"href":"https:\/\/roveyayinevi.com.tr\/index.php\/wp-json\/wp\/v2\/product\/710457","targetHints":{"allow":["GET"]}}],"collection":[{"href":"https:\/\/roveyayinevi.com.tr\/index.php\/wp-json\/wp\/v2\/product"}],"about":[{"href":"https:\/\/roveyayinevi.com.tr\/index.php\/wp-json\/wp\/v2\/types\/product"}],"wp:attachment":[{"href":"https:\/\/roveyayinevi.com.tr\/index.php\/wp-json\/wp\/v2\/media?parent=710457"}],"wp:term":[{"taxonomy":"product_brand","embeddable":true,"href":"https:\/\/roveyayinevi.com.tr\/index.php\/wp-json\/wp\/v2\/product_brand?post=710457"},{"taxonomy":"product_cat","embeddable":true,"href":"https:\/\/roveyayinevi.com.tr\/index.php\/wp-json\/wp\/v2\/product_cat?post=710457"},{"taxonomy":"product_tag","embeddable":true,"href":"https:\/\/roveyayinevi.com.tr\/index.php\/wp-json\/wp\/v2\/product_tag?post=710457"}],"curies":[{"name":"wp","href":"https:\/\/api.w.org\/{rel}","templated":true}]}}