{"id":710441,"date":"2025-08-27T16:36:10","date_gmt":"2025-08-27T13:36:10","guid":{"rendered":"https:\/\/roveyayinevi.com.tr\/index.php\/urun\/yeni-bir-hayat-kurmak-kadinlar-anlatiyor-babalikevlilik-ve-bosanma\/"},"modified":"2026-04-16T02:19:17","modified_gmt":"2026-04-15T23:19:17","slug":"yeni-bir-hayat-kurmak-kadinlar-anlatiyor-babalikevlilik-ve-bosanma","status":"publish","type":"product","link":"https:\/\/roveyayinevi.com.tr\/index.php\/urun\/yeni-bir-hayat-kurmak-kadinlar-anlatiyor-babalikevlilik-ve-bosanma\/","title":{"rendered":"Yeni Bir Hayat Kurmak (Kad\u0131nlar Anlat\u0131yor &#8211; Babal\u0131k,Evlilik ve Bo\u015fanma)"},"content":{"rendered":"<p>Mutsuz, sorunlu, y\u00fcr\u00fct\u00fclemeyen evliliklerin vard\u0131\u011f\u0131 nokta: Bo\u015fanma. Ancak T\u00fcrkiye toplumunda bo\u015fanmaya, \u00f6zellikle de bo\u015fanan kad\u0131na pek s\u0131cak bak\u0131lmad\u0131\u011f\u0131 da a\u015fik\u00e2r. \u201cBabal\u0131k\u201d kurumunun ve \u201cerkeklik\u201d hallerinin adeta soluk ald\u0131rmayan bunalt\u0131c\u0131l\u0131\u011f\u0131, toplumsal bask\u0131lar ve \u00e7evrenin bo\u015fanan kad\u0131n\u0131 daima \u015f\u00fcpheyle, yaftalayarak ya da kendi ayaklar\u0131 \u00fczerinde duramayaca\u011f\u0131 d\u00fc\u015f\u00fcncesiyle ac\u0131yarak de\u011ferlendirmesi bunun nedenlerinden. <\/p>\n","protected":false},"excerpt":{"rendered":"<p>Mutsuz, sorunlu, y\u00fcr\u00fct\u00fclemeyen evliliklerin vard\u0131\u011f\u0131 nokta: Bo\u015fanma. Ancak T\u00fcrkiye toplumunda bo\u015fanmaya, \u00f6zellikle de bo\u015fanan kad\u0131na pek s\u0131cak bak\u0131lmad\u0131\u011f\u0131 da a\u015fik\u00e2r. \u201cBabal\u0131k\u201d kurumunun ve \u201cerkeklik\u201d hallerinin adeta<span class=\"excerpt-hellip\"> [\u2026]<\/span><\/p>\n","protected":false},"featured_media":0,"template":"","meta":{"_monsterinsights_skip_tracking":false,"_monsterinsights_sitenote_active":false,"_monsterinsights_sitenote_note":"","_monsterinsights_sitenote_category":0},"product_brand":[],"product_cat":[13590,12337],"product_tag":[],"class_list":{"0":"post-710441","1":"product","2":"type-product","3":"status-publish","5":"product_cat-arastirma-inceleme-politika-siyaset","6":"product_cat-politika-siyaset","7":"pa_cilt-ciltsiz","8":"pa_tur-kitap","9":"pa_yayinevi-iletisim-yayinlari","10":"pa_yazar-m-esra-yildirim","12":"first","13":"instock","14":"sale","15":"shipping-taxable","16":"purchasable","17":"product-type-simple"},"_links":{"self":[{"href":"https:\/\/roveyayinevi.com.tr\/index.php\/wp-json\/wp\/v2\/product\/710441","targetHints":{"allow":["GET"]}}],"collection":[{"href":"https:\/\/roveyayinevi.com.tr\/index.php\/wp-json\/wp\/v2\/product"}],"about":[{"href":"https:\/\/roveyayinevi.com.tr\/index.php\/wp-json\/wp\/v2\/types\/product"}],"wp:attachment":[{"href":"https:\/\/roveyayinevi.com.tr\/index.php\/wp-json\/wp\/v2\/media?parent=710441"}],"wp:term":[{"taxonomy":"product_brand","embeddable":true,"href":"https:\/\/roveyayinevi.com.tr\/index.php\/wp-json\/wp\/v2\/product_brand?post=710441"},{"taxonomy":"product_cat","embeddable":true,"href":"https:\/\/roveyayinevi.com.tr\/index.php\/wp-json\/wp\/v2\/product_cat?post=710441"},{"taxonomy":"product_tag","embeddable":true,"href":"https:\/\/roveyayinevi.com.tr\/index.php\/wp-json\/wp\/v2\/product_tag?post=710441"}],"curies":[{"name":"wp","href":"https:\/\/api.w.org\/{rel}","templated":true}]}}