{"id":710440,"date":"2025-08-27T16:36:10","date_gmt":"2025-08-27T13:36:10","guid":{"rendered":"https:\/\/roveyayinevi.com.tr\/index.php\/urun\/aleviligin-dogusu-kizilbas-sufiliginin-toplumsal-ve-siyasal-temelleri-1300-1501\/"},"modified":"2026-04-16T02:19:17","modified_gmt":"2026-04-15T23:19:17","slug":"aleviligin-dogusu-kizilbas-sufiliginin-toplumsal-ve-siyasal-temelleri-1300-1501","status":"publish","type":"product","link":"https:\/\/roveyayinevi.com.tr\/index.php\/urun\/aleviligin-dogusu-kizilbas-sufiliginin-toplumsal-ve-siyasal-temelleri-1300-1501\/","title":{"rendered":"Alevili\u011fin Do\u011fu\u015fu &#8211; K\u0131z\u0131lba\u015f Sufili\u011finin Toplumsal ve Siyasal Temelleri (1300-1501)"},"content":{"rendered":"<p>\u201cBu \u00e7al\u0131\u015fma K\u0131z\u0131lba\u015f-Alevi dindarl\u0131\u011f\u0131n\u0131n \u2018neleri\u2019 de\u011fil \u2018nas\u0131llar\u0131\u2019 ile ilgilenmektedir. K\u0131z\u0131lba\u015f sufili\u011finin olu\u015fum s\u00fcrecini \u00e7evreleyen toplumsal ve siyasal muhiti incelemek suretiyle, onun yaratt\u0131\u011f\u0131 dindarl\u0131k bi\u00e7iminin ideolojik, itikadi ve ameli kal\u0131plar\u0131n\u0131n arka plan referanslar\u0131n\u0131 ortaya \u00e7\u0131karmay\u0131 denedim. Esasen kendi i\u00e7 gelene\u011finde Muhammed Ali Yolu olarak adland\u0131r\u0131lan K\u0131z\u0131lba\u015f-Alevi dindarl\u0131\u011f\u0131n\u0131n inan\u00e7 ve rit\u00fcel boyutlar\u0131n\u0131 anlayabilmek i\u00e7in \u00f6ncelikle bu \u2018bilin\u00e7alt\u0131 yap\u0131lar\u0131\u2019n\u0131 olu\u015fturan arka plan\u0131n belirlenmesi gerekiyordu.\u201d \ufffcTan\u0131t\u0131m Metni<\/p>\n","protected":false},"excerpt":{"rendered":"<p>\u201cBu \u00e7al\u0131\u015fma K\u0131z\u0131lba\u015f-Alevi dindarl\u0131\u011f\u0131n\u0131n \u2018neleri\u2019 de\u011fil \u2018nas\u0131llar\u0131\u2019 ile ilgilenmektedir. K\u0131z\u0131lba\u015f sufili\u011finin olu\u015fum s\u00fcrecini \u00e7evreleyen toplumsal ve siyasal muhiti incelemek suretiyle, onun yaratt\u0131\u011f\u0131 dindarl\u0131k bi\u00e7iminin ideolojik, itikadi<span class=\"excerpt-hellip\"> [\u2026]<\/span><\/p>\n","protected":false},"featured_media":0,"template":"","meta":{"_monsterinsights_skip_tracking":false,"_monsterinsights_sitenote_active":false,"_monsterinsights_sitenote_note":"","_monsterinsights_sitenote_category":0},"product_brand":[],"product_cat":[13575,12718,12719],"product_tag":[],"class_list":{"0":"post-710440","1":"product","2":"type-product","3":"status-publish","5":"product_cat-alevilik-bektasilik","6":"product_cat-din","7":"product_cat-islam","8":"pa_cilt-ciltsiz","9":"pa_tur-kitap","10":"pa_yayinevi-iletisim-yayinlari","11":"pa_yazar-riza-yildirim","13":"first","14":"instock","15":"sale","16":"shipping-taxable","17":"purchasable","18":"product-type-simple"},"_links":{"self":[{"href":"https:\/\/roveyayinevi.com.tr\/index.php\/wp-json\/wp\/v2\/product\/710440","targetHints":{"allow":["GET"]}}],"collection":[{"href":"https:\/\/roveyayinevi.com.tr\/index.php\/wp-json\/wp\/v2\/product"}],"about":[{"href":"https:\/\/roveyayinevi.com.tr\/index.php\/wp-json\/wp\/v2\/types\/product"}],"wp:attachment":[{"href":"https:\/\/roveyayinevi.com.tr\/index.php\/wp-json\/wp\/v2\/media?parent=710440"}],"wp:term":[{"taxonomy":"product_brand","embeddable":true,"href":"https:\/\/roveyayinevi.com.tr\/index.php\/wp-json\/wp\/v2\/product_brand?post=710440"},{"taxonomy":"product_cat","embeddable":true,"href":"https:\/\/roveyayinevi.com.tr\/index.php\/wp-json\/wp\/v2\/product_cat?post=710440"},{"taxonomy":"product_tag","embeddable":true,"href":"https:\/\/roveyayinevi.com.tr\/index.php\/wp-json\/wp\/v2\/product_tag?post=710440"}],"curies":[{"name":"wp","href":"https:\/\/api.w.org\/{rel}","templated":true}]}}